{"id":991,"date":"2015-07-11T14:30:07","date_gmt":"2015-07-11T12:30:07","guid":{"rendered":"http:\/\/www.trautweingmbh.de\/cms\/?page_id=991"},"modified":"2021-12-25T07:37:17","modified_gmt":"2021-12-25T05:37:17","slug":"vergueten-2","status":"publish","type":"page","link":"http:\/\/www.trautweingmbh.de\/cms\/vergueten-2\/","title":{"rendered":"Verg\u00fcten"},"content":{"rendered":"\t\t<div data-elementor-type=\"wp-page\" data-elementor-id=\"991\" class=\"elementor elementor-991\">\n\t\t\t\t\t\t\t\t\t<section class=\"elementor-section elementor-top-section elementor-element elementor-element-438738de elementor-section-boxed elementor-section-height-default elementor-section-height-default\" data-id=\"438738de\" data-element_type=\"section\">\n\t\t\t\t\t\t<div class=\"elementor-container elementor-column-gap-default\">\n\t\t\t\t\t<div class=\"elementor-column elementor-col-100 elementor-top-column elementor-element elementor-element-4e185e95\" data-id=\"4e185e95\" data-element_type=\"column\">\n\t\t\t<div class=\"elementor-widget-wrap elementor-element-populated\">\n\t\t\t\t\t\t\t\t<div class=\"elementor-element elementor-element-273c3251 elementor-widget elementor-widget-text-editor\" data-id=\"273c3251\" data-element_type=\"widget\" data-widget_type=\"text-editor.default\">\n\t\t\t\t<div class=\"elementor-widget-container\">\n\t\t\t<style>\/*! elementor - v3.17.0 - 08-11-2023 *\/\n.elementor-widget-text-editor.elementor-drop-cap-view-stacked .elementor-drop-cap{background-color:#69727d;color:#fff}.elementor-widget-text-editor.elementor-drop-cap-view-framed .elementor-drop-cap{color:#69727d;border:3px solid;background-color:transparent}.elementor-widget-text-editor:not(.elementor-drop-cap-view-default) .elementor-drop-cap{margin-top:8px}.elementor-widget-text-editor:not(.elementor-drop-cap-view-default) .elementor-drop-cap-letter{width:1em;height:1em}.elementor-widget-text-editor .elementor-drop-cap{float:left;text-align:center;line-height:1;font-size:50px}.elementor-widget-text-editor .elementor-drop-cap-letter{display:inline-block}<\/style>\t\t\t\t<h1><strong>VERG\u00dcTEN<\/strong><\/h1><p style=\"text-align: justify;\">Das<strong> Verg\u00fcten <\/strong>ist eine Kombination aus <a href=\"http:\/\/www.trautweingmbh.de\/cms\/haerten\/\"><span style=\"color: #003366;\"><strong>H\u00e4rten<\/strong> <\/span><\/a>und <strong><span style=\"color: #003366;\"><a style=\"color: #003366;\" href=\"http:\/\/www.trautweingmbh.de\/cms\/anlassen-und-tempern\/\">Anlassen<\/a>.<\/span><\/strong> Im Gegensatz zum <strong><span style=\"color: #003366;\"><a style=\"color: #003366;\" href=\"http:\/\/www.trautweingmbh.de\/cms\/einsatzhaerten-und-vergueten\/\">Einsatzh\u00e4rten<\/a><\/span><\/strong>\u00a0wird beim Verg\u00fcten mit deutlich h\u00f6heren Anlasstemperaturen gearbeitet, welche durch Herstellen eines anderen Gef\u00fcgezustands zu einer Erh\u00f6hung der Z\u00e4higkeit, Verbesserung der Schwingfestigkeit und Steigerung der Festigkeit bzw. Dehngrenze f\u00fchrt.<\/p>\t\t\t\t\t\t<\/div>\n\t\t\t\t<\/div>\n\t\t\t\t\t<\/div>\n\t\t<\/div>\n\t\t\t\t\t\t\t<\/div>\n\t\t<\/section>\n\t\t\t\t\t\t\t<\/div>\n\t\t","protected":false},"excerpt":{"rendered":"<p>VERG\u00dcTEN Das Verg\u00fcten ist eine Kombination aus H\u00e4rten und Anlassen. Im Gegensatz zum Einsatzh\u00e4rten\u00a0wird beim Verg\u00fcten mit deutlich h\u00f6heren Anlasstemperaturen gearbeitet, welche durch Herstellen eines anderen Gef\u00fcgezustands zu einer Erh\u00f6hung der Z\u00e4higkeit, Verbesserung der Schwingfestigkeit und Steigerung der Festigkeit bzw. Dehngrenze f\u00fchrt.<\/p>\n","protected":false},"author":2,"featured_media":0,"parent":0,"menu_order":0,"comment_status":"closed","ping_status":"closed","template":"","meta":{"_mi_skip_tracking":false,"_monsterinsights_sitenote_active":false,"_monsterinsights_sitenote_note":"","_monsterinsights_sitenote_category":0,"footnotes":""},"class_list":["post-991","page","type-page","status-publish","hentry"],"yoast_head":"<!-- This site is optimized with the Yoast SEO plugin v21.5 - https:\/\/yoast.com\/wordpress\/plugins\/seo\/ -->\n<title>Verg\u00fcten - Trautwein GmbH<\/title>\n<meta name=\"description\" content=\"Das Verg\u00fcten ist eine Kombination aus H\u00e4rten und Anlassen. Im Gegensatz zum Einsatzh\u00e4rten wird beim Verg\u00fcten mit deutlich h\u00f6heren Anlasstemperaturen...\" \/>\n<meta name=\"robots\" content=\"index, follow, max-snippet:-1, max-image-preview:large, max-video-preview:-1\" \/>\n<link rel=\"canonical\" href=\"http:\/\/www.trautweingmbh.de\/cms\/vergueten-2\/\" \/>\n<meta property=\"og:locale\" content=\"de_DE\" \/>\n<meta property=\"og:type\" content=\"article\" \/>\n<meta property=\"og:title\" content=\"Verg\u00fcten - Trautwein GmbH\" \/>\n<meta property=\"og:description\" content=\"Das Verg\u00fcten ist eine Kombination aus H\u00e4rten und Anlassen. Im Gegensatz zum Einsatzh\u00e4rten wird beim Verg\u00fcten mit deutlich h\u00f6heren Anlasstemperaturen...\" \/>\n<meta property=\"og:url\" content=\"http:\/\/www.trautweingmbh.de\/cms\/vergueten-2\/\" \/>\n<meta property=\"og:site_name\" content=\"H\u00e4rterei Trautwein GmbH\" \/>\n<meta property=\"article:modified_time\" content=\"2021-12-25T05:37:17+00:00\" \/>\n<meta name=\"twitter:card\" content=\"summary_large_image\" \/>\n<meta name=\"twitter:label1\" content=\"Gesch\u00e4tzte Lesezeit\" \/>\n\t<meta name=\"twitter:data1\" content=\"1\u00a0Minute\" \/>\n<script type=\"application\/ld+json\" class=\"yoast-schema-graph\">{\"@context\":\"https:\/\/schema.org\",\"@graph\":[{\"@type\":\"WebPage\",\"@id\":\"http:\/\/www.trautweingmbh.de\/cms\/vergueten-2\/\",\"url\":\"http:\/\/www.trautweingmbh.de\/cms\/vergueten-2\/\",\"name\":\"Verg\u00fcten - Trautwein GmbH\",\"isPartOf\":{\"@id\":\"http:\/\/www.trautweingmbh.de\/cms\/#website\"},\"datePublished\":\"2015-07-11T12:30:07+00:00\",\"dateModified\":\"2021-12-25T05:37:17+00:00\",\"description\":\"Das Verg\u00fcten ist eine Kombination aus H\u00e4rten und Anlassen. Im Gegensatz zum Einsatzh\u00e4rten wird beim Verg\u00fcten mit deutlich h\u00f6heren Anlasstemperaturen...\",\"breadcrumb\":{\"@id\":\"http:\/\/www.trautweingmbh.de\/cms\/vergueten-2\/#breadcrumb\"},\"inLanguage\":\"de\",\"potentialAction\":[{\"@type\":\"ReadAction\",\"target\":[\"http:\/\/www.trautweingmbh.de\/cms\/vergueten-2\/\"]}]},{\"@type\":\"BreadcrumbList\",\"@id\":\"http:\/\/www.trautweingmbh.de\/cms\/vergueten-2\/#breadcrumb\",\"itemListElement\":[{\"@type\":\"ListItem\",\"position\":1,\"name\":\"Home\",\"item\":\"http:\/\/www.trautweingmbh.de\/cms\/\"},{\"@type\":\"ListItem\",\"position\":2,\"name\":\"Verg\u00fcten\"}]},{\"@type\":\"WebSite\",\"@id\":\"http:\/\/www.trautweingmbh.de\/cms\/#website\",\"url\":\"http:\/\/www.trautweingmbh.de\/cms\/\",\"name\":\"H\u00e4rterei Trautwein GmbH\",\"description\":\"W\u00e4rmebehandlung von Metallen | Oberfl\u00e4chenveredelung\",\"publisher\":{\"@id\":\"http:\/\/www.trautweingmbh.de\/cms\/#organization\"},\"potentialAction\":[{\"@type\":\"SearchAction\",\"target\":{\"@type\":\"EntryPoint\",\"urlTemplate\":\"http:\/\/www.trautweingmbh.de\/cms\/?s={search_term_string}\"},\"query-input\":\"required name=search_term_string\"}],\"inLanguage\":\"de\"},{\"@type\":\"Organization\",\"@id\":\"http:\/\/www.trautweingmbh.de\/cms\/#organization\",\"name\":\"Trautwein GmbH\",\"url\":\"http:\/\/www.trautweingmbh.de\/cms\/\",\"logo\":{\"@type\":\"ImageObject\",\"inLanguage\":\"de\",\"@id\":\"http:\/\/www.trautweingmbh.de\/cms\/#\/schema\/logo\/image\/\",\"url\":\"http:\/\/www.trautweingmbh.de\/cms\/wp-content\/uploads\/2013\/08\/Logo_m.gif\",\"contentUrl\":\"http:\/\/www.trautweingmbh.de\/cms\/wp-content\/uploads\/2013\/08\/Logo_m.gif\",\"width\":360,\"height\":55,\"caption\":\"Trautwein GmbH\"},\"image\":{\"@id\":\"http:\/\/www.trautweingmbh.de\/cms\/#\/schema\/logo\/image\/\"}}]}<\/script>\n<!-- \/ Yoast SEO plugin. -->","yoast_head_json":{"title":"Verg\u00fcten - Trautwein GmbH","description":"Das Verg\u00fcten ist eine Kombination aus H\u00e4rten und Anlassen. Im Gegensatz zum Einsatzh\u00e4rten wird beim Verg\u00fcten mit deutlich h\u00f6heren Anlasstemperaturen...","robots":{"index":"index","follow":"follow","max-snippet":"max-snippet:-1","max-image-preview":"max-image-preview:large","max-video-preview":"max-video-preview:-1"},"canonical":"http:\/\/www.trautweingmbh.de\/cms\/vergueten-2\/","og_locale":"de_DE","og_type":"article","og_title":"Verg\u00fcten - Trautwein GmbH","og_description":"Das Verg\u00fcten ist eine Kombination aus H\u00e4rten und Anlassen. Im Gegensatz zum Einsatzh\u00e4rten wird beim Verg\u00fcten mit deutlich h\u00f6heren Anlasstemperaturen...","og_url":"http:\/\/www.trautweingmbh.de\/cms\/vergueten-2\/","og_site_name":"H\u00e4rterei Trautwein GmbH","article_modified_time":"2021-12-25T05:37:17+00:00","twitter_card":"summary_large_image","twitter_misc":{"Gesch\u00e4tzte Lesezeit":"1\u00a0Minute"},"schema":{"@context":"https:\/\/schema.org","@graph":[{"@type":"WebPage","@id":"http:\/\/www.trautweingmbh.de\/cms\/vergueten-2\/","url":"http:\/\/www.trautweingmbh.de\/cms\/vergueten-2\/","name":"Verg\u00fcten - Trautwein GmbH","isPartOf":{"@id":"http:\/\/www.trautweingmbh.de\/cms\/#website"},"datePublished":"2015-07-11T12:30:07+00:00","dateModified":"2021-12-25T05:37:17+00:00","description":"Das Verg\u00fcten ist eine Kombination aus H\u00e4rten und Anlassen. Im Gegensatz zum Einsatzh\u00e4rten wird beim Verg\u00fcten mit deutlich h\u00f6heren Anlasstemperaturen...","breadcrumb":{"@id":"http:\/\/www.trautweingmbh.de\/cms\/vergueten-2\/#breadcrumb"},"inLanguage":"de","potentialAction":[{"@type":"ReadAction","target":["http:\/\/www.trautweingmbh.de\/cms\/vergueten-2\/"]}]},{"@type":"BreadcrumbList","@id":"http:\/\/www.trautweingmbh.de\/cms\/vergueten-2\/#breadcrumb","itemListElement":[{"@type":"ListItem","position":1,"name":"Home","item":"http:\/\/www.trautweingmbh.de\/cms\/"},{"@type":"ListItem","position":2,"name":"Verg\u00fcten"}]},{"@type":"WebSite","@id":"http:\/\/www.trautweingmbh.de\/cms\/#website","url":"http:\/\/www.trautweingmbh.de\/cms\/","name":"H\u00e4rterei Trautwein GmbH","description":"W\u00e4rmebehandlung von Metallen | Oberfl\u00e4chenveredelung","publisher":{"@id":"http:\/\/www.trautweingmbh.de\/cms\/#organization"},"potentialAction":[{"@type":"SearchAction","target":{"@type":"EntryPoint","urlTemplate":"http:\/\/www.trautweingmbh.de\/cms\/?s={search_term_string}"},"query-input":"required name=search_term_string"}],"inLanguage":"de"},{"@type":"Organization","@id":"http:\/\/www.trautweingmbh.de\/cms\/#organization","name":"Trautwein GmbH","url":"http:\/\/www.trautweingmbh.de\/cms\/","logo":{"@type":"ImageObject","inLanguage":"de","@id":"http:\/\/www.trautweingmbh.de\/cms\/#\/schema\/logo\/image\/","url":"http:\/\/www.trautweingmbh.de\/cms\/wp-content\/uploads\/2013\/08\/Logo_m.gif","contentUrl":"http:\/\/www.trautweingmbh.de\/cms\/wp-content\/uploads\/2013\/08\/Logo_m.gif","width":360,"height":55,"caption":"Trautwein GmbH"},"image":{"@id":"http:\/\/www.trautweingmbh.de\/cms\/#\/schema\/logo\/image\/"}}]}},"jetpack_sharing_enabled":true,"_links":{"self":[{"href":"http:\/\/www.trautweingmbh.de\/cms\/wp-json\/wp\/v2\/pages\/991","targetHints":{"allow":["GET"]}}],"collection":[{"href":"http:\/\/www.trautweingmbh.de\/cms\/wp-json\/wp\/v2\/pages"}],"about":[{"href":"http:\/\/www.trautweingmbh.de\/cms\/wp-json\/wp\/v2\/types\/page"}],"author":[{"embeddable":true,"href":"http:\/\/www.trautweingmbh.de\/cms\/wp-json\/wp\/v2\/users\/2"}],"replies":[{"embeddable":true,"href":"http:\/\/www.trautweingmbh.de\/cms\/wp-json\/wp\/v2\/comments?post=991"}],"version-history":[{"count":9,"href":"http:\/\/www.trautweingmbh.de\/cms\/wp-json\/wp\/v2\/pages\/991\/revisions"}],"predecessor-version":[{"id":7045,"href":"http:\/\/www.trautweingmbh.de\/cms\/wp-json\/wp\/v2\/pages\/991\/revisions\/7045"}],"wp:attachment":[{"href":"http:\/\/www.trautweingmbh.de\/cms\/wp-json\/wp\/v2\/media?parent=991"}],"curies":[{"name":"wp","href":"https:\/\/api.w.org\/{rel}","templated":true}]}}