{"id":949,"date":"2015-07-11T12:31:32","date_gmt":"2015-07-11T10:31:32","guid":{"rendered":"http:\/\/www.trautweingmbh.de\/cms\/?page_id=949"},"modified":"2021-12-25T13:49:23","modified_gmt":"2021-12-25T11:49:23","slug":"haerten","status":"publish","type":"page","link":"http:\/\/www.trautweingmbh.de\/cms\/haerten\/","title":{"rendered":"H\u00e4rten"},"content":{"rendered":"\t\t<div data-elementor-type=\"wp-page\" data-elementor-id=\"949\" class=\"elementor elementor-949\">\n\t\t\t\t\t\t\t\t\t<section class=\"elementor-section elementor-top-section elementor-element elementor-element-17f19db elementor-section-boxed elementor-section-height-default elementor-section-height-default\" data-id=\"17f19db\" data-element_type=\"section\">\n\t\t\t\t\t\t<div class=\"elementor-container elementor-column-gap-default\">\n\t\t\t\t\t<div class=\"elementor-column elementor-col-100 elementor-top-column elementor-element elementor-element-0aec976\" data-id=\"0aec976\" data-element_type=\"column\">\n\t\t\t<div class=\"elementor-widget-wrap elementor-element-populated\">\n\t\t\t\t\t\t\t\t<div class=\"elementor-element elementor-element-9f5b48c elementor-widget elementor-widget-heading\" data-id=\"9f5b48c\" data-element_type=\"widget\" data-widget_type=\"heading.default\">\n\t\t\t\t<div class=\"elementor-widget-container\">\n\t\t\t<style>\/*! elementor - v3.17.0 - 08-11-2023 *\/\n.elementor-heading-title{padding:0;margin:0;line-height:1}.elementor-widget-heading .elementor-heading-title[class*=elementor-size-]>a{color:inherit;font-size:inherit;line-height:inherit}.elementor-widget-heading .elementor-heading-title.elementor-size-small{font-size:15px}.elementor-widget-heading .elementor-heading-title.elementor-size-medium{font-size:19px}.elementor-widget-heading .elementor-heading-title.elementor-size-large{font-size:29px}.elementor-widget-heading .elementor-heading-title.elementor-size-xl{font-size:39px}.elementor-widget-heading .elementor-heading-title.elementor-size-xxl{font-size:59px}<\/style><h1 class=\"elementor-heading-title elementor-size-default\">H\u00c4RTEN<\/h1>\t\t<\/div>\n\t\t\t\t<\/div>\n\t\t\t\t\t<\/div>\n\t\t<\/div>\n\t\t\t\t\t\t\t<\/div>\n\t\t<\/section>\n\t\t\t\t<section class=\"elementor-section elementor-top-section elementor-element elementor-element-79f6cecd elementor-section-boxed elementor-section-height-default elementor-section-height-default\" data-id=\"79f6cecd\" data-element_type=\"section\">\n\t\t\t\t\t\t<div class=\"elementor-container elementor-column-gap-default\">\n\t\t\t\t\t<div class=\"elementor-column elementor-col-100 elementor-top-column elementor-element elementor-element-6c1f778\" data-id=\"6c1f778\" data-element_type=\"column\">\n\t\t\t<div class=\"elementor-widget-wrap elementor-element-populated\">\n\t\t\t\t\t\t\t\t<div class=\"elementor-element elementor-element-0901031 elementor-widget__width-inherit elementor-widget elementor-widget-video\" data-id=\"0901031\" data-element_type=\"widget\" data-settings=\"{&quot;video_type&quot;:&quot;hosted&quot;,&quot;autoplay&quot;:&quot;yes&quot;,&quot;mute&quot;:&quot;yes&quot;,&quot;loop&quot;:&quot;yes&quot;,&quot;controls&quot;:&quot;yes&quot;}\" data-widget_type=\"video.default\">\n\t\t\t\t<div class=\"elementor-widget-container\">\n\t\t\t<style>\/*! elementor - v3.17.0 - 08-11-2023 *\/\n.elementor-widget-video .elementor-widget-container{overflow:hidden;transform:translateZ(0)}.elementor-widget-video .elementor-wrapper{aspect-ratio:var(--video-aspect-ratio)}.elementor-widget-video .elementor-wrapper iframe,.elementor-widget-video .elementor-wrapper video{height:100%;width:100%;display:flex;border:none;background-color:#000}@supports not (aspect-ratio:1\/1){.elementor-widget-video .elementor-wrapper{position:relative;overflow:hidden;height:0;padding-bottom:calc(100% \/ var(--video-aspect-ratio))}.elementor-widget-video .elementor-wrapper iframe,.elementor-widget-video .elementor-wrapper video{position:absolute;top:0;right:0;bottom:0;left:0}}.elementor-widget-video .elementor-open-inline .elementor-custom-embed-image-overlay{position:absolute;top:0;right:0;bottom:0;left:0;background-size:cover;background-position:50%}.elementor-widget-video .elementor-custom-embed-image-overlay{cursor:pointer;text-align:center}.elementor-widget-video .elementor-custom-embed-image-overlay:hover .elementor-custom-embed-play i{opacity:1}.elementor-widget-video .elementor-custom-embed-image-overlay img{display:block;width:100%;aspect-ratio:var(--video-aspect-ratio);-o-object-fit:cover;object-fit:cover;-o-object-position:center center;object-position:center center}@supports not (aspect-ratio:1\/1){.elementor-widget-video .elementor-custom-embed-image-overlay{position:relative;overflow:hidden;height:0;padding-bottom:calc(100% \/ var(--video-aspect-ratio))}.elementor-widget-video .elementor-custom-embed-image-overlay img{position:absolute;top:0;right:0;bottom:0;left:0}}.elementor-widget-video .e-hosted-video .elementor-video{-o-object-fit:cover;object-fit:cover}.e-con-inner>.elementor-widget-video,.e-con>.elementor-widget-video{width:var(--container-widget-width);--flex-grow:var(--container-widget-flex-grow)}<\/style>\t\t<div class=\"e-hosted-video elementor-wrapper elementor-open-inline\">\n\t\t\t\t\t<video class=\"elementor-video\" src=\"http:\/\/www.trautweingmbh.de\/cms\/wp-content\/uploads\/2021\/12\/Design-ohne-Titel-3.mp4\" autoplay=\"\" loop=\"\" controls=\"\" muted=\"muted\" controlsList=\"nodownload\"><\/video>\n\t\t\t\t<\/div>\n\t\t\t\t<\/div>\n\t\t\t\t<\/div>\n\t\t\t\t<div class=\"elementor-element elementor-element-7ac948ff elementor-widget elementor-widget-text-editor\" data-id=\"7ac948ff\" data-element_type=\"widget\" data-widget_type=\"text-editor.default\">\n\t\t\t\t<div class=\"elementor-widget-container\">\n\t\t\t<style>\/*! elementor - v3.17.0 - 08-11-2023 *\/\n.elementor-widget-text-editor.elementor-drop-cap-view-stacked .elementor-drop-cap{background-color:#69727d;color:#fff}.elementor-widget-text-editor.elementor-drop-cap-view-framed .elementor-drop-cap{color:#69727d;border:3px solid;background-color:transparent}.elementor-widget-text-editor:not(.elementor-drop-cap-view-default) .elementor-drop-cap{margin-top:8px}.elementor-widget-text-editor:not(.elementor-drop-cap-view-default) .elementor-drop-cap-letter{width:1em;height:1em}.elementor-widget-text-editor .elementor-drop-cap{float:left;text-align:center;line-height:1;font-size:50px}.elementor-widget-text-editor .elementor-drop-cap-letter{display:inline-block}<\/style>\t\t\t\t<p style=\"text-align: justify;\"><strong>H\u00e4rten<\/strong> nach DIN EN 10052 von Eisenwerkstoffen ist das Aufheizen des Werkstoffs auf seine spezifische H\u00e4rte-temperatur (auch Austenitisieren genannt) mit anschlie\u00dfendem raschem Abk\u00fchlen. Die schnelle Absenkung der Temperatur f\u00fchrt zu einem martensitischen Gef\u00fcge. Dieser Gef\u00fcgezustand bewirkt eine Zunahme der Festigkeit unabh\u00e4ngig davon ob Randschicht- oder durchgreifend geh\u00e4rtet wird. Meistens wird dem H\u00e4rten ein Wiedererw\u00e4rmen angeschlossen das auch als Anlassen bekannt ist.<\/p><p style=\"text-align: justify;\">Das H\u00e4rten ist ein h\u00e4ufig angewandtes W\u00e4rmebehandlungsverfahren bei St\u00e4hlen und hat multiple Anwendungsgr\u00fcnde. So bewirkt das H\u00e4rten bspw. bei Werkzeug-, W\u00e4lzlager- und anderen h\u00e4rtbaren St\u00e4hlen in Verbindung mit dem Anlassen eine Zunahme der Festigkeit sowie der Verschlei\u00dfbest\u00e4ndigkeit. Erfolgt das Anlassen bei Temperaturen bis 250\u00b0C steigt die Z\u00e4higkeit an und die inneren Spannungen werden abgebaut. Wird im Bereich von 500\u00b0C \u2013 650\u00b0C angelassen, findet eine Sekund\u00e4rh\u00e4rtung statt. Werden Konstruktionsst\u00e4hle geh\u00e4rtet und angelassen, kann ein vorgegebenes Verh\u00e4ltnis zwischen Festigkeit und Z\u00e4higkeit eingestellt werden. Das Anlassen erfolgt in diesem Fall bei Temperaturen von ca. 450\u00b0C \u2013 680\u00b0C. Bei dieser Kombination von H\u00e4rten und Anlassen spricht man dann vom Verg\u00fcten\/Schutzgash\u00e4rten.<\/p><p style=\"text-align: justify;\">Wie die meisten W\u00e4rmebehandlungsverfahren kann auch das H\u00e4rten in drei Arbeitsschritte untergliedert werden:<\/p><p style=\"text-align: justify;\">1. Aufheizen des Werkstoffs auf die spezifische H\u00e4rtetemperatur wobei das Aufheizen in Anw\u00e4rmen und Durchw\u00e4rmen unterteilt wird. Das Anw\u00e4rmen beschreibt die Zeitspanne bis zum Erreichen der H\u00e4rtetemperatur an der Oberfl\u00e4che des Bauteils. Das Durchw\u00e4rmen hingegen die Zeit die ben\u00f6tigt wird bis die H\u00e4rtetemperatur im Kern des Werkst\u00fccks der der Oberfl\u00e4che entspricht. F\u00fcr gro\u00dfe Werkst\u00fcckquerschnitte wird dementsprechend mehr Zeit ben\u00f6tigt.<\/p><p style=\"text-align: justify;\">2. Halten auf Temperatur im Bereich von wenigen Minuten bis zu einer Stunde. Nach erfolgreicher Durchw\u00e4rmung ist der Kohlenstoff noch nicht homogen im Austenit verteilt oder die Carbide nicht vollst\u00e4ndig gel\u00f6st was das Halten auf H\u00e4rtetemperatur notwendig macht. Die ben\u00f6tigte Zeit kann unter Zuhilfenahme von isothermen Zeit-Temperatur-Austenitisierungsdiagrammen ermittelt bzw. abgesch\u00e4tzt werden.<\/p><p style=\"text-align: justify;\">3. Das Abschrecken ist nach DIN EN 10052 ein Abk\u00fchlvorgang der schneller ist als das Abk\u00fchlen an ruhender Luft. Es muss sichergestellt sein dass schneller als die kritische Abk\u00fchlgeschwindigkeit gek\u00fchlt wird da sich anderenfalls kein Martensit bildet. Es ist dabei nicht relevant ob kontinuierlich oder stufenweise abgeschreckt wird. Ein stufenweises Abschrecken vermindert die Bildung innerer Spannungen ist aber nicht mit jeder Anlage m\u00f6glich. \u00dcberwiegend wird kontinuierlich abgeschreckt.<\/p><p style=\"text-align: justify;\">Das H\u00e4rten kann in verschiedenster Art und Weise durchgef\u00fchrt werden. Es kann z.B. direkt oder nach dem Dazwischenschalten eines Bearbeitungsschrittes (z.B. Zerspanen, Zwischenrichten o.\u00e4.) an das Aufkohlen anschlie\u00dfen. Wird bspw. Stahl plastisch verformt, so k\u00f6nnen sich Versetzungen im Material ausbreiten. Um dem entgegen zu wirken, k\u00f6nnen diverse H\u00e4rteverfahren angewandt werden, die den Bewegungen von Versetzungen entgegentreten.<\/p><p style=\"text-align: justify;\">Als H\u00e4rterei Trautwein GmbH freuen wir uns Ihnen folgende Verfahren anbieten zu d\u00fcrfen:<\/p><p style=\"text-align: justify;\"><strong><span style=\"color: #003366;\">1. <a style=\"color: #003366;\" href=\"http:\/\/www.trautweingmbh.de\/cms\/induktionshaerten\/\">Induktionsh\u00e4rten<\/a><\/span><\/strong><\/p><p style=\"text-align: justify;\"><strong><span style=\"color: #003366;\">2. <a style=\"color: #003366;\" href=\"http:\/\/www.trautweingmbh.de\/cms\/vakuumhaerten\/\">Vakuumh\u00e4rten<\/a><\/span><\/strong><\/p><p style=\"text-align: justify;\"><strong><span style=\"color: #003366;\">3. <a style=\"color: #003366;\" href=\"http:\/\/www.trautweingmbh.de\/cms\/schutzgashaerten\/\">Schutzgash\u00e4rten<\/a><\/span><\/strong><\/p><p style=\"text-align: justify;\"><strong><span style=\"color: #003366;\"><a class=\"ow-button-hover\" style=\"color: #003366;\" href=\"http:\/\/www.trautweingmbh.de\/cms\/kontakt\/\" target=\"_blank\" rel=\"noopener\"> Zum Kontakt! <\/a><\/span><\/strong><\/p>\t\t\t\t\t\t<\/div>\n\t\t\t\t<\/div>\n\t\t\t\t<div class=\"elementor-element elementor-element-95044df elementor-widget elementor-widget-heading\" data-id=\"95044df\" data-element_type=\"widget\" data-widget_type=\"heading.default\">\n\t\t\t\t<div class=\"elementor-widget-container\">\n\t\t\t<h1 class=\"elementor-heading-title elementor-size-default\">H\u00c4RTEN<\/h1>\t\t<\/div>\n\t\t\t\t<\/div>\n\t\t\t\t\t<\/div>\n\t\t<\/div>\n\t\t\t\t\t\t\t<\/div>\n\t\t<\/section>\n\t\t\t\t\t\t\t<\/div>\n\t\t","protected":false},"excerpt":{"rendered":"<p>H\u00c4RTEN http:\/\/www.trautweingmbh.de\/cms\/wp-content\/uploads\/2021\/12\/Design-ohne-Titel-3.mp4 H\u00e4rten nach DIN EN 10052 von Eisenwerkstoffen ist das Aufheizen des Werkstoffs auf seine spezifische H\u00e4rte-temperatur (auch Austenitisieren genannt) mit anschlie\u00dfendem raschem Abk\u00fchlen. Die schnelle Absenkung der Temperatur f\u00fchrt zu einem martensitischen Gef\u00fcge. Dieser Gef\u00fcgezustand bewirkt eine Zunahme der Festigkeit unabh\u00e4ngig davon ob Randschicht- oder durchgreifend geh\u00e4rtet wird. Meistens wird dem H\u00e4rten ein &hellip; <\/p>\n<p class=\"link-more\"><a href=\"http:\/\/www.trautweingmbh.de\/cms\/haerten\/\" class=\"more-link\">Mehr <span class=\"screen-reader-text\">\u00fcber &#8222;H\u00e4rten&#8220; <\/span>Lesen<\/a><\/p>\n","protected":false},"author":2,"featured_media":0,"parent":0,"menu_order":0,"comment_status":"closed","ping_status":"closed","template":"","meta":{"_mi_skip_tracking":false,"_monsterinsights_sitenote_active":false,"_monsterinsights_sitenote_note":"","_monsterinsights_sitenote_category":0,"footnotes":""},"class_list":["post-949","page","type-page","status-publish","hentry"],"yoast_head":"<!-- This site is optimized with the Yoast SEO plugin v21.5 - https:\/\/yoast.com\/wordpress\/plugins\/seo\/ -->\n<title>H\u00e4rten - hier bei uns in der H\u00e4rterei Trautwein GmbH<\/title>\n<meta name=\"description\" content=\"H\u00e4rten nach DIN EN 10052 von Eisenwerkstoffen ist das Aufheizen des Werkstoffs auf seine spezifische H\u00e4rtetemperatur (auch Austenitisieren genannt) mit..\" \/>\n<meta name=\"robots\" content=\"index, follow, max-snippet:-1, max-image-preview:large, max-video-preview:-1\" \/>\n<link rel=\"canonical\" href=\"http:\/\/www.trautweingmbh.de\/cms\/haerten\/\" \/>\n<meta property=\"og:locale\" content=\"de_DE\" \/>\n<meta property=\"og:type\" content=\"article\" \/>\n<meta property=\"og:title\" content=\"H\u00e4rten - hier bei uns in der H\u00e4rterei Trautwein GmbH\" \/>\n<meta property=\"og:description\" content=\"H\u00e4rten nach DIN EN 10052 von Eisenwerkstoffen ist das Aufheizen des Werkstoffs auf seine spezifische H\u00e4rtetemperatur (auch Austenitisieren genannt) mit..\" \/>\n<meta property=\"og:url\" content=\"http:\/\/www.trautweingmbh.de\/cms\/haerten\/\" \/>\n<meta property=\"og:site_name\" content=\"H\u00e4rterei Trautwein GmbH\" \/>\n<meta property=\"article:modified_time\" content=\"2021-12-25T11:49:23+00:00\" \/>\n<meta name=\"twitter:card\" content=\"summary_large_image\" \/>\n<meta name=\"twitter:label1\" content=\"Gesch\u00e4tzte Lesezeit\" \/>\n\t<meta name=\"twitter:data1\" content=\"3\u00a0Minuten\" \/>\n<script type=\"application\/ld+json\" class=\"yoast-schema-graph\">{\"@context\":\"https:\/\/schema.org\",\"@graph\":[{\"@type\":\"WebPage\",\"@id\":\"http:\/\/www.trautweingmbh.de\/cms\/haerten\/\",\"url\":\"http:\/\/www.trautweingmbh.de\/cms\/haerten\/\",\"name\":\"H\u00e4rten - hier bei uns in der H\u00e4rterei Trautwein GmbH\",\"isPartOf\":{\"@id\":\"http:\/\/www.trautweingmbh.de\/cms\/#website\"},\"datePublished\":\"2015-07-11T10:31:32+00:00\",\"dateModified\":\"2021-12-25T11:49:23+00:00\",\"description\":\"H\u00e4rten nach DIN EN 10052 von Eisenwerkstoffen ist das Aufheizen des Werkstoffs auf seine spezifische H\u00e4rtetemperatur (auch Austenitisieren genannt) mit..\",\"breadcrumb\":{\"@id\":\"http:\/\/www.trautweingmbh.de\/cms\/haerten\/#breadcrumb\"},\"inLanguage\":\"de\",\"potentialAction\":[{\"@type\":\"ReadAction\",\"target\":[\"http:\/\/www.trautweingmbh.de\/cms\/haerten\/\"]}]},{\"@type\":\"BreadcrumbList\",\"@id\":\"http:\/\/www.trautweingmbh.de\/cms\/haerten\/#breadcrumb\",\"itemListElement\":[{\"@type\":\"ListItem\",\"position\":1,\"name\":\"Home\",\"item\":\"http:\/\/www.trautweingmbh.de\/cms\/\"},{\"@type\":\"ListItem\",\"position\":2,\"name\":\"H\u00e4rten\"}]},{\"@type\":\"WebSite\",\"@id\":\"http:\/\/www.trautweingmbh.de\/cms\/#website\",\"url\":\"http:\/\/www.trautweingmbh.de\/cms\/\",\"name\":\"H\u00e4rterei Trautwein GmbH\",\"description\":\"W\u00e4rmebehandlung von Metallen | Oberfl\u00e4chenveredelung\",\"publisher\":{\"@id\":\"http:\/\/www.trautweingmbh.de\/cms\/#organization\"},\"potentialAction\":[{\"@type\":\"SearchAction\",\"target\":{\"@type\":\"EntryPoint\",\"urlTemplate\":\"http:\/\/www.trautweingmbh.de\/cms\/?s={search_term_string}\"},\"query-input\":\"required name=search_term_string\"}],\"inLanguage\":\"de\"},{\"@type\":\"Organization\",\"@id\":\"http:\/\/www.trautweingmbh.de\/cms\/#organization\",\"name\":\"Trautwein GmbH\",\"url\":\"http:\/\/www.trautweingmbh.de\/cms\/\",\"logo\":{\"@type\":\"ImageObject\",\"inLanguage\":\"de\",\"@id\":\"http:\/\/www.trautweingmbh.de\/cms\/#\/schema\/logo\/image\/\",\"url\":\"http:\/\/www.trautweingmbh.de\/cms\/wp-content\/uploads\/2013\/08\/Logo_m.gif\",\"contentUrl\":\"http:\/\/www.trautweingmbh.de\/cms\/wp-content\/uploads\/2013\/08\/Logo_m.gif\",\"width\":360,\"height\":55,\"caption\":\"Trautwein GmbH\"},\"image\":{\"@id\":\"http:\/\/www.trautweingmbh.de\/cms\/#\/schema\/logo\/image\/\"}}]}<\/script>\n<!-- \/ Yoast SEO plugin. -->","yoast_head_json":{"title":"H\u00e4rten - hier bei uns in der H\u00e4rterei Trautwein GmbH","description":"H\u00e4rten nach DIN EN 10052 von Eisenwerkstoffen ist das Aufheizen des Werkstoffs auf seine spezifische H\u00e4rtetemperatur (auch Austenitisieren genannt) mit..","robots":{"index":"index","follow":"follow","max-snippet":"max-snippet:-1","max-image-preview":"max-image-preview:large","max-video-preview":"max-video-preview:-1"},"canonical":"http:\/\/www.trautweingmbh.de\/cms\/haerten\/","og_locale":"de_DE","og_type":"article","og_title":"H\u00e4rten - hier bei uns in der H\u00e4rterei Trautwein GmbH","og_description":"H\u00e4rten nach DIN EN 10052 von Eisenwerkstoffen ist das Aufheizen des Werkstoffs auf seine spezifische H\u00e4rtetemperatur (auch Austenitisieren genannt) mit..","og_url":"http:\/\/www.trautweingmbh.de\/cms\/haerten\/","og_site_name":"H\u00e4rterei Trautwein GmbH","article_modified_time":"2021-12-25T11:49:23+00:00","twitter_card":"summary_large_image","twitter_misc":{"Gesch\u00e4tzte Lesezeit":"3\u00a0Minuten"},"schema":{"@context":"https:\/\/schema.org","@graph":[{"@type":"WebPage","@id":"http:\/\/www.trautweingmbh.de\/cms\/haerten\/","url":"http:\/\/www.trautweingmbh.de\/cms\/haerten\/","name":"H\u00e4rten - hier bei uns in der H\u00e4rterei Trautwein GmbH","isPartOf":{"@id":"http:\/\/www.trautweingmbh.de\/cms\/#website"},"datePublished":"2015-07-11T10:31:32+00:00","dateModified":"2021-12-25T11:49:23+00:00","description":"H\u00e4rten nach DIN EN 10052 von Eisenwerkstoffen ist das Aufheizen des Werkstoffs auf seine spezifische H\u00e4rtetemperatur (auch Austenitisieren genannt) mit..","breadcrumb":{"@id":"http:\/\/www.trautweingmbh.de\/cms\/haerten\/#breadcrumb"},"inLanguage":"de","potentialAction":[{"@type":"ReadAction","target":["http:\/\/www.trautweingmbh.de\/cms\/haerten\/"]}]},{"@type":"BreadcrumbList","@id":"http:\/\/www.trautweingmbh.de\/cms\/haerten\/#breadcrumb","itemListElement":[{"@type":"ListItem","position":1,"name":"Home","item":"http:\/\/www.trautweingmbh.de\/cms\/"},{"@type":"ListItem","position":2,"name":"H\u00e4rten"}]},{"@type":"WebSite","@id":"http:\/\/www.trautweingmbh.de\/cms\/#website","url":"http:\/\/www.trautweingmbh.de\/cms\/","name":"H\u00e4rterei Trautwein GmbH","description":"W\u00e4rmebehandlung von Metallen | Oberfl\u00e4chenveredelung","publisher":{"@id":"http:\/\/www.trautweingmbh.de\/cms\/#organization"},"potentialAction":[{"@type":"SearchAction","target":{"@type":"EntryPoint","urlTemplate":"http:\/\/www.trautweingmbh.de\/cms\/?s={search_term_string}"},"query-input":"required name=search_term_string"}],"inLanguage":"de"},{"@type":"Organization","@id":"http:\/\/www.trautweingmbh.de\/cms\/#organization","name":"Trautwein GmbH","url":"http:\/\/www.trautweingmbh.de\/cms\/","logo":{"@type":"ImageObject","inLanguage":"de","@id":"http:\/\/www.trautweingmbh.de\/cms\/#\/schema\/logo\/image\/","url":"http:\/\/www.trautweingmbh.de\/cms\/wp-content\/uploads\/2013\/08\/Logo_m.gif","contentUrl":"http:\/\/www.trautweingmbh.de\/cms\/wp-content\/uploads\/2013\/08\/Logo_m.gif","width":360,"height":55,"caption":"Trautwein GmbH"},"image":{"@id":"http:\/\/www.trautweingmbh.de\/cms\/#\/schema\/logo\/image\/"}}]}},"jetpack_sharing_enabled":true,"_links":{"self":[{"href":"http:\/\/www.trautweingmbh.de\/cms\/wp-json\/wp\/v2\/pages\/949","targetHints":{"allow":["GET"]}}],"collection":[{"href":"http:\/\/www.trautweingmbh.de\/cms\/wp-json\/wp\/v2\/pages"}],"about":[{"href":"http:\/\/www.trautweingmbh.de\/cms\/wp-json\/wp\/v2\/types\/page"}],"author":[{"embeddable":true,"href":"http:\/\/www.trautweingmbh.de\/cms\/wp-json\/wp\/v2\/users\/2"}],"replies":[{"embeddable":true,"href":"http:\/\/www.trautweingmbh.de\/cms\/wp-json\/wp\/v2\/comments?post=949"}],"version-history":[{"count":63,"href":"http:\/\/www.trautweingmbh.de\/cms\/wp-json\/wp\/v2\/pages\/949\/revisions"}],"predecessor-version":[{"id":7306,"href":"http:\/\/www.trautweingmbh.de\/cms\/wp-json\/wp\/v2\/pages\/949\/revisions\/7306"}],"wp:attachment":[{"href":"http:\/\/www.trautweingmbh.de\/cms\/wp-json\/wp\/v2\/media?parent=949"}],"curies":[{"name":"wp","href":"https:\/\/api.w.org\/{rel}","templated":true}]}}