{"id":94,"date":"2014-02-22T16:52:12","date_gmt":"2014-02-22T14:52:12","guid":{"rendered":"http:\/\/trautweingmbh.de\/cms\/?page_id=94"},"modified":"2022-02-09T08:22:53","modified_gmt":"2022-02-09T06:22:53","slug":"impressum-und-agb","status":"publish","type":"page","link":"http:\/\/www.trautweingmbh.de\/cms\/impressum-und-agb\/","title":{"rendered":"Impressum &#038; AGB"},"content":{"rendered":"\t\t<div data-elementor-type=\"wp-page\" data-elementor-id=\"94\" class=\"elementor elementor-94\">\n\t\t\t\t\t\t\t\t\t<section class=\"elementor-section elementor-top-section elementor-element elementor-element-7eb4f2d elementor-section-boxed elementor-section-height-default elementor-section-height-default\" data-id=\"7eb4f2d\" data-element_type=\"section\">\n\t\t\t\t\t\t<div class=\"elementor-container elementor-column-gap-default\">\n\t\t\t\t\t<div class=\"elementor-column elementor-col-100 elementor-top-column elementor-element elementor-element-12bc1920\" data-id=\"12bc1920\" data-element_type=\"column\">\n\t\t\t<div class=\"elementor-widget-wrap elementor-element-populated\">\n\t\t\t\t\t\t\t\t<div class=\"elementor-element elementor-element-3786e711 elementor-widget elementor-widget-text-editor\" data-id=\"3786e711\" data-element_type=\"widget\" data-widget_type=\"text-editor.default\">\n\t\t\t\t<div class=\"elementor-widget-container\">\n\t\t\t<style>\/*! elementor - v3.17.0 - 08-11-2023 *\/\n.elementor-widget-text-editor.elementor-drop-cap-view-stacked .elementor-drop-cap{background-color:#69727d;color:#fff}.elementor-widget-text-editor.elementor-drop-cap-view-framed .elementor-drop-cap{color:#69727d;border:3px solid;background-color:transparent}.elementor-widget-text-editor:not(.elementor-drop-cap-view-default) .elementor-drop-cap{margin-top:8px}.elementor-widget-text-editor:not(.elementor-drop-cap-view-default) .elementor-drop-cap-letter{width:1em;height:1em}.elementor-widget-text-editor .elementor-drop-cap{float:left;text-align:center;line-height:1;font-size:50px}.elementor-widget-text-editor .elementor-drop-cap-letter{display:inline-block}<\/style>\t\t\t\t<h1><strong>IMPRESSUM<\/strong><\/h1><p style=\"text-align: justify;\">Trautwein GmbH<br \/>Haigerlocher Str. 42<br \/>72379 Hechingen<strong><br \/><\/strong>Telefon: 07471 6201 334<br \/>Fax: 07471 6201 338<\/p><p style=\"text-align: justify;\">eingetragen im Registergericht Stuttgart, HRB 728686 USt-IDNr. DE 265179665<a href=\"http:\/\/trautweingmbh.de\/\"><br \/><\/a>Gesch\u00e4ftsf\u00fchrer: Erika Trautwein, Sascha Eichm\u00fcller, Tel.: 07471 \/ 6201 332<br \/>E-Mail: <strong><span style=\"color: #003366;\">info@trautweingmbh.de<\/span><br \/><\/strong><\/p><h2 style=\"text-align: justify;\"><strong>AGB<\/strong><\/h2><p style=\"text-align: justify;\">Unsere Allgemeinen Gesch\u00e4ftsbedingungen k\u00f6nnen Sie hier runterladen:<br \/><strong><span style=\"color: #003366;\"><a style=\"color: #003366;\" href=\"http:\/\/trautweingmbh.de\/cms\/wp-content\/uploads\/2014\/02\/Trautwein-GmbH-Allgemeine-Liefer-und-Zahlungsbedingungen-Jun-2014.pdf\">Trautwein GmbH Allgemeine Liefer- und Zahlungsbedingungen <\/a><\/span><\/strong> (PDF Datei)<\/p><h2 style=\"text-align: justify;\"><strong>Externe Links<\/strong><\/h2><p style=\"text-align: justify;\">Obwohl wir die Links auf dieser Website regelm\u00e4\u00dfig kontrollieren \u00fcbernehmen wir keine Haftung f\u00fcr die Inhalte externer Links. F\u00fcr diese Inhalte sind ausnahmslos deren Betreiber verantwortlich.<\/p>\t\t\t\t\t\t<\/div>\n\t\t\t\t<\/div>\n\t\t\t\t\t<\/div>\n\t\t<\/div>\n\t\t\t\t\t\t\t<\/div>\n\t\t<\/section>\n\t\t\t\t\t\t\t<\/div>\n\t\t","protected":false},"excerpt":{"rendered":"<p>IMPRESSUM Trautwein GmbHHaigerlocher Str. 4272379 HechingenTelefon: 07471 6201 334Fax: 07471 6201 338 eingetragen im Registergericht Stuttgart, HRB 728686 USt-IDNr. DE 265179665Gesch\u00e4ftsf\u00fchrer: Erika Trautwein, Sascha Eichm\u00fcller, Tel.: 07471 \/ 6201 332E-Mail: info@trautweingmbh.de AGB Unsere Allgemeinen Gesch\u00e4ftsbedingungen k\u00f6nnen Sie hier runterladen:Trautwein GmbH Allgemeine Liefer- und Zahlungsbedingungen (PDF Datei) Externe Links Obwohl wir die Links auf dieser Website &hellip; <\/p>\n<p class=\"link-more\"><a href=\"http:\/\/www.trautweingmbh.de\/cms\/impressum-und-agb\/\" class=\"more-link\">Mehr <span class=\"screen-reader-text\">\u00fcber &#8222;Impressum &#038; AGB&#8220; <\/span>Lesen<\/a><\/p>\n","protected":false},"author":2,"featured_media":0,"parent":0,"menu_order":3,"comment_status":"closed","ping_status":"closed","template":"","meta":{"_mi_skip_tracking":false,"_monsterinsights_sitenote_active":false,"_monsterinsights_sitenote_note":"","_monsterinsights_sitenote_category":0,"footnotes":""},"class_list":["post-94","page","type-page","status-publish","hentry"],"yoast_head":"<!-- This site is optimized with the Yoast SEO plugin v21.5 - https:\/\/yoast.com\/wordpress\/plugins\/seo\/ -->\n<title>Trautwein GmbH - Impressum und AGB<\/title>\n<meta name=\"description\" content=\"Hier im Impressum und AGB k\u00f6nnen Sie sich \u00fcber die rechtlichen Bedingungen des Unternehmens Trautwein GmbH informieren.\" \/>\n<meta name=\"robots\" content=\"index, follow, max-snippet:-1, max-image-preview:large, max-video-preview:-1\" \/>\n<link rel=\"canonical\" href=\"http:\/\/www.trautweingmbh.de\/cms\/impressum-und-agb\/\" \/>\n<meta property=\"og:locale\" content=\"de_DE\" \/>\n<meta property=\"og:type\" content=\"article\" \/>\n<meta property=\"og:title\" content=\"Trautwein GmbH - Impressum und AGB\" \/>\n<meta property=\"og:description\" content=\"Hier im Impressum und AGB k\u00f6nnen Sie sich \u00fcber die rechtlichen Bedingungen des Unternehmens Trautwein GmbH informieren.\" \/>\n<meta property=\"og:url\" content=\"http:\/\/www.trautweingmbh.de\/cms\/impressum-und-agb\/\" \/>\n<meta property=\"og:site_name\" content=\"H\u00e4rterei Trautwein GmbH\" \/>\n<meta property=\"article:modified_time\" content=\"2022-02-09T06:22:53+00:00\" \/>\n<meta name=\"twitter:card\" content=\"summary_large_image\" \/>\n<meta name=\"twitter:label1\" content=\"Gesch\u00e4tzte Lesezeit\" \/>\n\t<meta name=\"twitter:data1\" content=\"1\u00a0Minute\" \/>\n<script type=\"application\/ld+json\" class=\"yoast-schema-graph\">{\"@context\":\"https:\/\/schema.org\",\"@graph\":[{\"@type\":\"WebPage\",\"@id\":\"http:\/\/www.trautweingmbh.de\/cms\/impressum-und-agb\/\",\"url\":\"http:\/\/www.trautweingmbh.de\/cms\/impressum-und-agb\/\",\"name\":\"Trautwein GmbH - Impressum und AGB\",\"isPartOf\":{\"@id\":\"http:\/\/www.trautweingmbh.de\/cms\/#website\"},\"datePublished\":\"2014-02-22T14:52:12+00:00\",\"dateModified\":\"2022-02-09T06:22:53+00:00\",\"description\":\"Hier im Impressum und AGB k\u00f6nnen Sie sich \u00fcber die rechtlichen Bedingungen des Unternehmens Trautwein GmbH informieren.\",\"breadcrumb\":{\"@id\":\"http:\/\/www.trautweingmbh.de\/cms\/impressum-und-agb\/#breadcrumb\"},\"inLanguage\":\"de\",\"potentialAction\":[{\"@type\":\"ReadAction\",\"target\":[\"http:\/\/www.trautweingmbh.de\/cms\/impressum-und-agb\/\"]}]},{\"@type\":\"BreadcrumbList\",\"@id\":\"http:\/\/www.trautweingmbh.de\/cms\/impressum-und-agb\/#breadcrumb\",\"itemListElement\":[{\"@type\":\"ListItem\",\"position\":1,\"name\":\"Home\",\"item\":\"http:\/\/www.trautweingmbh.de\/cms\/\"},{\"@type\":\"ListItem\",\"position\":2,\"name\":\"Impressum &#038; AGB\"}]},{\"@type\":\"WebSite\",\"@id\":\"http:\/\/www.trautweingmbh.de\/cms\/#website\",\"url\":\"http:\/\/www.trautweingmbh.de\/cms\/\",\"name\":\"H\u00e4rterei Trautwein GmbH\",\"description\":\"W\u00e4rmebehandlung von Metallen | Oberfl\u00e4chenveredelung\",\"publisher\":{\"@id\":\"http:\/\/www.trautweingmbh.de\/cms\/#organization\"},\"potentialAction\":[{\"@type\":\"SearchAction\",\"target\":{\"@type\":\"EntryPoint\",\"urlTemplate\":\"http:\/\/www.trautweingmbh.de\/cms\/?s={search_term_string}\"},\"query-input\":\"required name=search_term_string\"}],\"inLanguage\":\"de\"},{\"@type\":\"Organization\",\"@id\":\"http:\/\/www.trautweingmbh.de\/cms\/#organization\",\"name\":\"Trautwein GmbH\",\"url\":\"http:\/\/www.trautweingmbh.de\/cms\/\",\"logo\":{\"@type\":\"ImageObject\",\"inLanguage\":\"de\",\"@id\":\"http:\/\/www.trautweingmbh.de\/cms\/#\/schema\/logo\/image\/\",\"url\":\"http:\/\/www.trautweingmbh.de\/cms\/wp-content\/uploads\/2013\/08\/Logo_m.gif\",\"contentUrl\":\"http:\/\/www.trautweingmbh.de\/cms\/wp-content\/uploads\/2013\/08\/Logo_m.gif\",\"width\":360,\"height\":55,\"caption\":\"Trautwein GmbH\"},\"image\":{\"@id\":\"http:\/\/www.trautweingmbh.de\/cms\/#\/schema\/logo\/image\/\"}}]}<\/script>\n<!-- \/ Yoast SEO plugin. -->","yoast_head_json":{"title":"Trautwein GmbH - Impressum und AGB","description":"Hier im Impressum und AGB k\u00f6nnen Sie sich \u00fcber die rechtlichen Bedingungen des Unternehmens Trautwein GmbH informieren.","robots":{"index":"index","follow":"follow","max-snippet":"max-snippet:-1","max-image-preview":"max-image-preview:large","max-video-preview":"max-video-preview:-1"},"canonical":"http:\/\/www.trautweingmbh.de\/cms\/impressum-und-agb\/","og_locale":"de_DE","og_type":"article","og_title":"Trautwein GmbH - Impressum und AGB","og_description":"Hier im Impressum und AGB k\u00f6nnen Sie sich \u00fcber die rechtlichen Bedingungen des Unternehmens Trautwein GmbH informieren.","og_url":"http:\/\/www.trautweingmbh.de\/cms\/impressum-und-agb\/","og_site_name":"H\u00e4rterei Trautwein GmbH","article_modified_time":"2022-02-09T06:22:53+00:00","twitter_card":"summary_large_image","twitter_misc":{"Gesch\u00e4tzte Lesezeit":"1\u00a0Minute"},"schema":{"@context":"https:\/\/schema.org","@graph":[{"@type":"WebPage","@id":"http:\/\/www.trautweingmbh.de\/cms\/impressum-und-agb\/","url":"http:\/\/www.trautweingmbh.de\/cms\/impressum-und-agb\/","name":"Trautwein GmbH - Impressum und AGB","isPartOf":{"@id":"http:\/\/www.trautweingmbh.de\/cms\/#website"},"datePublished":"2014-02-22T14:52:12+00:00","dateModified":"2022-02-09T06:22:53+00:00","description":"Hier im Impressum und AGB k\u00f6nnen Sie sich \u00fcber die rechtlichen Bedingungen des Unternehmens Trautwein GmbH informieren.","breadcrumb":{"@id":"http:\/\/www.trautweingmbh.de\/cms\/impressum-und-agb\/#breadcrumb"},"inLanguage":"de","potentialAction":[{"@type":"ReadAction","target":["http:\/\/www.trautweingmbh.de\/cms\/impressum-und-agb\/"]}]},{"@type":"BreadcrumbList","@id":"http:\/\/www.trautweingmbh.de\/cms\/impressum-und-agb\/#breadcrumb","itemListElement":[{"@type":"ListItem","position":1,"name":"Home","item":"http:\/\/www.trautweingmbh.de\/cms\/"},{"@type":"ListItem","position":2,"name":"Impressum &#038; AGB"}]},{"@type":"WebSite","@id":"http:\/\/www.trautweingmbh.de\/cms\/#website","url":"http:\/\/www.trautweingmbh.de\/cms\/","name":"H\u00e4rterei Trautwein GmbH","description":"W\u00e4rmebehandlung von Metallen | Oberfl\u00e4chenveredelung","publisher":{"@id":"http:\/\/www.trautweingmbh.de\/cms\/#organization"},"potentialAction":[{"@type":"SearchAction","target":{"@type":"EntryPoint","urlTemplate":"http:\/\/www.trautweingmbh.de\/cms\/?s={search_term_string}"},"query-input":"required name=search_term_string"}],"inLanguage":"de"},{"@type":"Organization","@id":"http:\/\/www.trautweingmbh.de\/cms\/#organization","name":"Trautwein GmbH","url":"http:\/\/www.trautweingmbh.de\/cms\/","logo":{"@type":"ImageObject","inLanguage":"de","@id":"http:\/\/www.trautweingmbh.de\/cms\/#\/schema\/logo\/image\/","url":"http:\/\/www.trautweingmbh.de\/cms\/wp-content\/uploads\/2013\/08\/Logo_m.gif","contentUrl":"http:\/\/www.trautweingmbh.de\/cms\/wp-content\/uploads\/2013\/08\/Logo_m.gif","width":360,"height":55,"caption":"Trautwein GmbH"},"image":{"@id":"http:\/\/www.trautweingmbh.de\/cms\/#\/schema\/logo\/image\/"}}]}},"jetpack_sharing_enabled":true,"_links":{"self":[{"href":"http:\/\/www.trautweingmbh.de\/cms\/wp-json\/wp\/v2\/pages\/94","targetHints":{"allow":["GET"]}}],"collection":[{"href":"http:\/\/www.trautweingmbh.de\/cms\/wp-json\/wp\/v2\/pages"}],"about":[{"href":"http:\/\/www.trautweingmbh.de\/cms\/wp-json\/wp\/v2\/types\/page"}],"author":[{"embeddable":true,"href":"http:\/\/www.trautweingmbh.de\/cms\/wp-json\/wp\/v2\/users\/2"}],"replies":[{"embeddable":true,"href":"http:\/\/www.trautweingmbh.de\/cms\/wp-json\/wp\/v2\/comments?post=94"}],"version-history":[{"count":35,"href":"http:\/\/www.trautweingmbh.de\/cms\/wp-json\/wp\/v2\/pages\/94\/revisions"}],"predecessor-version":[{"id":7397,"href":"http:\/\/www.trautweingmbh.de\/cms\/wp-json\/wp\/v2\/pages\/94\/revisions\/7397"}],"wp:attachment":[{"href":"http:\/\/www.trautweingmbh.de\/cms\/wp-json\/wp\/v2\/media?parent=94"}],"curies":[{"name":"wp","href":"https:\/\/api.w.org\/{rel}","templated":true}]}}