{"id":931,"date":"2015-07-11T12:03:39","date_gmt":"2015-07-11T10:03:39","guid":{"rendered":"http:\/\/www.trautweingmbh.de\/cms\/?page_id=931"},"modified":"2021-12-25T07:49:10","modified_gmt":"2021-12-25T05:49:10","slug":"plasmanitrieren","status":"publish","type":"page","link":"http:\/\/www.trautweingmbh.de\/cms\/plasmanitrieren\/","title":{"rendered":"Plasmanitrieren"},"content":{"rendered":"\t\t<div data-elementor-type=\"wp-page\" data-elementor-id=\"931\" class=\"elementor elementor-931\">\n\t\t\t\t\t\t\t\t\t<section class=\"elementor-section elementor-top-section elementor-element elementor-element-5d1d0436 elementor-section-boxed elementor-section-height-default elementor-section-height-default\" data-id=\"5d1d0436\" data-element_type=\"section\">\n\t\t\t\t\t\t<div class=\"elementor-container elementor-column-gap-default\">\n\t\t\t\t\t<div class=\"elementor-column elementor-col-100 elementor-top-column elementor-element elementor-element-73d63118\" data-id=\"73d63118\" data-element_type=\"column\">\n\t\t\t<div class=\"elementor-widget-wrap elementor-element-populated\">\n\t\t\t\t\t\t\t\t<div class=\"elementor-element elementor-element-27b1291c elementor-widget elementor-widget-text-editor\" data-id=\"27b1291c\" data-element_type=\"widget\" data-widget_type=\"text-editor.default\">\n\t\t\t\t<div class=\"elementor-widget-container\">\n\t\t\t<style>\/*! elementor - v3.17.0 - 08-11-2023 *\/\n.elementor-widget-text-editor.elementor-drop-cap-view-stacked .elementor-drop-cap{background-color:#69727d;color:#fff}.elementor-widget-text-editor.elementor-drop-cap-view-framed .elementor-drop-cap{color:#69727d;border:3px solid;background-color:transparent}.elementor-widget-text-editor:not(.elementor-drop-cap-view-default) .elementor-drop-cap{margin-top:8px}.elementor-widget-text-editor:not(.elementor-drop-cap-view-default) .elementor-drop-cap-letter{width:1em;height:1em}.elementor-widget-text-editor .elementor-drop-cap{float:left;text-align:center;line-height:1;font-size:50px}.elementor-widget-text-editor .elementor-drop-cap-letter{display:inline-block}<\/style>\t\t\t\t<h1><strong>PLASMANITRIEREN<\/strong><\/h1><p>Das Plasmanitrieren wird mit einem Gasgemisch aus Stickstoff und Wasserstoff durchgef\u00fchrt, um eine h\u00f6here Oberfl\u00e4chenh\u00e4rte zu erreichen.<\/p><p>Bei dem Verfahren wird Stickstoff in einer ionisierten Gasatomsph\u00e4re gezielt in das Material eindiffundiert. Durch die Wirkung des Plasmas kann die Temperatur in diesem Verfahren deutlich reduziert werden, im Vergleich zum Gas- oder Salzbadnitrieren. Dadurch k\u00f6nnen wir Plasmanitrieren auch bei verzugsempfindlichen Werkstoffen durchf\u00fchren und setzen dabei Temperaturen von 350 \u00b0C bis 600 \u00b0C an.<\/p><p>Hierbei werden keine giftigen Gase verwendet, sodass Plasmanitrieren als umweltfreundliche Methode der Oberfl\u00e4chenh\u00e4rtung gilt.<\/p>\t\t\t\t\t\t<\/div>\n\t\t\t\t<\/div>\n\t\t\t\t\t<\/div>\n\t\t<\/div>\n\t\t\t\t\t\t\t<\/div>\n\t\t<\/section>\n\t\t\t\t\t\t\t<\/div>\n\t\t","protected":false},"excerpt":{"rendered":"<p>PLASMANITRIEREN Das Plasmanitrieren wird mit einem Gasgemisch aus Stickstoff und Wasserstoff durchgef\u00fchrt, um eine h\u00f6here Oberfl\u00e4chenh\u00e4rte zu erreichen. Bei dem Verfahren wird Stickstoff in einer ionisierten Gasatomsph\u00e4re gezielt in das Material eindiffundiert. Durch die Wirkung des Plasmas kann die Temperatur in diesem Verfahren deutlich reduziert werden, im Vergleich zum Gas- oder Salzbadnitrieren. Dadurch k\u00f6nnen wir &hellip; <\/p>\n<p class=\"link-more\"><a href=\"http:\/\/www.trautweingmbh.de\/cms\/plasmanitrieren\/\" class=\"more-link\">Mehr <span class=\"screen-reader-text\">\u00fcber &#8222;Plasmanitrieren&#8220; <\/span>Lesen<\/a><\/p>\n","protected":false},"author":2,"featured_media":0,"parent":0,"menu_order":0,"comment_status":"closed","ping_status":"closed","template":"","meta":{"_mi_skip_tracking":false,"_monsterinsights_sitenote_active":false,"_monsterinsights_sitenote_note":"","_monsterinsights_sitenote_category":0,"footnotes":""},"class_list":["post-931","page","type-page","status-publish","hentry"],"yoast_head":"<!-- This site is optimized with the Yoast SEO plugin v21.5 - https:\/\/yoast.com\/wordpress\/plugins\/seo\/ -->\n<title>Plasmanitrieren - Trautwein GmbH<\/title>\n<meta name=\"description\" content=\"Das Plasmanitrieren wird mit einem Gasgemisch aus Stickstoff und Wasserstoff durchgef\u00fchrt, um eine h\u00f6here Oberfl\u00e4chenh\u00e4rte zu erreichen. Bei dem Verfahren..\" \/>\n<meta name=\"robots\" content=\"index, follow, max-snippet:-1, max-image-preview:large, max-video-preview:-1\" \/>\n<link rel=\"canonical\" href=\"http:\/\/www.trautweingmbh.de\/cms\/plasmanitrieren\/\" \/>\n<meta property=\"og:locale\" content=\"de_DE\" \/>\n<meta property=\"og:type\" content=\"article\" \/>\n<meta property=\"og:title\" content=\"Plasmanitrieren - Trautwein GmbH\" \/>\n<meta property=\"og:description\" content=\"Das Plasmanitrieren wird mit einem Gasgemisch aus Stickstoff und Wasserstoff durchgef\u00fchrt, um eine h\u00f6here Oberfl\u00e4chenh\u00e4rte zu erreichen. Bei dem Verfahren..\" \/>\n<meta property=\"og:url\" content=\"http:\/\/www.trautweingmbh.de\/cms\/plasmanitrieren\/\" \/>\n<meta property=\"og:site_name\" content=\"H\u00e4rterei Trautwein GmbH\" \/>\n<meta property=\"article:modified_time\" content=\"2021-12-25T05:49:10+00:00\" \/>\n<meta name=\"twitter:card\" content=\"summary_large_image\" \/>\n<meta name=\"twitter:label1\" content=\"Gesch\u00e4tzte Lesezeit\" \/>\n\t<meta name=\"twitter:data1\" content=\"1\u00a0Minute\" \/>\n<script type=\"application\/ld+json\" class=\"yoast-schema-graph\">{\"@context\":\"https:\/\/schema.org\",\"@graph\":[{\"@type\":\"WebPage\",\"@id\":\"http:\/\/www.trautweingmbh.de\/cms\/plasmanitrieren\/\",\"url\":\"http:\/\/www.trautweingmbh.de\/cms\/plasmanitrieren\/\",\"name\":\"Plasmanitrieren - Trautwein GmbH\",\"isPartOf\":{\"@id\":\"http:\/\/www.trautweingmbh.de\/cms\/#website\"},\"datePublished\":\"2015-07-11T10:03:39+00:00\",\"dateModified\":\"2021-12-25T05:49:10+00:00\",\"description\":\"Das Plasmanitrieren wird mit einem Gasgemisch aus Stickstoff und Wasserstoff durchgef\u00fchrt, um eine h\u00f6here Oberfl\u00e4chenh\u00e4rte zu erreichen. Bei dem Verfahren..\",\"breadcrumb\":{\"@id\":\"http:\/\/www.trautweingmbh.de\/cms\/plasmanitrieren\/#breadcrumb\"},\"inLanguage\":\"de\",\"potentialAction\":[{\"@type\":\"ReadAction\",\"target\":[\"http:\/\/www.trautweingmbh.de\/cms\/plasmanitrieren\/\"]}]},{\"@type\":\"BreadcrumbList\",\"@id\":\"http:\/\/www.trautweingmbh.de\/cms\/plasmanitrieren\/#breadcrumb\",\"itemListElement\":[{\"@type\":\"ListItem\",\"position\":1,\"name\":\"Home\",\"item\":\"http:\/\/www.trautweingmbh.de\/cms\/\"},{\"@type\":\"ListItem\",\"position\":2,\"name\":\"Plasmanitrieren\"}]},{\"@type\":\"WebSite\",\"@id\":\"http:\/\/www.trautweingmbh.de\/cms\/#website\",\"url\":\"http:\/\/www.trautweingmbh.de\/cms\/\",\"name\":\"H\u00e4rterei Trautwein GmbH\",\"description\":\"W\u00e4rmebehandlung von Metallen | Oberfl\u00e4chenveredelung\",\"publisher\":{\"@id\":\"http:\/\/www.trautweingmbh.de\/cms\/#organization\"},\"potentialAction\":[{\"@type\":\"SearchAction\",\"target\":{\"@type\":\"EntryPoint\",\"urlTemplate\":\"http:\/\/www.trautweingmbh.de\/cms\/?s={search_term_string}\"},\"query-input\":\"required name=search_term_string\"}],\"inLanguage\":\"de\"},{\"@type\":\"Organization\",\"@id\":\"http:\/\/www.trautweingmbh.de\/cms\/#organization\",\"name\":\"Trautwein GmbH\",\"url\":\"http:\/\/www.trautweingmbh.de\/cms\/\",\"logo\":{\"@type\":\"ImageObject\",\"inLanguage\":\"de\",\"@id\":\"http:\/\/www.trautweingmbh.de\/cms\/#\/schema\/logo\/image\/\",\"url\":\"http:\/\/www.trautweingmbh.de\/cms\/wp-content\/uploads\/2013\/08\/Logo_m.gif\",\"contentUrl\":\"http:\/\/www.trautweingmbh.de\/cms\/wp-content\/uploads\/2013\/08\/Logo_m.gif\",\"width\":360,\"height\":55,\"caption\":\"Trautwein GmbH\"},\"image\":{\"@id\":\"http:\/\/www.trautweingmbh.de\/cms\/#\/schema\/logo\/image\/\"}}]}<\/script>\n<!-- \/ Yoast SEO plugin. -->","yoast_head_json":{"title":"Plasmanitrieren - Trautwein GmbH","description":"Das Plasmanitrieren wird mit einem Gasgemisch aus Stickstoff und Wasserstoff durchgef\u00fchrt, um eine h\u00f6here Oberfl\u00e4chenh\u00e4rte zu erreichen. Bei dem Verfahren..","robots":{"index":"index","follow":"follow","max-snippet":"max-snippet:-1","max-image-preview":"max-image-preview:large","max-video-preview":"max-video-preview:-1"},"canonical":"http:\/\/www.trautweingmbh.de\/cms\/plasmanitrieren\/","og_locale":"de_DE","og_type":"article","og_title":"Plasmanitrieren - Trautwein GmbH","og_description":"Das Plasmanitrieren wird mit einem Gasgemisch aus Stickstoff und Wasserstoff durchgef\u00fchrt, um eine h\u00f6here Oberfl\u00e4chenh\u00e4rte zu erreichen. Bei dem Verfahren..","og_url":"http:\/\/www.trautweingmbh.de\/cms\/plasmanitrieren\/","og_site_name":"H\u00e4rterei Trautwein GmbH","article_modified_time":"2021-12-25T05:49:10+00:00","twitter_card":"summary_large_image","twitter_misc":{"Gesch\u00e4tzte Lesezeit":"1\u00a0Minute"},"schema":{"@context":"https:\/\/schema.org","@graph":[{"@type":"WebPage","@id":"http:\/\/www.trautweingmbh.de\/cms\/plasmanitrieren\/","url":"http:\/\/www.trautweingmbh.de\/cms\/plasmanitrieren\/","name":"Plasmanitrieren - Trautwein GmbH","isPartOf":{"@id":"http:\/\/www.trautweingmbh.de\/cms\/#website"},"datePublished":"2015-07-11T10:03:39+00:00","dateModified":"2021-12-25T05:49:10+00:00","description":"Das Plasmanitrieren wird mit einem Gasgemisch aus Stickstoff und Wasserstoff durchgef\u00fchrt, um eine h\u00f6here Oberfl\u00e4chenh\u00e4rte zu erreichen. Bei dem Verfahren..","breadcrumb":{"@id":"http:\/\/www.trautweingmbh.de\/cms\/plasmanitrieren\/#breadcrumb"},"inLanguage":"de","potentialAction":[{"@type":"ReadAction","target":["http:\/\/www.trautweingmbh.de\/cms\/plasmanitrieren\/"]}]},{"@type":"BreadcrumbList","@id":"http:\/\/www.trautweingmbh.de\/cms\/plasmanitrieren\/#breadcrumb","itemListElement":[{"@type":"ListItem","position":1,"name":"Home","item":"http:\/\/www.trautweingmbh.de\/cms\/"},{"@type":"ListItem","position":2,"name":"Plasmanitrieren"}]},{"@type":"WebSite","@id":"http:\/\/www.trautweingmbh.de\/cms\/#website","url":"http:\/\/www.trautweingmbh.de\/cms\/","name":"H\u00e4rterei Trautwein GmbH","description":"W\u00e4rmebehandlung von Metallen | Oberfl\u00e4chenveredelung","publisher":{"@id":"http:\/\/www.trautweingmbh.de\/cms\/#organization"},"potentialAction":[{"@type":"SearchAction","target":{"@type":"EntryPoint","urlTemplate":"http:\/\/www.trautweingmbh.de\/cms\/?s={search_term_string}"},"query-input":"required name=search_term_string"}],"inLanguage":"de"},{"@type":"Organization","@id":"http:\/\/www.trautweingmbh.de\/cms\/#organization","name":"Trautwein GmbH","url":"http:\/\/www.trautweingmbh.de\/cms\/","logo":{"@type":"ImageObject","inLanguage":"de","@id":"http:\/\/www.trautweingmbh.de\/cms\/#\/schema\/logo\/image\/","url":"http:\/\/www.trautweingmbh.de\/cms\/wp-content\/uploads\/2013\/08\/Logo_m.gif","contentUrl":"http:\/\/www.trautweingmbh.de\/cms\/wp-content\/uploads\/2013\/08\/Logo_m.gif","width":360,"height":55,"caption":"Trautwein GmbH"},"image":{"@id":"http:\/\/www.trautweingmbh.de\/cms\/#\/schema\/logo\/image\/"}}]}},"jetpack_sharing_enabled":true,"_links":{"self":[{"href":"http:\/\/www.trautweingmbh.de\/cms\/wp-json\/wp\/v2\/pages\/931","targetHints":{"allow":["GET"]}}],"collection":[{"href":"http:\/\/www.trautweingmbh.de\/cms\/wp-json\/wp\/v2\/pages"}],"about":[{"href":"http:\/\/www.trautweingmbh.de\/cms\/wp-json\/wp\/v2\/types\/page"}],"author":[{"embeddable":true,"href":"http:\/\/www.trautweingmbh.de\/cms\/wp-json\/wp\/v2\/users\/2"}],"replies":[{"embeddable":true,"href":"http:\/\/www.trautweingmbh.de\/cms\/wp-json\/wp\/v2\/comments?post=931"}],"version-history":[{"count":13,"href":"http:\/\/www.trautweingmbh.de\/cms\/wp-json\/wp\/v2\/pages\/931\/revisions"}],"predecessor-version":[{"id":7082,"href":"http:\/\/www.trautweingmbh.de\/cms\/wp-json\/wp\/v2\/pages\/931\/revisions\/7082"}],"wp:attachment":[{"href":"http:\/\/www.trautweingmbh.de\/cms\/wp-json\/wp\/v2\/media?parent=931"}],"curies":[{"name":"wp","href":"https:\/\/api.w.org\/{rel}","templated":true}]}}