{"id":9,"date":"2015-09-29T18:16:07","date_gmt":"2015-09-29T16:16:07","guid":{"rendered":"http:\/\/trautweingmbh.de\/cms\/?page_id=9"},"modified":"2023-03-30T08:45:39","modified_gmt":"2023-03-30T06:45:39","slug":"unsere-leistungen","status":"publish","type":"page","link":"http:\/\/www.trautweingmbh.de\/cms\/unsere-leistungen\/","title":{"rendered":"Unsere Leistungen"},"content":{"rendered":"\t\t<div data-elementor-type=\"wp-page\" data-elementor-id=\"9\" class=\"elementor elementor-9\">\n\t\t\t\t\t\t\t\t\t<section class=\"elementor-section elementor-top-section elementor-element elementor-element-34a5de89 elementor-section-boxed elementor-section-height-default elementor-section-height-default\" data-id=\"34a5de89\" data-element_type=\"section\">\n\t\t\t\t\t\t<div class=\"elementor-container elementor-column-gap-default\">\n\t\t\t\t\t<div class=\"elementor-column elementor-col-100 elementor-top-column elementor-element elementor-element-e917f6\" data-id=\"e917f6\" data-element_type=\"column\">\n\t\t\t<div class=\"elementor-widget-wrap elementor-element-populated\">\n\t\t\t\t\t\t\t\t<div class=\"elementor-element elementor-element-7b25cadf elementor-widget elementor-widget-text-editor\" data-id=\"7b25cadf\" data-element_type=\"widget\" data-widget_type=\"text-editor.default\">\n\t\t\t\t<div class=\"elementor-widget-container\">\n\t\t\t<style>\/*! elementor - v3.17.0 - 08-11-2023 *\/\n.elementor-widget-text-editor.elementor-drop-cap-view-stacked .elementor-drop-cap{background-color:#69727d;color:#fff}.elementor-widget-text-editor.elementor-drop-cap-view-framed .elementor-drop-cap{color:#69727d;border:3px solid;background-color:transparent}.elementor-widget-text-editor:not(.elementor-drop-cap-view-default) .elementor-drop-cap{margin-top:8px}.elementor-widget-text-editor:not(.elementor-drop-cap-view-default) .elementor-drop-cap-letter{width:1em;height:1em}.elementor-widget-text-editor .elementor-drop-cap{float:left;text-align:center;line-height:1;font-size:50px}.elementor-widget-text-editor .elementor-drop-cap-letter{display:inline-block}<\/style>\t\t\t\t<div>\n<div>\n<div data-weight=\"1\">\n<div data-index=\"0\" data-style=\"{&quot;background_display&quot;:&quot;tile&quot;}\">\n<div>\n<div>\n<div>\n<h1><span style=\"font-size: 36px;\">UNSERE LEISTUNGEN<\/span><\/h1>\n<div>\n<p style=\"box-sizing: inherit;\"><span style=\"color: #000000;\">Herzlich Willkommen auf der Unternehmensseite der H\u00e4rterei Trautwein.&nbsp;<\/span>Die Trautwein GmbH ist ein in Deutschland ans\u00e4ssiges Unternehmen, das sich auf die W\u00e4rmebehandlung und Oberfl\u00e4chenveredelung von Metallen spezialisiert hat.&nbsp;<\/p>\n<p style=\"box-sizing: inherit;\">Wir bieten unseren Kunden seit mehr als 30 Jahren hochwertige Dienstleistungen an und freuen uns, Ihnen die folgenden Verfahren anbieten zu k\u00f6nnen:<\/p>\n<h2 style=\"box-sizing: inherit;\"><span style=\"box-sizing: inherit; font-weight: bolder; color: #000000;\"><a style=\"box-sizing: inherit; color: #000000;\" href=\"http:\/\/www.trautweingmbh.de\/cms\/waermebehandlung\/\">1. W\u00e4rmebehandlung<\/a><\/span><\/h2>\n<div>Die moderne Technik w\u00e4re ohne H\u00e4rten nicht m\u00f6glich. Geh\u00e4rtete und verg\u00fctete Werkst\u00fccke sind st\u00e4rker als ihre ungesch\u00fctzten Gegenst\u00fccke, wodurch sie l\u00e4nger im Einsatz bleiben &#8211; die durchschnittliche Lebensdauer ist bei W\u00e4rmebehandlung oft um ein Vielfaches h\u00f6her. Da es f\u00fcr Ingenieure keine andere M\u00f6glichkeit gibt, ein so wichtiges Teil so stark zu machen und gleichzeitig sein geringes Gewicht oder seine Kompaktheit w\u00e4hrend des Bauprozesses beizubehalten, ist es unter Fachleuten, die bei der Entwicklung ihrer Produkte gegen Abnutzung durch wiederholten Gebrauch Wert auf Qualit\u00e4t statt auf Quantit\u00e4t legen, zur g\u00e4ngigen Praxis geworden: Haltbarkeit ist das Wichtigste!<\/div>\n<div>&nbsp;<\/div>\n<div>Mit uns k\u00f6nnen Sie Ihre Teile hart und gl\u00e4nzend machen! Wir bieten eine breite Palette von Dienstleistungen an, die daf\u00fcr sorgen, dass Ihre Teile genauso lange halten, wenn nicht sogar l\u00e4nger als die Zeit, die Sie brauchen, um von der Arbeit hierher zu fahren. Ob Einsatzh\u00e4rtung in unserem Schutzgas-Mehrzweckofen oder Aufkohlung, damit keine unerw\u00fcnschte Korrosion auftritt, bevor sie in die Produktion gehen &#8211; wir haben alles im Angebot, einschlie\u00dflich Anlassen und Gl\u00fchen, falls erforderlich.<\/div>\n<div>&nbsp;<\/div>\n<ul style=\"box-sizing: inherit;\">\n<li style=\"box-sizing: inherit;\"><span style=\"color: #000000;\"><span style=\"box-sizing: inherit; font-weight: bolder;\"><a style=\"box-sizing: inherit; color: #000000;\" href=\"http:\/\/www.trautweingmbh.de\/cms\/einsatzhaerten-und-vergueten\/\">&#8211; Einsatzh\u00e4rten&nbsp;<\/a><\/span>im Schutzgasmehrzweckkammerofen mit Vorw\u00e4rmkammer f\u00fcr verzugsempfindliche Teile mit einer Gr\u00f6\u00dfe von bis zu 800x500x700 mm.<\/span>\n<ul>\n<li style=\"box-sizing: inherit;\"><span style=\"color: #000000;\"><span style=\"box-sizing: inherit; font-weight: bolder;\">&#8211;&nbsp;<\/span><span style=\"box-sizing: inherit; font-weight: bolder;\"><a style=\"box-sizing: inherit; color: #000000;\" href=\"http:\/\/www.trautweingmbh.de\/cms\/haerten\/\">Aufkohlen<\/a><\/span><\/span><\/li>\n<li style=\"box-sizing: inherit;\"><span style=\"box-sizing: inherit; font-weight: bolder; color: #000000;\"><a style=\"box-sizing: inherit; color: #000000;\" href=\"http:\/\/www.trautweingmbh.de\/cms\/haerten\/\">&#8211; H\u00e4rten<\/a><\/span><\/li>\n<li style=\"box-sizing: inherit;\"><span style=\"color: #000000;\"><a style=\"box-sizing: inherit; color: #000000;\" href=\"http:\/\/www.trautweingmbh.de\/cms\/induktionshaerten\/\"><span style=\"box-sizing: inherit; font-weight: bolder;\">&#8211; Induktionsh\u00e4rten&nbsp;<\/span><\/a>mit einer Mittelfrequenzanlage f\u00fcr Randh\u00e4rtetiefen von ca. 1,00-5,00 mm. Teile mit einer L\u00e4nge von 1000 mm und einem Durchmesser von bis zu 400 mm&nbsp;&nbsp; k\u00f6nnen bearbeitet werden.<\/span><\/li>\n<li style=\"box-sizing: inherit;\"><span style=\"color: #000000;\"><a style=\"box-sizing: inherit; color: #000000;\" href=\"http:\/\/www.trautweingmbh.de\/cms\/vakuumhaerten\/\"><span style=\"box-sizing: inherit; font-weight: bolder;\">&#8211; Vakuumh\u00e4rten&nbsp;<\/span><\/a>mit Stickstoffabschreckung bei Temperaturen bis zu 1200 \u00b0C und Bauteilgr\u00f6\u00dfen von bis zu 800x500x700 mm.<\/span><\/li>\n<li style=\"box-sizing: inherit;\"><span style=\"box-sizing: inherit; font-weight: bolder; color: #000000;\"><a style=\"box-sizing: inherit; color: #000000;\" href=\"http:\/\/www.trautweingmbh.de\/cms\/schutzgashaerten\/\">&#8211; Schutzgash\u00e4rten<\/a><\/span><\/li>\n<\/ul>\n<\/li>\n<li style=\"box-sizing: inherit;\"><span style=\"color: #000000;\"><a style=\"box-sizing: inherit; color: #000000;\" href=\"http:\/\/www.trautweingmbh.de\/cms\/anlassen\/\"><span style=\"box-sizing: inherit; font-weight: bolder;\">Anlassen und Tempern <\/span><\/a>von Bauteilen mit bis zu 1000x600x700 mm.<\/span><\/li>\n<li style=\"box-sizing: inherit;\"><span style=\"box-sizing: inherit; font-weight: bolder; color: #000000;\"><a style=\"box-sizing: inherit; color: #000000;\" href=\"http:\/\/www.trautweingmbh.de\/cms\/vergueten-2\/\">Verg\u00fcten<\/a><\/span><\/li>\n<li style=\"box-sizing: inherit;\"><span style=\"box-sizing: inherit; font-weight: bolder; color: #000000;\"><a style=\"box-sizing: inherit; color: #000000;\" href=\"http:\/\/www.trautweingmbh.de\/cms\/carbonitrieren\/\">Carbonitrieren<\/a> <\/span><span style=\"box-sizing: inherit; color: rgb(0, 0, 0);\">(z.Z. leider nicht m\u00f6glich)<\/span><span style=\"box-sizing: inherit; font-weight: bolder; color: #000000;\"><br><\/span><\/li>\n<li style=\"box-sizing: inherit;\"><span style=\"color: #000000;\"><a style=\"box-sizing: inherit; color: #000000;\" href=\"http:\/\/trautweingmbh.de\/cms\/gluehen\/\"><span style=\"box-sizing: inherit; font-weight: bolder;\">Gl\u00fchen <\/span><\/a>unter Schutzgas mit Bauteilgr\u00f6\u00dfen von bis zu 1000x600x700 mm.<\/span><\/li>\n<li style=\"box-sizing: inherit;\">\n<p><span style=\"box-sizing: inherit; color: rgb(0, 0, 0);\"><b><a style=\"box-sizing: inherit; color: #000000;\" href=\"http:\/\/www.trautweingmbh.de\/cms\/nitrieren\/\">Nitrieren<\/a> <\/b>(z.Z. leider nicht m\u00f6glich)<\/span><\/p>\n<pre>&nbsp;<\/pre>\n<\/li>\n<\/ul>\n<h2 style=\"box-sizing: inherit;\"><span style=\"box-sizing: inherit; font-weight: bolder; color: #000000;\"><a style=\"box-sizing: inherit; color: #000000;\" href=\"http:\/\/www.trautweingmbh.de\/cms\/oberflaechenveredelung\/\">2. Oberfl\u00e4chenveredelung<\/a><\/span><\/h2>\n<div>\n<div>Die Oberfl\u00e4chenqualit\u00e4t kann durch verschiedene Verfahren verbessert werden, wie z.B. das Br\u00fcnieren in einem hei\u00dfen Bad von Eisenwerkstoffen mit den Ma\u00dfen 1200 x 550&#215;600 mm oder das Sandstrahlen von Kleinteilen auf einer Anlage, die \u00fcber unterschiedlich gro\u00dfe Muldenb\u00e4nder f\u00fcr absolut saubere Oberfl\u00e4chen verf\u00fcgt. Andere Methoden sind das Richten von Werkst\u00fccken in einer 100t-Presse und einer Stahlblech-Strahlkabine mit breitem Strahl, die ebenfalls eingesetzt werden, um die Metallstruktur glatt und ohne Grate zu halten.&nbsp;<span style=\"color: var( --e-global-color-text ); font-family: var( --e-global-typography-text-font-family ), Sans-serif; font-weight: var( --e-global-typography-text-font-weight );\">Die besten Ergebnisse erzielt man, wenn man all diese Techniken miteinander kombiniert, da sie je nach dem zu behandelnden Teil einzigartige Eigenschaften haben.<\/span><\/div>\n<\/div>\n<div><span style=\"color: var( --e-global-color-text ); font-family: var( --e-global-typography-text-font-family ), Sans-serif; font-weight: var( --e-global-typography-text-font-weight );\">&nbsp;<\/span><\/div>\n<p style=\"box-sizing: inherit;\"><span style=\"color: #000000;\">Sie haben ein Anliegen? Fragen Sie uns an, wir beraten Sie gerne.<\/span><\/p>\n<\/div>\n<\/div>\n<\/div>\n<\/div>\n<\/div>\n<\/div>\n<\/div>\n<\/div>\t\t\t\t\t\t<\/div>\n\t\t\t\t<\/div>\n\t\t\t\t\t<\/div>\n\t\t<\/div>\n\t\t\t\t\t\t\t<\/div>\n\t\t<\/section>\n\t\t\t\t\t\t\t<\/div>\n\t\t","protected":false},"excerpt":{"rendered":"<p>UNSERE LEISTUNGEN Herzlich Willkommen auf der Unternehmensseite der H\u00e4rterei Trautwein.&nbsp;Die Trautwein GmbH ist ein in Deutschland ans\u00e4ssiges Unternehmen, das sich auf die W\u00e4rmebehandlung und Oberfl\u00e4chenveredelung von Metallen spezialisiert hat.&nbsp; Wir bieten unseren Kunden seit mehr als 30 Jahren hochwertige Dienstleistungen an und freuen uns, Ihnen die folgenden Verfahren anbieten zu k\u00f6nnen: 1. W\u00e4rmebehandlung Die moderne &hellip; <\/p>\n<p class=\"link-more\"><a href=\"http:\/\/www.trautweingmbh.de\/cms\/unsere-leistungen\/\" class=\"more-link\">Mehr <span class=\"screen-reader-text\">\u00fcber &#8222;Unsere Leistungen&#8220; <\/span>Lesen<\/a><\/p>\n","protected":false},"author":1,"featured_media":0,"parent":0,"menu_order":0,"comment_status":"closed","ping_status":"closed","template":"","meta":{"_mi_skip_tracking":false,"_monsterinsights_sitenote_active":false,"_monsterinsights_sitenote_note":"","_monsterinsights_sitenote_category":0,"footnotes":""},"class_list":["post-9","page","type-page","status-publish","hentry"],"yoast_head":"<!-- This site is optimized with the Yoast SEO plugin v21.5 - https:\/\/yoast.com\/wordpress\/plugins\/seo\/ -->\n<title>Unsere Leistungen - H\u00e4rterei Trautwein GmbH<\/title>\n<meta name=\"description\" content=\"Unsere Leistungen: 1. Einsatzh\u00e4rten und Verg\u00fcten, 2. Vakuumh\u00e4rten, 3. Induktionsh\u00e4rten, 4. Gl\u00fchen unter Schutzgas 5. Anlassen und Tempern, 6. Sandstrahlen..\" \/>\n<meta name=\"robots\" content=\"index, follow, max-snippet:-1, max-image-preview:large, max-video-preview:-1\" \/>\n<link rel=\"canonical\" href=\"http:\/\/www.trautweingmbh.de\/cms\/unsere-leistungen\/\" \/>\n<meta property=\"og:locale\" content=\"de_DE\" \/>\n<meta property=\"og:type\" content=\"article\" \/>\n<meta property=\"og:title\" content=\"Unsere Leistungen - H\u00e4rterei Trautwein GmbH\" \/>\n<meta property=\"og:description\" content=\"Unsere Leistungen: 1. Einsatzh\u00e4rten und Verg\u00fcten, 2. Vakuumh\u00e4rten, 3. Induktionsh\u00e4rten, 4. Gl\u00fchen unter Schutzgas 5. Anlassen und Tempern, 6. Sandstrahlen..\" \/>\n<meta property=\"og:url\" content=\"http:\/\/www.trautweingmbh.de\/cms\/unsere-leistungen\/\" \/>\n<meta property=\"og:site_name\" content=\"H\u00e4rterei Trautwein GmbH\" \/>\n<meta property=\"article:modified_time\" content=\"2023-03-30T06:45:39+00:00\" \/>\n<meta name=\"twitter:card\" content=\"summary_large_image\" \/>\n<meta name=\"twitter:label1\" content=\"Gesch\u00e4tzte Lesezeit\" \/>\n\t<meta name=\"twitter:data1\" content=\"3\u00a0Minuten\" \/>\n<script type=\"application\/ld+json\" class=\"yoast-schema-graph\">{\"@context\":\"https:\/\/schema.org\",\"@graph\":[{\"@type\":\"WebPage\",\"@id\":\"http:\/\/www.trautweingmbh.de\/cms\/unsere-leistungen\/\",\"url\":\"http:\/\/www.trautweingmbh.de\/cms\/unsere-leistungen\/\",\"name\":\"Unsere Leistungen - H\u00e4rterei Trautwein GmbH\",\"isPartOf\":{\"@id\":\"http:\/\/www.trautweingmbh.de\/cms\/#website\"},\"datePublished\":\"2015-09-29T16:16:07+00:00\",\"dateModified\":\"2023-03-30T06:45:39+00:00\",\"description\":\"Unsere Leistungen: 1. Einsatzh\u00e4rten und Verg\u00fcten, 2. Vakuumh\u00e4rten, 3. Induktionsh\u00e4rten, 4. Gl\u00fchen unter Schutzgas 5. Anlassen und Tempern, 6. Sandstrahlen..\",\"breadcrumb\":{\"@id\":\"http:\/\/www.trautweingmbh.de\/cms\/unsere-leistungen\/#breadcrumb\"},\"inLanguage\":\"de\",\"potentialAction\":[{\"@type\":\"ReadAction\",\"target\":[\"http:\/\/www.trautweingmbh.de\/cms\/unsere-leistungen\/\"]}]},{\"@type\":\"BreadcrumbList\",\"@id\":\"http:\/\/www.trautweingmbh.de\/cms\/unsere-leistungen\/#breadcrumb\",\"itemListElement\":[{\"@type\":\"ListItem\",\"position\":1,\"name\":\"Home\",\"item\":\"http:\/\/www.trautweingmbh.de\/cms\/\"},{\"@type\":\"ListItem\",\"position\":2,\"name\":\"Unsere Leistungen\"}]},{\"@type\":\"WebSite\",\"@id\":\"http:\/\/www.trautweingmbh.de\/cms\/#website\",\"url\":\"http:\/\/www.trautweingmbh.de\/cms\/\",\"name\":\"H\u00e4rterei Trautwein GmbH\",\"description\":\"W\u00e4rmebehandlung von Metallen | Oberfl\u00e4chenveredelung\",\"publisher\":{\"@id\":\"http:\/\/www.trautweingmbh.de\/cms\/#organization\"},\"potentialAction\":[{\"@type\":\"SearchAction\",\"target\":{\"@type\":\"EntryPoint\",\"urlTemplate\":\"http:\/\/www.trautweingmbh.de\/cms\/?s={search_term_string}\"},\"query-input\":\"required name=search_term_string\"}],\"inLanguage\":\"de\"},{\"@type\":\"Organization\",\"@id\":\"http:\/\/www.trautweingmbh.de\/cms\/#organization\",\"name\":\"Trautwein GmbH\",\"url\":\"http:\/\/www.trautweingmbh.de\/cms\/\",\"logo\":{\"@type\":\"ImageObject\",\"inLanguage\":\"de\",\"@id\":\"http:\/\/www.trautweingmbh.de\/cms\/#\/schema\/logo\/image\/\",\"url\":\"http:\/\/www.trautweingmbh.de\/cms\/wp-content\/uploads\/2013\/08\/Logo_m.gif\",\"contentUrl\":\"http:\/\/www.trautweingmbh.de\/cms\/wp-content\/uploads\/2013\/08\/Logo_m.gif\",\"width\":360,\"height\":55,\"caption\":\"Trautwein GmbH\"},\"image\":{\"@id\":\"http:\/\/www.trautweingmbh.de\/cms\/#\/schema\/logo\/image\/\"}}]}<\/script>\n<!-- \/ Yoast SEO plugin. -->","yoast_head_json":{"title":"Unsere Leistungen - H\u00e4rterei Trautwein GmbH","description":"Unsere Leistungen: 1. Einsatzh\u00e4rten und Verg\u00fcten, 2. Vakuumh\u00e4rten, 3. Induktionsh\u00e4rten, 4. Gl\u00fchen unter Schutzgas 5. Anlassen und Tempern, 6. Sandstrahlen..","robots":{"index":"index","follow":"follow","max-snippet":"max-snippet:-1","max-image-preview":"max-image-preview:large","max-video-preview":"max-video-preview:-1"},"canonical":"http:\/\/www.trautweingmbh.de\/cms\/unsere-leistungen\/","og_locale":"de_DE","og_type":"article","og_title":"Unsere Leistungen - H\u00e4rterei Trautwein GmbH","og_description":"Unsere Leistungen: 1. Einsatzh\u00e4rten und Verg\u00fcten, 2. Vakuumh\u00e4rten, 3. Induktionsh\u00e4rten, 4. Gl\u00fchen unter Schutzgas 5. Anlassen und Tempern, 6. Sandstrahlen..","og_url":"http:\/\/www.trautweingmbh.de\/cms\/unsere-leistungen\/","og_site_name":"H\u00e4rterei Trautwein GmbH","article_modified_time":"2023-03-30T06:45:39+00:00","twitter_card":"summary_large_image","twitter_misc":{"Gesch\u00e4tzte Lesezeit":"3\u00a0Minuten"},"schema":{"@context":"https:\/\/schema.org","@graph":[{"@type":"WebPage","@id":"http:\/\/www.trautweingmbh.de\/cms\/unsere-leistungen\/","url":"http:\/\/www.trautweingmbh.de\/cms\/unsere-leistungen\/","name":"Unsere Leistungen - H\u00e4rterei Trautwein GmbH","isPartOf":{"@id":"http:\/\/www.trautweingmbh.de\/cms\/#website"},"datePublished":"2015-09-29T16:16:07+00:00","dateModified":"2023-03-30T06:45:39+00:00","description":"Unsere Leistungen: 1. Einsatzh\u00e4rten und Verg\u00fcten, 2. Vakuumh\u00e4rten, 3. Induktionsh\u00e4rten, 4. Gl\u00fchen unter Schutzgas 5. Anlassen und Tempern, 6. Sandstrahlen..","breadcrumb":{"@id":"http:\/\/www.trautweingmbh.de\/cms\/unsere-leistungen\/#breadcrumb"},"inLanguage":"de","potentialAction":[{"@type":"ReadAction","target":["http:\/\/www.trautweingmbh.de\/cms\/unsere-leistungen\/"]}]},{"@type":"BreadcrumbList","@id":"http:\/\/www.trautweingmbh.de\/cms\/unsere-leistungen\/#breadcrumb","itemListElement":[{"@type":"ListItem","position":1,"name":"Home","item":"http:\/\/www.trautweingmbh.de\/cms\/"},{"@type":"ListItem","position":2,"name":"Unsere Leistungen"}]},{"@type":"WebSite","@id":"http:\/\/www.trautweingmbh.de\/cms\/#website","url":"http:\/\/www.trautweingmbh.de\/cms\/","name":"H\u00e4rterei Trautwein GmbH","description":"W\u00e4rmebehandlung von Metallen | Oberfl\u00e4chenveredelung","publisher":{"@id":"http:\/\/www.trautweingmbh.de\/cms\/#organization"},"potentialAction":[{"@type":"SearchAction","target":{"@type":"EntryPoint","urlTemplate":"http:\/\/www.trautweingmbh.de\/cms\/?s={search_term_string}"},"query-input":"required name=search_term_string"}],"inLanguage":"de"},{"@type":"Organization","@id":"http:\/\/www.trautweingmbh.de\/cms\/#organization","name":"Trautwein GmbH","url":"http:\/\/www.trautweingmbh.de\/cms\/","logo":{"@type":"ImageObject","inLanguage":"de","@id":"http:\/\/www.trautweingmbh.de\/cms\/#\/schema\/logo\/image\/","url":"http:\/\/www.trautweingmbh.de\/cms\/wp-content\/uploads\/2013\/08\/Logo_m.gif","contentUrl":"http:\/\/www.trautweingmbh.de\/cms\/wp-content\/uploads\/2013\/08\/Logo_m.gif","width":360,"height":55,"caption":"Trautwein GmbH"},"image":{"@id":"http:\/\/www.trautweingmbh.de\/cms\/#\/schema\/logo\/image\/"}}]}},"jetpack_sharing_enabled":true,"_links":{"self":[{"href":"http:\/\/www.trautweingmbh.de\/cms\/wp-json\/wp\/v2\/pages\/9","targetHints":{"allow":["GET"]}}],"collection":[{"href":"http:\/\/www.trautweingmbh.de\/cms\/wp-json\/wp\/v2\/pages"}],"about":[{"href":"http:\/\/www.trautweingmbh.de\/cms\/wp-json\/wp\/v2\/types\/page"}],"author":[{"embeddable":true,"href":"http:\/\/www.trautweingmbh.de\/cms\/wp-json\/wp\/v2\/users\/1"}],"replies":[{"embeddable":true,"href":"http:\/\/www.trautweingmbh.de\/cms\/wp-json\/wp\/v2\/comments?post=9"}],"version-history":[{"count":94,"href":"http:\/\/www.trautweingmbh.de\/cms\/wp-json\/wp\/v2\/pages\/9\/revisions"}],"predecessor-version":[{"id":7419,"href":"http:\/\/www.trautweingmbh.de\/cms\/wp-json\/wp\/v2\/pages\/9\/revisions\/7419"}],"wp:attachment":[{"href":"http:\/\/www.trautweingmbh.de\/cms\/wp-json\/wp\/v2\/media?parent=9"}],"curies":[{"name":"wp","href":"https:\/\/api.w.org\/{rel}","templated":true}]}}