{"id":755,"date":"2015-07-11T13:57:01","date_gmt":"2015-07-11T11:57:01","guid":{"rendered":"http:\/\/www.trautweingmbh.de\/cms\/?page_id=755"},"modified":"2021-12-25T07:38:23","modified_gmt":"2021-12-25T05:38:23","slug":"carbonitrieren","status":"publish","type":"page","link":"http:\/\/www.trautweingmbh.de\/cms\/carbonitrieren\/","title":{"rendered":"Carbonitrieren"},"content":{"rendered":"\t\t<div data-elementor-type=\"wp-page\" data-elementor-id=\"755\" class=\"elementor elementor-755\">\n\t\t\t\t\t\t\t\t\t<section class=\"elementor-section elementor-top-section elementor-element elementor-element-211c7961 elementor-section-boxed elementor-section-height-default elementor-section-height-default\" data-id=\"211c7961\" data-element_type=\"section\">\n\t\t\t\t\t\t<div class=\"elementor-container elementor-column-gap-default\">\n\t\t\t\t\t<div class=\"elementor-column elementor-col-100 elementor-top-column elementor-element elementor-element-3680f637\" data-id=\"3680f637\" data-element_type=\"column\">\n\t\t\t<div class=\"elementor-widget-wrap elementor-element-populated\">\n\t\t\t\t\t\t\t\t<div class=\"elementor-element elementor-element-6e972dd1 elementor-widget elementor-widget-text-editor\" data-id=\"6e972dd1\" data-element_type=\"widget\" data-widget_type=\"text-editor.default\">\n\t\t\t\t<div class=\"elementor-widget-container\">\n\t\t\t<style>\/*! elementor - v3.17.0 - 08-11-2023 *\/\n.elementor-widget-text-editor.elementor-drop-cap-view-stacked .elementor-drop-cap{background-color:#69727d;color:#fff}.elementor-widget-text-editor.elementor-drop-cap-view-framed .elementor-drop-cap{color:#69727d;border:3px solid;background-color:transparent}.elementor-widget-text-editor:not(.elementor-drop-cap-view-default) .elementor-drop-cap{margin-top:8px}.elementor-widget-text-editor:not(.elementor-drop-cap-view-default) .elementor-drop-cap-letter{width:1em;height:1em}.elementor-widget-text-editor .elementor-drop-cap{float:left;text-align:center;line-height:1;font-size:50px}.elementor-widget-text-editor .elementor-drop-cap-letter{display:inline-block}<\/style>\t\t\t\t<h1 style=\"text-align: justify;\"><b>CARBONITRIEREN<br \/><\/b><\/h1><p style=\"text-align: justify;\">Das Carbonitrieren geh\u00f6rt in den Bereich des <span style=\"color: #003366;\"><strong><a style=\"color: #003366;\" href=\"http:\/\/www.trautweingmbh.de\/cms\/einsatzhaerten-und-vergueten\/\">Einsatzh\u00e4rtens<\/a>.<\/strong><\/span> Carbonitrieren findet normalerweise bei Temperaturen von 750\u00b0C bis 930\u00b0C statt und wird in den F\u00e4llen eingesetzt, in denen nur eine geringe bis mittlere Einh\u00e4rtungstiefe (meist zwischen 0,06 bis 0,60mm) ben\u00f6tigt wird. Bei diesem Verfahren werden Kohlenstoff und Ammoniak in die Werkst\u00fcckrandschicht eindiffundiert. Das hat den Vorteil, dass die Randh\u00e4rtbarkeit verbessert wird und hierdurch auch Kosteneinsparungen m\u00f6glich sind. Denn es k\u00f6nnen von Anfang an g\u00fcnstigere St\u00e4hle (z.B. unlegierte St\u00e4hle, Automaten- und Tiefziehst\u00e4hle, etc.) f\u00fcr die H\u00e4rtung verwendet werden.<\/p><p style=\"text-align: justify;\">Im Allgemeinen kann Carbonitrieren im selben Temperaturbereich wie das Aufkohlen stattfinden. Es ist aber zudem auch m\u00f6glich, unterhalb des Ac3-Punktes bis herunter auf rund 720 \u00b0C zu regulieren. Dadurch kann die Stickstoffanreicherung die Gleichgewichtslinie Ac3 zu niedrigen Temperaturen verschieben.<\/p><p style=\"text-align: justify;\">Das Randschichtgef\u00fcge, welches beim Carbonitrieren zu Beginn aus den Phasen Ferrit und Austenit besteht, wird hierdurch komplett austenitisch, wodurch der Kohlenstoff das L\u00f6sungsverm\u00f6gen erh\u00f6ht.<\/p><p style=\"text-align: justify;\">Nach dem Carbonitrieren wird f\u00fcr gew\u00f6hnlich Abgeh\u00e4rtet.<\/p>\t\t\t\t\t\t<\/div>\n\t\t\t\t<\/div>\n\t\t\t\t\t<\/div>\n\t\t<\/div>\n\t\t\t\t\t\t\t<\/div>\n\t\t<\/section>\n\t\t\t\t\t\t\t<\/div>\n\t\t","protected":false},"excerpt":{"rendered":"<p>CARBONITRIEREN Das Carbonitrieren geh\u00f6rt in den Bereich des Einsatzh\u00e4rtens. Carbonitrieren findet normalerweise bei Temperaturen von 750\u00b0C bis 930\u00b0C statt und wird in den F\u00e4llen eingesetzt, in denen nur eine geringe bis mittlere Einh\u00e4rtungstiefe (meist zwischen 0,06 bis 0,60mm) ben\u00f6tigt wird. Bei diesem Verfahren werden Kohlenstoff und Ammoniak in die Werkst\u00fcckrandschicht eindiffundiert. Das hat den Vorteil, &hellip; <\/p>\n<p class=\"link-more\"><a href=\"http:\/\/www.trautweingmbh.de\/cms\/carbonitrieren\/\" class=\"more-link\">Mehr <span class=\"screen-reader-text\">\u00fcber &#8222;Carbonitrieren&#8220; <\/span>Lesen<\/a><\/p>\n","protected":false},"author":2,"featured_media":0,"parent":0,"menu_order":0,"comment_status":"closed","ping_status":"closed","template":"","meta":{"_mi_skip_tracking":false,"_monsterinsights_sitenote_active":false,"_monsterinsights_sitenote_note":"","_monsterinsights_sitenote_category":0,"footnotes":""},"class_list":["post-755","page","type-page","status-publish","hentry"],"yoast_head":"<!-- This site is optimized with the Yoast SEO plugin v21.5 - https:\/\/yoast.com\/wordpress\/plugins\/seo\/ -->\n<title>Carbonitrieren - Trautwein GmbH<\/title>\n<meta name=\"description\" content=\"Das Carbonitrieren geh\u00f6rt in den Bereich des Einsatzh\u00e4rtens. Carbonitrieren findet normalerweise bei Temperaturen von 750\u00b0C bis 930 \u00b0C statt und wird in...\" \/>\n<meta name=\"robots\" content=\"index, follow, max-snippet:-1, max-image-preview:large, max-video-preview:-1\" \/>\n<link rel=\"canonical\" href=\"http:\/\/www.trautweingmbh.de\/cms\/carbonitrieren\/\" \/>\n<meta property=\"og:locale\" content=\"de_DE\" \/>\n<meta property=\"og:type\" content=\"article\" \/>\n<meta property=\"og:title\" content=\"Carbonitrieren - Trautwein GmbH\" \/>\n<meta property=\"og:description\" content=\"Das Carbonitrieren geh\u00f6rt in den Bereich des Einsatzh\u00e4rtens. Carbonitrieren findet normalerweise bei Temperaturen von 750\u00b0C bis 930 \u00b0C statt und wird in...\" \/>\n<meta property=\"og:url\" content=\"http:\/\/www.trautweingmbh.de\/cms\/carbonitrieren\/\" \/>\n<meta property=\"og:site_name\" content=\"H\u00e4rterei Trautwein GmbH\" \/>\n<meta property=\"article:modified_time\" content=\"2021-12-25T05:38:23+00:00\" \/>\n<meta name=\"twitter:card\" content=\"summary_large_image\" \/>\n<meta name=\"twitter:label1\" content=\"Gesch\u00e4tzte Lesezeit\" \/>\n\t<meta name=\"twitter:data1\" content=\"1\u00a0Minute\" \/>\n<script type=\"application\/ld+json\" class=\"yoast-schema-graph\">{\"@context\":\"https:\/\/schema.org\",\"@graph\":[{\"@type\":\"WebPage\",\"@id\":\"http:\/\/www.trautweingmbh.de\/cms\/carbonitrieren\/\",\"url\":\"http:\/\/www.trautweingmbh.de\/cms\/carbonitrieren\/\",\"name\":\"Carbonitrieren - Trautwein GmbH\",\"isPartOf\":{\"@id\":\"http:\/\/www.trautweingmbh.de\/cms\/#website\"},\"datePublished\":\"2015-07-11T11:57:01+00:00\",\"dateModified\":\"2021-12-25T05:38:23+00:00\",\"description\":\"Das Carbonitrieren geh\u00f6rt in den Bereich des Einsatzh\u00e4rtens. Carbonitrieren findet normalerweise bei Temperaturen von 750\u00b0C bis 930 \u00b0C statt und wird in...\",\"breadcrumb\":{\"@id\":\"http:\/\/www.trautweingmbh.de\/cms\/carbonitrieren\/#breadcrumb\"},\"inLanguage\":\"de\",\"potentialAction\":[{\"@type\":\"ReadAction\",\"target\":[\"http:\/\/www.trautweingmbh.de\/cms\/carbonitrieren\/\"]}]},{\"@type\":\"BreadcrumbList\",\"@id\":\"http:\/\/www.trautweingmbh.de\/cms\/carbonitrieren\/#breadcrumb\",\"itemListElement\":[{\"@type\":\"ListItem\",\"position\":1,\"name\":\"Home\",\"item\":\"http:\/\/www.trautweingmbh.de\/cms\/\"},{\"@type\":\"ListItem\",\"position\":2,\"name\":\"Carbonitrieren\"}]},{\"@type\":\"WebSite\",\"@id\":\"http:\/\/www.trautweingmbh.de\/cms\/#website\",\"url\":\"http:\/\/www.trautweingmbh.de\/cms\/\",\"name\":\"H\u00e4rterei Trautwein GmbH\",\"description\":\"W\u00e4rmebehandlung von Metallen | Oberfl\u00e4chenveredelung\",\"publisher\":{\"@id\":\"http:\/\/www.trautweingmbh.de\/cms\/#organization\"},\"potentialAction\":[{\"@type\":\"SearchAction\",\"target\":{\"@type\":\"EntryPoint\",\"urlTemplate\":\"http:\/\/www.trautweingmbh.de\/cms\/?s={search_term_string}\"},\"query-input\":\"required name=search_term_string\"}],\"inLanguage\":\"de\"},{\"@type\":\"Organization\",\"@id\":\"http:\/\/www.trautweingmbh.de\/cms\/#organization\",\"name\":\"Trautwein GmbH\",\"url\":\"http:\/\/www.trautweingmbh.de\/cms\/\",\"logo\":{\"@type\":\"ImageObject\",\"inLanguage\":\"de\",\"@id\":\"http:\/\/www.trautweingmbh.de\/cms\/#\/schema\/logo\/image\/\",\"url\":\"http:\/\/www.trautweingmbh.de\/cms\/wp-content\/uploads\/2013\/08\/Logo_m.gif\",\"contentUrl\":\"http:\/\/www.trautweingmbh.de\/cms\/wp-content\/uploads\/2013\/08\/Logo_m.gif\",\"width\":360,\"height\":55,\"caption\":\"Trautwein GmbH\"},\"image\":{\"@id\":\"http:\/\/www.trautweingmbh.de\/cms\/#\/schema\/logo\/image\/\"}}]}<\/script>\n<!-- \/ Yoast SEO plugin. -->","yoast_head_json":{"title":"Carbonitrieren - Trautwein GmbH","description":"Das Carbonitrieren geh\u00f6rt in den Bereich des Einsatzh\u00e4rtens. Carbonitrieren findet normalerweise bei Temperaturen von 750\u00b0C bis 930 \u00b0C statt und wird in...","robots":{"index":"index","follow":"follow","max-snippet":"max-snippet:-1","max-image-preview":"max-image-preview:large","max-video-preview":"max-video-preview:-1"},"canonical":"http:\/\/www.trautweingmbh.de\/cms\/carbonitrieren\/","og_locale":"de_DE","og_type":"article","og_title":"Carbonitrieren - Trautwein GmbH","og_description":"Das Carbonitrieren geh\u00f6rt in den Bereich des Einsatzh\u00e4rtens. Carbonitrieren findet normalerweise bei Temperaturen von 750\u00b0C bis 930 \u00b0C statt und wird in...","og_url":"http:\/\/www.trautweingmbh.de\/cms\/carbonitrieren\/","og_site_name":"H\u00e4rterei Trautwein GmbH","article_modified_time":"2021-12-25T05:38:23+00:00","twitter_card":"summary_large_image","twitter_misc":{"Gesch\u00e4tzte Lesezeit":"1\u00a0Minute"},"schema":{"@context":"https:\/\/schema.org","@graph":[{"@type":"WebPage","@id":"http:\/\/www.trautweingmbh.de\/cms\/carbonitrieren\/","url":"http:\/\/www.trautweingmbh.de\/cms\/carbonitrieren\/","name":"Carbonitrieren - Trautwein GmbH","isPartOf":{"@id":"http:\/\/www.trautweingmbh.de\/cms\/#website"},"datePublished":"2015-07-11T11:57:01+00:00","dateModified":"2021-12-25T05:38:23+00:00","description":"Das Carbonitrieren geh\u00f6rt in den Bereich des Einsatzh\u00e4rtens. Carbonitrieren findet normalerweise bei Temperaturen von 750\u00b0C bis 930 \u00b0C statt und wird in...","breadcrumb":{"@id":"http:\/\/www.trautweingmbh.de\/cms\/carbonitrieren\/#breadcrumb"},"inLanguage":"de","potentialAction":[{"@type":"ReadAction","target":["http:\/\/www.trautweingmbh.de\/cms\/carbonitrieren\/"]}]},{"@type":"BreadcrumbList","@id":"http:\/\/www.trautweingmbh.de\/cms\/carbonitrieren\/#breadcrumb","itemListElement":[{"@type":"ListItem","position":1,"name":"Home","item":"http:\/\/www.trautweingmbh.de\/cms\/"},{"@type":"ListItem","position":2,"name":"Carbonitrieren"}]},{"@type":"WebSite","@id":"http:\/\/www.trautweingmbh.de\/cms\/#website","url":"http:\/\/www.trautweingmbh.de\/cms\/","name":"H\u00e4rterei Trautwein GmbH","description":"W\u00e4rmebehandlung von Metallen | Oberfl\u00e4chenveredelung","publisher":{"@id":"http:\/\/www.trautweingmbh.de\/cms\/#organization"},"potentialAction":[{"@type":"SearchAction","target":{"@type":"EntryPoint","urlTemplate":"http:\/\/www.trautweingmbh.de\/cms\/?s={search_term_string}"},"query-input":"required name=search_term_string"}],"inLanguage":"de"},{"@type":"Organization","@id":"http:\/\/www.trautweingmbh.de\/cms\/#organization","name":"Trautwein GmbH","url":"http:\/\/www.trautweingmbh.de\/cms\/","logo":{"@type":"ImageObject","inLanguage":"de","@id":"http:\/\/www.trautweingmbh.de\/cms\/#\/schema\/logo\/image\/","url":"http:\/\/www.trautweingmbh.de\/cms\/wp-content\/uploads\/2013\/08\/Logo_m.gif","contentUrl":"http:\/\/www.trautweingmbh.de\/cms\/wp-content\/uploads\/2013\/08\/Logo_m.gif","width":360,"height":55,"caption":"Trautwein GmbH"},"image":{"@id":"http:\/\/www.trautweingmbh.de\/cms\/#\/schema\/logo\/image\/"}}]}},"jetpack_sharing_enabled":true,"_links":{"self":[{"href":"http:\/\/www.trautweingmbh.de\/cms\/wp-json\/wp\/v2\/pages\/755","targetHints":{"allow":["GET"]}}],"collection":[{"href":"http:\/\/www.trautweingmbh.de\/cms\/wp-json\/wp\/v2\/pages"}],"about":[{"href":"http:\/\/www.trautweingmbh.de\/cms\/wp-json\/wp\/v2\/types\/page"}],"author":[{"embeddable":true,"href":"http:\/\/www.trautweingmbh.de\/cms\/wp-json\/wp\/v2\/users\/2"}],"replies":[{"embeddable":true,"href":"http:\/\/www.trautweingmbh.de\/cms\/wp-json\/wp\/v2\/comments?post=755"}],"version-history":[{"count":15,"href":"http:\/\/www.trautweingmbh.de\/cms\/wp-json\/wp\/v2\/pages\/755\/revisions"}],"predecessor-version":[{"id":7048,"href":"http:\/\/www.trautweingmbh.de\/cms\/wp-json\/wp\/v2\/pages\/755\/revisions\/7048"}],"wp:attachment":[{"href":"http:\/\/www.trautweingmbh.de\/cms\/wp-json\/wp\/v2\/media?parent=755"}],"curies":[{"name":"wp","href":"https:\/\/api.w.org\/{rel}","templated":true}]}}