{"id":753,"date":"2015-07-07T13:42:08","date_gmt":"2015-07-07T11:42:08","guid":{"rendered":"http:\/\/www.trautweingmbh.de\/cms\/?page_id=753"},"modified":"2021-12-25T07:48:03","modified_gmt":"2021-12-25T05:48:03","slug":"nitrieren","status":"publish","type":"page","link":"http:\/\/www.trautweingmbh.de\/cms\/nitrieren\/","title":{"rendered":"Nitrieren"},"content":{"rendered":"\t\t<div data-elementor-type=\"wp-page\" data-elementor-id=\"753\" class=\"elementor elementor-753\">\n\t\t\t\t\t\t\t\t\t<section class=\"elementor-section elementor-top-section elementor-element elementor-element-65414306 elementor-section-boxed elementor-section-height-default elementor-section-height-default\" data-id=\"65414306\" data-element_type=\"section\">\n\t\t\t\t\t\t<div class=\"elementor-container elementor-column-gap-default\">\n\t\t\t\t\t<div class=\"elementor-column elementor-col-100 elementor-top-column elementor-element elementor-element-1f59037f\" data-id=\"1f59037f\" data-element_type=\"column\">\n\t\t\t<div class=\"elementor-widget-wrap elementor-element-populated\">\n\t\t\t\t\t\t\t\t<div class=\"elementor-element elementor-element-53e75d3d elementor-widget elementor-widget-text-editor\" data-id=\"53e75d3d\" data-element_type=\"widget\" data-widget_type=\"text-editor.default\">\n\t\t\t\t<div class=\"elementor-widget-container\">\n\t\t\t<style>\/*! elementor - v3.17.0 - 08-11-2023 *\/\n.elementor-widget-text-editor.elementor-drop-cap-view-stacked .elementor-drop-cap{background-color:#69727d;color:#fff}.elementor-widget-text-editor.elementor-drop-cap-view-framed .elementor-drop-cap{color:#69727d;border:3px solid;background-color:transparent}.elementor-widget-text-editor:not(.elementor-drop-cap-view-default) .elementor-drop-cap{margin-top:8px}.elementor-widget-text-editor:not(.elementor-drop-cap-view-default) .elementor-drop-cap-letter{width:1em;height:1em}.elementor-widget-text-editor .elementor-drop-cap{float:left;text-align:center;line-height:1;font-size:50px}.elementor-widget-text-editor .elementor-drop-cap-letter{display:inline-block}<\/style>\t\t\t\t<h1><strong>NITRIEREN<\/strong><\/h1><p style=\"text-align: justify;\">Das<b> Nitrieren<\/b> (bzw. Nitridieren) ist ein Fertigungsverfahren zur Oberfl\u00e4chenh\u00e4rtung von Stahl und wird in der Fachsprache auch als Aufsticken <i>(<\/i>Stickstoffzufuhr) bezeichnet. Bei diesem Prozess entstehen Nitridverbindungen in den Werkstoffen, wodurch die Werkstoffeigenschaften verbessert werden, im Verschlei\u00df-, Festigkeits- und Korrosionsverhalten.<\/p><p style=\"text-align: justify;\">Beim Nitrieren arbeiten wir mit Temperaturen um die 500 \u00b0C.<\/p><p style=\"text-align: justify;\">Wir bieten folgende beiden Arten an:<\/p><ol><li style=\"text-align: justify;\"><span style=\"color: #003366;\"><strong><a style=\"color: #003366;\" href=\"http:\/\/www.trautweingmbh.de\/cms\/gasnitrieren\/\">Gasnitrieren<\/a><\/strong><\/span><\/li><li><span style=\"color: #003366;\"><strong><a style=\"color: #003366;\" href=\"http:\/\/www.trautweingmbh.de\/cms\/plasmanitrieren\/\">Plasmanitrieren<\/a> <\/strong><\/span><span style=\"color: #3366ff;\"><span style=\"color: #000000;\">(derzeit k\u00f6nnen wir dieses Verfahren nicht\u00a0 anbieten)<\/span><\/span><\/li><\/ol>\t\t\t\t\t\t<\/div>\n\t\t\t\t<\/div>\n\t\t\t\t\t<\/div>\n\t\t<\/div>\n\t\t\t\t\t\t\t<\/div>\n\t\t<\/section>\n\t\t\t\t\t\t\t<\/div>\n\t\t","protected":false},"excerpt":{"rendered":"<p>NITRIEREN Das Nitrieren (bzw. Nitridieren) ist ein Fertigungsverfahren zur Oberfl\u00e4chenh\u00e4rtung von Stahl und wird in der Fachsprache auch als Aufsticken (Stickstoffzufuhr) bezeichnet. Bei diesem Prozess entstehen Nitridverbindungen in den Werkstoffen, wodurch die Werkstoffeigenschaften verbessert werden, im Verschlei\u00df-, Festigkeits- und Korrosionsverhalten. Beim Nitrieren arbeiten wir mit Temperaturen um die 500 \u00b0C. Wir bieten folgende beiden Arten &hellip; <\/p>\n<p class=\"link-more\"><a href=\"http:\/\/www.trautweingmbh.de\/cms\/nitrieren\/\" class=\"more-link\">Mehr <span class=\"screen-reader-text\">\u00fcber &#8222;Nitrieren&#8220; <\/span>Lesen<\/a><\/p>\n","protected":false},"author":2,"featured_media":0,"parent":0,"menu_order":0,"comment_status":"closed","ping_status":"closed","template":"","meta":{"_mi_skip_tracking":false,"_monsterinsights_sitenote_active":false,"_monsterinsights_sitenote_note":"","_monsterinsights_sitenote_category":0,"footnotes":""},"class_list":["post-753","page","type-page","status-publish","hentry"],"yoast_head":"<!-- This site is optimized with the Yoast SEO plugin v21.5 - https:\/\/yoast.com\/wordpress\/plugins\/seo\/ -->\n<title>Nitrieren - H\u00e4rterei Trautwein GmbH<\/title>\n<meta name=\"description\" content=\"Nitrieren (bzw. Nitridieren) ist ein Verfahren zur Oberfl\u00e4chenh\u00e4rtung von Stahl und wird in der Fachsprache auch als Aufsticken (Stickstoffzufuhr)\" \/>\n<meta name=\"robots\" content=\"index, follow, max-snippet:-1, max-image-preview:large, max-video-preview:-1\" \/>\n<link rel=\"canonical\" href=\"http:\/\/www.trautweingmbh.de\/cms\/nitrieren\/\" \/>\n<meta property=\"og:locale\" content=\"de_DE\" \/>\n<meta property=\"og:type\" content=\"article\" \/>\n<meta property=\"og:title\" content=\"Nitrieren - H\u00e4rterei Trautwein GmbH\" \/>\n<meta property=\"og:description\" content=\"Nitrieren (bzw. Nitridieren) ist ein Verfahren zur Oberfl\u00e4chenh\u00e4rtung von Stahl und wird in der Fachsprache auch als Aufsticken (Stickstoffzufuhr)\" \/>\n<meta property=\"og:url\" content=\"http:\/\/www.trautweingmbh.de\/cms\/nitrieren\/\" \/>\n<meta property=\"og:site_name\" content=\"H\u00e4rterei Trautwein GmbH\" \/>\n<meta property=\"article:modified_time\" content=\"2021-12-25T05:48:03+00:00\" \/>\n<meta name=\"twitter:card\" content=\"summary_large_image\" \/>\n<meta name=\"twitter:label1\" content=\"Gesch\u00e4tzte Lesezeit\" \/>\n\t<meta name=\"twitter:data1\" content=\"1\u00a0Minute\" \/>\n<script type=\"application\/ld+json\" class=\"yoast-schema-graph\">{\"@context\":\"https:\/\/schema.org\",\"@graph\":[{\"@type\":\"WebPage\",\"@id\":\"http:\/\/www.trautweingmbh.de\/cms\/nitrieren\/\",\"url\":\"http:\/\/www.trautweingmbh.de\/cms\/nitrieren\/\",\"name\":\"Nitrieren - H\u00e4rterei Trautwein GmbH\",\"isPartOf\":{\"@id\":\"http:\/\/www.trautweingmbh.de\/cms\/#website\"},\"datePublished\":\"2015-07-07T11:42:08+00:00\",\"dateModified\":\"2021-12-25T05:48:03+00:00\",\"description\":\"Nitrieren (bzw. Nitridieren) ist ein Verfahren zur Oberfl\u00e4chenh\u00e4rtung von Stahl und wird in der Fachsprache auch als Aufsticken (Stickstoffzufuhr)\",\"breadcrumb\":{\"@id\":\"http:\/\/www.trautweingmbh.de\/cms\/nitrieren\/#breadcrumb\"},\"inLanguage\":\"de\",\"potentialAction\":[{\"@type\":\"ReadAction\",\"target\":[\"http:\/\/www.trautweingmbh.de\/cms\/nitrieren\/\"]}]},{\"@type\":\"BreadcrumbList\",\"@id\":\"http:\/\/www.trautweingmbh.de\/cms\/nitrieren\/#breadcrumb\",\"itemListElement\":[{\"@type\":\"ListItem\",\"position\":1,\"name\":\"Home\",\"item\":\"http:\/\/www.trautweingmbh.de\/cms\/\"},{\"@type\":\"ListItem\",\"position\":2,\"name\":\"Nitrieren\"}]},{\"@type\":\"WebSite\",\"@id\":\"http:\/\/www.trautweingmbh.de\/cms\/#website\",\"url\":\"http:\/\/www.trautweingmbh.de\/cms\/\",\"name\":\"H\u00e4rterei Trautwein GmbH\",\"description\":\"W\u00e4rmebehandlung von Metallen | Oberfl\u00e4chenveredelung\",\"publisher\":{\"@id\":\"http:\/\/www.trautweingmbh.de\/cms\/#organization\"},\"potentialAction\":[{\"@type\":\"SearchAction\",\"target\":{\"@type\":\"EntryPoint\",\"urlTemplate\":\"http:\/\/www.trautweingmbh.de\/cms\/?s={search_term_string}\"},\"query-input\":\"required name=search_term_string\"}],\"inLanguage\":\"de\"},{\"@type\":\"Organization\",\"@id\":\"http:\/\/www.trautweingmbh.de\/cms\/#organization\",\"name\":\"Trautwein GmbH\",\"url\":\"http:\/\/www.trautweingmbh.de\/cms\/\",\"logo\":{\"@type\":\"ImageObject\",\"inLanguage\":\"de\",\"@id\":\"http:\/\/www.trautweingmbh.de\/cms\/#\/schema\/logo\/image\/\",\"url\":\"http:\/\/www.trautweingmbh.de\/cms\/wp-content\/uploads\/2013\/08\/Logo_m.gif\",\"contentUrl\":\"http:\/\/www.trautweingmbh.de\/cms\/wp-content\/uploads\/2013\/08\/Logo_m.gif\",\"width\":360,\"height\":55,\"caption\":\"Trautwein GmbH\"},\"image\":{\"@id\":\"http:\/\/www.trautweingmbh.de\/cms\/#\/schema\/logo\/image\/\"}}]}<\/script>\n<!-- \/ Yoast SEO plugin. -->","yoast_head_json":{"title":"Nitrieren - H\u00e4rterei Trautwein GmbH","description":"Nitrieren (bzw. Nitridieren) ist ein Verfahren zur Oberfl\u00e4chenh\u00e4rtung von Stahl und wird in der Fachsprache auch als Aufsticken (Stickstoffzufuhr)","robots":{"index":"index","follow":"follow","max-snippet":"max-snippet:-1","max-image-preview":"max-image-preview:large","max-video-preview":"max-video-preview:-1"},"canonical":"http:\/\/www.trautweingmbh.de\/cms\/nitrieren\/","og_locale":"de_DE","og_type":"article","og_title":"Nitrieren - H\u00e4rterei Trautwein GmbH","og_description":"Nitrieren (bzw. Nitridieren) ist ein Verfahren zur Oberfl\u00e4chenh\u00e4rtung von Stahl und wird in der Fachsprache auch als Aufsticken (Stickstoffzufuhr)","og_url":"http:\/\/www.trautweingmbh.de\/cms\/nitrieren\/","og_site_name":"H\u00e4rterei Trautwein GmbH","article_modified_time":"2021-12-25T05:48:03+00:00","twitter_card":"summary_large_image","twitter_misc":{"Gesch\u00e4tzte Lesezeit":"1\u00a0Minute"},"schema":{"@context":"https:\/\/schema.org","@graph":[{"@type":"WebPage","@id":"http:\/\/www.trautweingmbh.de\/cms\/nitrieren\/","url":"http:\/\/www.trautweingmbh.de\/cms\/nitrieren\/","name":"Nitrieren - H\u00e4rterei Trautwein GmbH","isPartOf":{"@id":"http:\/\/www.trautweingmbh.de\/cms\/#website"},"datePublished":"2015-07-07T11:42:08+00:00","dateModified":"2021-12-25T05:48:03+00:00","description":"Nitrieren (bzw. Nitridieren) ist ein Verfahren zur Oberfl\u00e4chenh\u00e4rtung von Stahl und wird in der Fachsprache auch als Aufsticken (Stickstoffzufuhr)","breadcrumb":{"@id":"http:\/\/www.trautweingmbh.de\/cms\/nitrieren\/#breadcrumb"},"inLanguage":"de","potentialAction":[{"@type":"ReadAction","target":["http:\/\/www.trautweingmbh.de\/cms\/nitrieren\/"]}]},{"@type":"BreadcrumbList","@id":"http:\/\/www.trautweingmbh.de\/cms\/nitrieren\/#breadcrumb","itemListElement":[{"@type":"ListItem","position":1,"name":"Home","item":"http:\/\/www.trautweingmbh.de\/cms\/"},{"@type":"ListItem","position":2,"name":"Nitrieren"}]},{"@type":"WebSite","@id":"http:\/\/www.trautweingmbh.de\/cms\/#website","url":"http:\/\/www.trautweingmbh.de\/cms\/","name":"H\u00e4rterei Trautwein GmbH","description":"W\u00e4rmebehandlung von Metallen | Oberfl\u00e4chenveredelung","publisher":{"@id":"http:\/\/www.trautweingmbh.de\/cms\/#organization"},"potentialAction":[{"@type":"SearchAction","target":{"@type":"EntryPoint","urlTemplate":"http:\/\/www.trautweingmbh.de\/cms\/?s={search_term_string}"},"query-input":"required name=search_term_string"}],"inLanguage":"de"},{"@type":"Organization","@id":"http:\/\/www.trautweingmbh.de\/cms\/#organization","name":"Trautwein GmbH","url":"http:\/\/www.trautweingmbh.de\/cms\/","logo":{"@type":"ImageObject","inLanguage":"de","@id":"http:\/\/www.trautweingmbh.de\/cms\/#\/schema\/logo\/image\/","url":"http:\/\/www.trautweingmbh.de\/cms\/wp-content\/uploads\/2013\/08\/Logo_m.gif","contentUrl":"http:\/\/www.trautweingmbh.de\/cms\/wp-content\/uploads\/2013\/08\/Logo_m.gif","width":360,"height":55,"caption":"Trautwein GmbH"},"image":{"@id":"http:\/\/www.trautweingmbh.de\/cms\/#\/schema\/logo\/image\/"}}]}},"jetpack_sharing_enabled":true,"_links":{"self":[{"href":"http:\/\/www.trautweingmbh.de\/cms\/wp-json\/wp\/v2\/pages\/753","targetHints":{"allow":["GET"]}}],"collection":[{"href":"http:\/\/www.trautweingmbh.de\/cms\/wp-json\/wp\/v2\/pages"}],"about":[{"href":"http:\/\/www.trautweingmbh.de\/cms\/wp-json\/wp\/v2\/types\/page"}],"author":[{"embeddable":true,"href":"http:\/\/www.trautweingmbh.de\/cms\/wp-json\/wp\/v2\/users\/2"}],"replies":[{"embeddable":true,"href":"http:\/\/www.trautweingmbh.de\/cms\/wp-json\/wp\/v2\/comments?post=753"}],"version-history":[{"count":24,"href":"http:\/\/www.trautweingmbh.de\/cms\/wp-json\/wp\/v2\/pages\/753\/revisions"}],"predecessor-version":[{"id":7076,"href":"http:\/\/www.trautweingmbh.de\/cms\/wp-json\/wp\/v2\/pages\/753\/revisions\/7076"}],"wp:attachment":[{"href":"http:\/\/www.trautweingmbh.de\/cms\/wp-json\/wp\/v2\/media?parent=753"}],"curies":[{"name":"wp","href":"https:\/\/api.w.org\/{rel}","templated":true}]}}