{"id":734,"date":"2015-07-06T17:14:00","date_gmt":"2015-07-06T15:14:00","guid":{"rendered":"http:\/\/www.trautweingmbh.de\/cms\/?page_id=734"},"modified":"2021-12-25T07:34:00","modified_gmt":"2021-12-25T05:34:00","slug":"schutzgashaerten","status":"publish","type":"page","link":"http:\/\/www.trautweingmbh.de\/cms\/schutzgashaerten\/","title":{"rendered":"Schutzgash\u00e4rten"},"content":{"rendered":"\t\t<div data-elementor-type=\"wp-page\" data-elementor-id=\"734\" class=\"elementor elementor-734\">\n\t\t\t\t\t\t\t\t\t<section class=\"elementor-section elementor-top-section elementor-element elementor-element-55ee01a9 elementor-section-boxed elementor-section-height-default elementor-section-height-default\" data-id=\"55ee01a9\" data-element_type=\"section\">\n\t\t\t\t\t\t<div class=\"elementor-container elementor-column-gap-default\">\n\t\t\t\t\t<div class=\"elementor-column elementor-col-100 elementor-top-column elementor-element elementor-element-52f574b2\" data-id=\"52f574b2\" data-element_type=\"column\">\n\t\t\t<div class=\"elementor-widget-wrap elementor-element-populated\">\n\t\t\t\t\t\t\t\t<div class=\"elementor-element elementor-element-6572835 elementor-widget elementor-widget-text-editor\" data-id=\"6572835\" data-element_type=\"widget\" data-widget_type=\"text-editor.default\">\n\t\t\t\t<div class=\"elementor-widget-container\">\n\t\t\t<style>\/*! elementor - v3.17.0 - 08-11-2023 *\/\n.elementor-widget-text-editor.elementor-drop-cap-view-stacked .elementor-drop-cap{background-color:#69727d;color:#fff}.elementor-widget-text-editor.elementor-drop-cap-view-framed .elementor-drop-cap{color:#69727d;border:3px solid;background-color:transparent}.elementor-widget-text-editor:not(.elementor-drop-cap-view-default) .elementor-drop-cap{margin-top:8px}.elementor-widget-text-editor:not(.elementor-drop-cap-view-default) .elementor-drop-cap-letter{width:1em;height:1em}.elementor-widget-text-editor .elementor-drop-cap{float:left;text-align:center;line-height:1;font-size:50px}.elementor-widget-text-editor .elementor-drop-cap-letter{display:inline-block}<\/style>\t\t\t\t<h1><strong>SCHUTZGASH\u00c4RTEN<\/strong><\/h1><p style=\"text-align: justify;\">Beim <strong>Schutzgash\u00e4rten<\/strong> wird das Material zuerst regul\u00e4r geh\u00e4rtet und danach abgeschreckt. Anschlie\u00dfend erfolgt das Anlassen.<\/p><p style=\"text-align: justify;\">Durch das Schutzgash\u00e4rten werden enorm hohe Festigkeiten und Materialh\u00e4rte erreicht. Au\u00dferdem bringt es eine hohe Zug- und Kerbschlagz\u00e4higkeit, eine erh\u00f6hte Biegewechselfestigkeit und eine hohe Dauerschwingfestigkeit mit sich.<\/p><p style=\"text-align: justify;\">F\u00fcr das Schutzgash\u00e4rten verwenden wir Mehrzweckkammer\u00f6fen. Mit Hilfe dieser \u00d6fen ist auch Einsatzh\u00e4rten, Aufkohlen und Verg\u00fcten m\u00f6glich.<\/p>\t\t\t\t\t\t<\/div>\n\t\t\t\t<\/div>\n\t\t\t\t\t<\/div>\n\t\t<\/div>\n\t\t\t\t\t\t\t<\/div>\n\t\t<\/section>\n\t\t\t\t\t\t\t<\/div>\n\t\t","protected":false},"excerpt":{"rendered":"<p>SCHUTZGASH\u00c4RTEN Beim Schutzgash\u00e4rten wird das Material zuerst regul\u00e4r geh\u00e4rtet und danach abgeschreckt. Anschlie\u00dfend erfolgt das Anlassen. Durch das Schutzgash\u00e4rten werden enorm hohe Festigkeiten und Materialh\u00e4rte erreicht. Au\u00dferdem bringt es eine hohe Zug- und Kerbschlagz\u00e4higkeit, eine erh\u00f6hte Biegewechselfestigkeit und eine hohe Dauerschwingfestigkeit mit sich. F\u00fcr das Schutzgash\u00e4rten verwenden wir Mehrzweckkammer\u00f6fen. Mit Hilfe dieser \u00d6fen ist auch &hellip; <\/p>\n<p class=\"link-more\"><a href=\"http:\/\/www.trautweingmbh.de\/cms\/schutzgashaerten\/\" class=\"more-link\">Mehr <span class=\"screen-reader-text\">\u00fcber &#8222;Schutzgash\u00e4rten&#8220; <\/span>Lesen<\/a><\/p>\n","protected":false},"author":2,"featured_media":0,"parent":0,"menu_order":0,"comment_status":"closed","ping_status":"closed","template":"","meta":{"_mi_skip_tracking":false,"_monsterinsights_sitenote_active":false,"_monsterinsights_sitenote_note":"","_monsterinsights_sitenote_category":0,"footnotes":""},"class_list":["post-734","page","type-page","status-publish","hentry"],"yoast_head":"<!-- This site is optimized with the Yoast SEO plugin v21.5 - https:\/\/yoast.com\/wordpress\/plugins\/seo\/ -->\n<title>Schutzgash\u00e4rten - H\u00e4rterei Trautwein GmbH<\/title>\n<meta name=\"description\" content=\"Beim Schutzgash\u00e4rten wird das Material zuerst regul\u00e4r geh\u00e4rtet und danach abgeschreckt. Anschlie\u00dfend erfolgt das Anlassen. Durch das Schutzgash\u00e4rten werden\" \/>\n<meta name=\"robots\" content=\"index, follow, max-snippet:-1, max-image-preview:large, max-video-preview:-1\" \/>\n<link rel=\"canonical\" href=\"http:\/\/www.trautweingmbh.de\/cms\/schutzgashaerten\/\" \/>\n<meta property=\"og:locale\" content=\"de_DE\" \/>\n<meta property=\"og:type\" content=\"article\" \/>\n<meta property=\"og:title\" content=\"Schutzgash\u00e4rten - H\u00e4rterei Trautwein GmbH\" \/>\n<meta property=\"og:description\" content=\"Beim Schutzgash\u00e4rten wird das Material zuerst regul\u00e4r geh\u00e4rtet und danach abgeschreckt. Anschlie\u00dfend erfolgt das Anlassen. Durch das Schutzgash\u00e4rten werden\" \/>\n<meta property=\"og:url\" content=\"http:\/\/www.trautweingmbh.de\/cms\/schutzgashaerten\/\" \/>\n<meta property=\"og:site_name\" content=\"H\u00e4rterei Trautwein GmbH\" \/>\n<meta property=\"article:modified_time\" content=\"2021-12-25T05:34:00+00:00\" \/>\n<meta name=\"twitter:card\" content=\"summary_large_image\" \/>\n<meta name=\"twitter:label1\" content=\"Gesch\u00e4tzte Lesezeit\" \/>\n\t<meta name=\"twitter:data1\" content=\"1\u00a0Minute\" \/>\n<script type=\"application\/ld+json\" class=\"yoast-schema-graph\">{\"@context\":\"https:\/\/schema.org\",\"@graph\":[{\"@type\":\"WebPage\",\"@id\":\"http:\/\/www.trautweingmbh.de\/cms\/schutzgashaerten\/\",\"url\":\"http:\/\/www.trautweingmbh.de\/cms\/schutzgashaerten\/\",\"name\":\"Schutzgash\u00e4rten - H\u00e4rterei Trautwein GmbH\",\"isPartOf\":{\"@id\":\"http:\/\/www.trautweingmbh.de\/cms\/#website\"},\"datePublished\":\"2015-07-06T15:14:00+00:00\",\"dateModified\":\"2021-12-25T05:34:00+00:00\",\"description\":\"Beim Schutzgash\u00e4rten wird das Material zuerst regul\u00e4r geh\u00e4rtet und danach abgeschreckt. Anschlie\u00dfend erfolgt das Anlassen. Durch das Schutzgash\u00e4rten werden\",\"breadcrumb\":{\"@id\":\"http:\/\/www.trautweingmbh.de\/cms\/schutzgashaerten\/#breadcrumb\"},\"inLanguage\":\"de\",\"potentialAction\":[{\"@type\":\"ReadAction\",\"target\":[\"http:\/\/www.trautweingmbh.de\/cms\/schutzgashaerten\/\"]}]},{\"@type\":\"BreadcrumbList\",\"@id\":\"http:\/\/www.trautweingmbh.de\/cms\/schutzgashaerten\/#breadcrumb\",\"itemListElement\":[{\"@type\":\"ListItem\",\"position\":1,\"name\":\"Home\",\"item\":\"http:\/\/www.trautweingmbh.de\/cms\/\"},{\"@type\":\"ListItem\",\"position\":2,\"name\":\"Schutzgash\u00e4rten\"}]},{\"@type\":\"WebSite\",\"@id\":\"http:\/\/www.trautweingmbh.de\/cms\/#website\",\"url\":\"http:\/\/www.trautweingmbh.de\/cms\/\",\"name\":\"H\u00e4rterei Trautwein GmbH\",\"description\":\"W\u00e4rmebehandlung von Metallen | Oberfl\u00e4chenveredelung\",\"publisher\":{\"@id\":\"http:\/\/www.trautweingmbh.de\/cms\/#organization\"},\"potentialAction\":[{\"@type\":\"SearchAction\",\"target\":{\"@type\":\"EntryPoint\",\"urlTemplate\":\"http:\/\/www.trautweingmbh.de\/cms\/?s={search_term_string}\"},\"query-input\":\"required name=search_term_string\"}],\"inLanguage\":\"de\"},{\"@type\":\"Organization\",\"@id\":\"http:\/\/www.trautweingmbh.de\/cms\/#organization\",\"name\":\"Trautwein GmbH\",\"url\":\"http:\/\/www.trautweingmbh.de\/cms\/\",\"logo\":{\"@type\":\"ImageObject\",\"inLanguage\":\"de\",\"@id\":\"http:\/\/www.trautweingmbh.de\/cms\/#\/schema\/logo\/image\/\",\"url\":\"http:\/\/www.trautweingmbh.de\/cms\/wp-content\/uploads\/2013\/08\/Logo_m.gif\",\"contentUrl\":\"http:\/\/www.trautweingmbh.de\/cms\/wp-content\/uploads\/2013\/08\/Logo_m.gif\",\"width\":360,\"height\":55,\"caption\":\"Trautwein GmbH\"},\"image\":{\"@id\":\"http:\/\/www.trautweingmbh.de\/cms\/#\/schema\/logo\/image\/\"}}]}<\/script>\n<!-- \/ Yoast SEO plugin. -->","yoast_head_json":{"title":"Schutzgash\u00e4rten - H\u00e4rterei Trautwein GmbH","description":"Beim Schutzgash\u00e4rten wird das Material zuerst regul\u00e4r geh\u00e4rtet und danach abgeschreckt. Anschlie\u00dfend erfolgt das Anlassen. Durch das Schutzgash\u00e4rten werden","robots":{"index":"index","follow":"follow","max-snippet":"max-snippet:-1","max-image-preview":"max-image-preview:large","max-video-preview":"max-video-preview:-1"},"canonical":"http:\/\/www.trautweingmbh.de\/cms\/schutzgashaerten\/","og_locale":"de_DE","og_type":"article","og_title":"Schutzgash\u00e4rten - H\u00e4rterei Trautwein GmbH","og_description":"Beim Schutzgash\u00e4rten wird das Material zuerst regul\u00e4r geh\u00e4rtet und danach abgeschreckt. Anschlie\u00dfend erfolgt das Anlassen. Durch das Schutzgash\u00e4rten werden","og_url":"http:\/\/www.trautweingmbh.de\/cms\/schutzgashaerten\/","og_site_name":"H\u00e4rterei Trautwein GmbH","article_modified_time":"2021-12-25T05:34:00+00:00","twitter_card":"summary_large_image","twitter_misc":{"Gesch\u00e4tzte Lesezeit":"1\u00a0Minute"},"schema":{"@context":"https:\/\/schema.org","@graph":[{"@type":"WebPage","@id":"http:\/\/www.trautweingmbh.de\/cms\/schutzgashaerten\/","url":"http:\/\/www.trautweingmbh.de\/cms\/schutzgashaerten\/","name":"Schutzgash\u00e4rten - H\u00e4rterei Trautwein GmbH","isPartOf":{"@id":"http:\/\/www.trautweingmbh.de\/cms\/#website"},"datePublished":"2015-07-06T15:14:00+00:00","dateModified":"2021-12-25T05:34:00+00:00","description":"Beim Schutzgash\u00e4rten wird das Material zuerst regul\u00e4r geh\u00e4rtet und danach abgeschreckt. Anschlie\u00dfend erfolgt das Anlassen. Durch das Schutzgash\u00e4rten werden","breadcrumb":{"@id":"http:\/\/www.trautweingmbh.de\/cms\/schutzgashaerten\/#breadcrumb"},"inLanguage":"de","potentialAction":[{"@type":"ReadAction","target":["http:\/\/www.trautweingmbh.de\/cms\/schutzgashaerten\/"]}]},{"@type":"BreadcrumbList","@id":"http:\/\/www.trautweingmbh.de\/cms\/schutzgashaerten\/#breadcrumb","itemListElement":[{"@type":"ListItem","position":1,"name":"Home","item":"http:\/\/www.trautweingmbh.de\/cms\/"},{"@type":"ListItem","position":2,"name":"Schutzgash\u00e4rten"}]},{"@type":"WebSite","@id":"http:\/\/www.trautweingmbh.de\/cms\/#website","url":"http:\/\/www.trautweingmbh.de\/cms\/","name":"H\u00e4rterei Trautwein GmbH","description":"W\u00e4rmebehandlung von Metallen | Oberfl\u00e4chenveredelung","publisher":{"@id":"http:\/\/www.trautweingmbh.de\/cms\/#organization"},"potentialAction":[{"@type":"SearchAction","target":{"@type":"EntryPoint","urlTemplate":"http:\/\/www.trautweingmbh.de\/cms\/?s={search_term_string}"},"query-input":"required name=search_term_string"}],"inLanguage":"de"},{"@type":"Organization","@id":"http:\/\/www.trautweingmbh.de\/cms\/#organization","name":"Trautwein GmbH","url":"http:\/\/www.trautweingmbh.de\/cms\/","logo":{"@type":"ImageObject","inLanguage":"de","@id":"http:\/\/www.trautweingmbh.de\/cms\/#\/schema\/logo\/image\/","url":"http:\/\/www.trautweingmbh.de\/cms\/wp-content\/uploads\/2013\/08\/Logo_m.gif","contentUrl":"http:\/\/www.trautweingmbh.de\/cms\/wp-content\/uploads\/2013\/08\/Logo_m.gif","width":360,"height":55,"caption":"Trautwein GmbH"},"image":{"@id":"http:\/\/www.trautweingmbh.de\/cms\/#\/schema\/logo\/image\/"}}]}},"jetpack_sharing_enabled":true,"_links":{"self":[{"href":"http:\/\/www.trautweingmbh.de\/cms\/wp-json\/wp\/v2\/pages\/734","targetHints":{"allow":["GET"]}}],"collection":[{"href":"http:\/\/www.trautweingmbh.de\/cms\/wp-json\/wp\/v2\/pages"}],"about":[{"href":"http:\/\/www.trautweingmbh.de\/cms\/wp-json\/wp\/v2\/types\/page"}],"author":[{"embeddable":true,"href":"http:\/\/www.trautweingmbh.de\/cms\/wp-json\/wp\/v2\/users\/2"}],"replies":[{"embeddable":true,"href":"http:\/\/www.trautweingmbh.de\/cms\/wp-json\/wp\/v2\/comments?post=734"}],"version-history":[{"count":10,"href":"http:\/\/www.trautweingmbh.de\/cms\/wp-json\/wp\/v2\/pages\/734\/revisions"}],"predecessor-version":[{"id":7036,"href":"http:\/\/www.trautweingmbh.de\/cms\/wp-json\/wp\/v2\/pages\/734\/revisions\/7036"}],"wp:attachment":[{"href":"http:\/\/www.trautweingmbh.de\/cms\/wp-json\/wp\/v2\/media?parent=734"}],"curies":[{"name":"wp","href":"https:\/\/api.w.org\/{rel}","templated":true}]}}