{"id":725,"date":"2015-07-06T17:05:16","date_gmt":"2015-07-06T15:05:16","guid":{"rendered":"http:\/\/www.trautweingmbh.de\/cms\/?page_id=725"},"modified":"2021-12-25T08:09:56","modified_gmt":"2021-12-25T06:09:56","slug":"richten","status":"publish","type":"page","link":"http:\/\/www.trautweingmbh.de\/cms\/richten\/","title":{"rendered":"Richten"},"content":{"rendered":"\t\t<div data-elementor-type=\"wp-page\" data-elementor-id=\"725\" class=\"elementor elementor-725\">\n\t\t\t\t\t\t\t\t\t<section class=\"elementor-section elementor-top-section elementor-element elementor-element-283e9e3 elementor-section-boxed elementor-section-height-default elementor-section-height-default\" data-id=\"283e9e3\" data-element_type=\"section\">\n\t\t\t\t\t\t<div class=\"elementor-container elementor-column-gap-default\">\n\t\t\t\t\t<div class=\"elementor-column elementor-col-100 elementor-top-column elementor-element elementor-element-6cc7c1d7\" data-id=\"6cc7c1d7\" data-element_type=\"column\">\n\t\t\t<div class=\"elementor-widget-wrap elementor-element-populated\">\n\t\t\t\t\t\t\t\t<div class=\"elementor-element elementor-element-4c220da7 elementor-widget elementor-widget-text-editor\" data-id=\"4c220da7\" data-element_type=\"widget\" data-widget_type=\"text-editor.default\">\n\t\t\t\t<div class=\"elementor-widget-container\">\n\t\t\t<style>\/*! elementor - v3.17.0 - 08-11-2023 *\/\n.elementor-widget-text-editor.elementor-drop-cap-view-stacked .elementor-drop-cap{background-color:#69727d;color:#fff}.elementor-widget-text-editor.elementor-drop-cap-view-framed .elementor-drop-cap{color:#69727d;border:3px solid;background-color:transparent}.elementor-widget-text-editor:not(.elementor-drop-cap-view-default) .elementor-drop-cap{margin-top:8px}.elementor-widget-text-editor:not(.elementor-drop-cap-view-default) .elementor-drop-cap-letter{width:1em;height:1em}.elementor-widget-text-editor .elementor-drop-cap{float:left;text-align:center;line-height:1;font-size:50px}.elementor-widget-text-editor .elementor-drop-cap-letter{display:inline-block}<\/style>\t\t\t\t<h1><b>RICHTEN<\/b><\/h1><p>Eine W\u00e4rmebehandlung ohne Verzug gibt es nicht wobei dieser nicht durch die W\u00e4rmebehandlung entsteht sondern durch die mechanische Bearbeitung. Ist beispielsweise ein Werkzeug nicht mehr scharf oder am Ende seiner Standzeit, dr\u00fcckt das Werkzeug zunehmend gegen das Werkst\u00fcck und bringt dadurch Spannungen ein. Diese Spannungen sind w\u00e4hrend der Bearbeitung nicht sichtbar \u2013 diese werden erst bei der Erw\u00e4rmung frei und beg\u00fcnstigen den Verzug. Deshalb wird meistens der Verzug dem W\u00e4rmebehandler zugeschrieben was aber, Handhabungsfehler des W\u00e4rmebehandlers ausgeschlossen, nicht richtig ist. Des Weiteren wirken sich ung\u00fcnstige Geometrien ebenfalls negativ auf den \u201eH\u00e4rteverzug\u201c aus weshalb Konstrukteure angehalten sein sollten w\u00e4rmebehandlungsgerecht zu konstruieren.<\/p><p>Wir bieten Ihnen an, Ihre Teile nach dem H\u00e4rte- oder Gl\u00fchvorgang zu pr\u00fcfen um den Verzug festzustellen und gegebenenfalls zu richten. Es kann Rundlaufgerichtet werden bei Drehteilen oder aber auf Lichtspalt bei anderen Geometrien.<\/p><p>Ihre Richtarbeiten f\u00fchren wir auf einer 100t Richtpresse aus.<\/p>\t\t\t\t\t\t<\/div>\n\t\t\t\t<\/div>\n\t\t\t\t\t<\/div>\n\t\t<\/div>\n\t\t\t\t\t\t\t<\/div>\n\t\t<\/section>\n\t\t\t\t\t\t\t<\/div>\n\t\t","protected":false},"excerpt":{"rendered":"<p>RICHTEN Eine W\u00e4rmebehandlung ohne Verzug gibt es nicht wobei dieser nicht durch die W\u00e4rmebehandlung entsteht sondern durch die mechanische Bearbeitung. Ist beispielsweise ein Werkzeug nicht mehr scharf oder am Ende seiner Standzeit, dr\u00fcckt das Werkzeug zunehmend gegen das Werkst\u00fcck und bringt dadurch Spannungen ein. Diese Spannungen sind w\u00e4hrend der Bearbeitung nicht sichtbar \u2013 diese werden &hellip; <\/p>\n<p class=\"link-more\"><a href=\"http:\/\/www.trautweingmbh.de\/cms\/richten\/\" class=\"more-link\">Mehr <span class=\"screen-reader-text\">\u00fcber &#8222;Richten&#8220; <\/span>Lesen<\/a><\/p>\n","protected":false},"author":2,"featured_media":0,"parent":0,"menu_order":0,"comment_status":"closed","ping_status":"closed","template":"","meta":{"_mi_skip_tracking":false,"_monsterinsights_sitenote_active":false,"_monsterinsights_sitenote_note":"","_monsterinsights_sitenote_category":0,"footnotes":""},"class_list":["post-725","page","type-page","status-publish","hentry"],"yoast_head":"<!-- This site is optimized with the Yoast SEO plugin v21.5 - https:\/\/yoast.com\/wordpress\/plugins\/seo\/ -->\n<title>Richten - H\u00e4rterei Trautwein GmbH<\/title>\n<meta name=\"description\" content=\"Das Richten ist \u00e4hnlich wie Biegen. Nach dem Biegevorgang wird in einem gesonderten Arbeitsgang nachgearbeitet, damit die Ma\u00dfhaltigkeit verbessert werden ..\" \/>\n<meta name=\"robots\" content=\"index, follow, max-snippet:-1, max-image-preview:large, max-video-preview:-1\" \/>\n<link rel=\"canonical\" href=\"http:\/\/www.trautweingmbh.de\/cms\/richten\/\" \/>\n<meta property=\"og:locale\" content=\"de_DE\" \/>\n<meta property=\"og:type\" content=\"article\" \/>\n<meta property=\"og:title\" content=\"Richten - H\u00e4rterei Trautwein GmbH\" \/>\n<meta property=\"og:description\" content=\"Das Richten ist \u00e4hnlich wie Biegen. Nach dem Biegevorgang wird in einem gesonderten Arbeitsgang nachgearbeitet, damit die Ma\u00dfhaltigkeit verbessert werden ..\" \/>\n<meta property=\"og:url\" content=\"http:\/\/www.trautweingmbh.de\/cms\/richten\/\" \/>\n<meta property=\"og:site_name\" content=\"H\u00e4rterei Trautwein GmbH\" \/>\n<meta property=\"article:modified_time\" content=\"2021-12-25T06:09:56+00:00\" \/>\n<meta name=\"twitter:card\" content=\"summary_large_image\" \/>\n<meta name=\"twitter:label1\" content=\"Gesch\u00e4tzte Lesezeit\" \/>\n\t<meta name=\"twitter:data1\" content=\"1\u00a0Minute\" \/>\n<script type=\"application\/ld+json\" class=\"yoast-schema-graph\">{\"@context\":\"https:\/\/schema.org\",\"@graph\":[{\"@type\":\"WebPage\",\"@id\":\"http:\/\/www.trautweingmbh.de\/cms\/richten\/\",\"url\":\"http:\/\/www.trautweingmbh.de\/cms\/richten\/\",\"name\":\"Richten - H\u00e4rterei Trautwein GmbH\",\"isPartOf\":{\"@id\":\"http:\/\/www.trautweingmbh.de\/cms\/#website\"},\"datePublished\":\"2015-07-06T15:05:16+00:00\",\"dateModified\":\"2021-12-25T06:09:56+00:00\",\"description\":\"Das Richten ist \u00e4hnlich wie Biegen. Nach dem Biegevorgang wird in einem gesonderten Arbeitsgang nachgearbeitet, damit die Ma\u00dfhaltigkeit verbessert werden ..\",\"breadcrumb\":{\"@id\":\"http:\/\/www.trautweingmbh.de\/cms\/richten\/#breadcrumb\"},\"inLanguage\":\"de\",\"potentialAction\":[{\"@type\":\"ReadAction\",\"target\":[\"http:\/\/www.trautweingmbh.de\/cms\/richten\/\"]}]},{\"@type\":\"BreadcrumbList\",\"@id\":\"http:\/\/www.trautweingmbh.de\/cms\/richten\/#breadcrumb\",\"itemListElement\":[{\"@type\":\"ListItem\",\"position\":1,\"name\":\"Home\",\"item\":\"http:\/\/www.trautweingmbh.de\/cms\/\"},{\"@type\":\"ListItem\",\"position\":2,\"name\":\"Richten\"}]},{\"@type\":\"WebSite\",\"@id\":\"http:\/\/www.trautweingmbh.de\/cms\/#website\",\"url\":\"http:\/\/www.trautweingmbh.de\/cms\/\",\"name\":\"H\u00e4rterei Trautwein GmbH\",\"description\":\"W\u00e4rmebehandlung von Metallen | Oberfl\u00e4chenveredelung\",\"publisher\":{\"@id\":\"http:\/\/www.trautweingmbh.de\/cms\/#organization\"},\"potentialAction\":[{\"@type\":\"SearchAction\",\"target\":{\"@type\":\"EntryPoint\",\"urlTemplate\":\"http:\/\/www.trautweingmbh.de\/cms\/?s={search_term_string}\"},\"query-input\":\"required name=search_term_string\"}],\"inLanguage\":\"de\"},{\"@type\":\"Organization\",\"@id\":\"http:\/\/www.trautweingmbh.de\/cms\/#organization\",\"name\":\"Trautwein GmbH\",\"url\":\"http:\/\/www.trautweingmbh.de\/cms\/\",\"logo\":{\"@type\":\"ImageObject\",\"inLanguage\":\"de\",\"@id\":\"http:\/\/www.trautweingmbh.de\/cms\/#\/schema\/logo\/image\/\",\"url\":\"http:\/\/www.trautweingmbh.de\/cms\/wp-content\/uploads\/2013\/08\/Logo_m.gif\",\"contentUrl\":\"http:\/\/www.trautweingmbh.de\/cms\/wp-content\/uploads\/2013\/08\/Logo_m.gif\",\"width\":360,\"height\":55,\"caption\":\"Trautwein GmbH\"},\"image\":{\"@id\":\"http:\/\/www.trautweingmbh.de\/cms\/#\/schema\/logo\/image\/\"}}]}<\/script>\n<!-- \/ Yoast SEO plugin. -->","yoast_head_json":{"title":"Richten - H\u00e4rterei Trautwein GmbH","description":"Das Richten ist \u00e4hnlich wie Biegen. Nach dem Biegevorgang wird in einem gesonderten Arbeitsgang nachgearbeitet, damit die Ma\u00dfhaltigkeit verbessert werden ..","robots":{"index":"index","follow":"follow","max-snippet":"max-snippet:-1","max-image-preview":"max-image-preview:large","max-video-preview":"max-video-preview:-1"},"canonical":"http:\/\/www.trautweingmbh.de\/cms\/richten\/","og_locale":"de_DE","og_type":"article","og_title":"Richten - H\u00e4rterei Trautwein GmbH","og_description":"Das Richten ist \u00e4hnlich wie Biegen. Nach dem Biegevorgang wird in einem gesonderten Arbeitsgang nachgearbeitet, damit die Ma\u00dfhaltigkeit verbessert werden ..","og_url":"http:\/\/www.trautweingmbh.de\/cms\/richten\/","og_site_name":"H\u00e4rterei Trautwein GmbH","article_modified_time":"2021-12-25T06:09:56+00:00","twitter_card":"summary_large_image","twitter_misc":{"Gesch\u00e4tzte Lesezeit":"1\u00a0Minute"},"schema":{"@context":"https:\/\/schema.org","@graph":[{"@type":"WebPage","@id":"http:\/\/www.trautweingmbh.de\/cms\/richten\/","url":"http:\/\/www.trautweingmbh.de\/cms\/richten\/","name":"Richten - H\u00e4rterei Trautwein GmbH","isPartOf":{"@id":"http:\/\/www.trautweingmbh.de\/cms\/#website"},"datePublished":"2015-07-06T15:05:16+00:00","dateModified":"2021-12-25T06:09:56+00:00","description":"Das Richten ist \u00e4hnlich wie Biegen. Nach dem Biegevorgang wird in einem gesonderten Arbeitsgang nachgearbeitet, damit die Ma\u00dfhaltigkeit verbessert werden ..","breadcrumb":{"@id":"http:\/\/www.trautweingmbh.de\/cms\/richten\/#breadcrumb"},"inLanguage":"de","potentialAction":[{"@type":"ReadAction","target":["http:\/\/www.trautweingmbh.de\/cms\/richten\/"]}]},{"@type":"BreadcrumbList","@id":"http:\/\/www.trautweingmbh.de\/cms\/richten\/#breadcrumb","itemListElement":[{"@type":"ListItem","position":1,"name":"Home","item":"http:\/\/www.trautweingmbh.de\/cms\/"},{"@type":"ListItem","position":2,"name":"Richten"}]},{"@type":"WebSite","@id":"http:\/\/www.trautweingmbh.de\/cms\/#website","url":"http:\/\/www.trautweingmbh.de\/cms\/","name":"H\u00e4rterei Trautwein GmbH","description":"W\u00e4rmebehandlung von Metallen | Oberfl\u00e4chenveredelung","publisher":{"@id":"http:\/\/www.trautweingmbh.de\/cms\/#organization"},"potentialAction":[{"@type":"SearchAction","target":{"@type":"EntryPoint","urlTemplate":"http:\/\/www.trautweingmbh.de\/cms\/?s={search_term_string}"},"query-input":"required name=search_term_string"}],"inLanguage":"de"},{"@type":"Organization","@id":"http:\/\/www.trautweingmbh.de\/cms\/#organization","name":"Trautwein GmbH","url":"http:\/\/www.trautweingmbh.de\/cms\/","logo":{"@type":"ImageObject","inLanguage":"de","@id":"http:\/\/www.trautweingmbh.de\/cms\/#\/schema\/logo\/image\/","url":"http:\/\/www.trautweingmbh.de\/cms\/wp-content\/uploads\/2013\/08\/Logo_m.gif","contentUrl":"http:\/\/www.trautweingmbh.de\/cms\/wp-content\/uploads\/2013\/08\/Logo_m.gif","width":360,"height":55,"caption":"Trautwein GmbH"},"image":{"@id":"http:\/\/www.trautweingmbh.de\/cms\/#\/schema\/logo\/image\/"}}]}},"jetpack_sharing_enabled":true,"_links":{"self":[{"href":"http:\/\/www.trautweingmbh.de\/cms\/wp-json\/wp\/v2\/pages\/725","targetHints":{"allow":["GET"]}}],"collection":[{"href":"http:\/\/www.trautweingmbh.de\/cms\/wp-json\/wp\/v2\/pages"}],"about":[{"href":"http:\/\/www.trautweingmbh.de\/cms\/wp-json\/wp\/v2\/types\/page"}],"author":[{"embeddable":true,"href":"http:\/\/www.trautweingmbh.de\/cms\/wp-json\/wp\/v2\/users\/2"}],"replies":[{"embeddable":true,"href":"http:\/\/www.trautweingmbh.de\/cms\/wp-json\/wp\/v2\/comments?post=725"}],"version-history":[{"count":10,"href":"http:\/\/www.trautweingmbh.de\/cms\/wp-json\/wp\/v2\/pages\/725\/revisions"}],"predecessor-version":[{"id":7144,"href":"http:\/\/www.trautweingmbh.de\/cms\/wp-json\/wp\/v2\/pages\/725\/revisions\/7144"}],"wp:attachment":[{"href":"http:\/\/www.trautweingmbh.de\/cms\/wp-json\/wp\/v2\/media?parent=725"}],"curies":[{"name":"wp","href":"https:\/\/api.w.org\/{rel}","templated":true}]}}