{"id":666,"date":"2015-07-05T18:35:28","date_gmt":"2015-07-05T16:35:28","guid":{"rendered":"http:\/\/trautweingmbh.de\/cms\/?page_id=666"},"modified":"2021-12-25T06:51:35","modified_gmt":"2021-12-25T04:51:35","slug":"oberflaechenveredelung","status":"publish","type":"page","link":"http:\/\/www.trautweingmbh.de\/cms\/oberflaechenveredelung\/","title":{"rendered":"Oberfl\u00e4chenveredelung"},"content":{"rendered":"\t\t<div data-elementor-type=\"wp-page\" data-elementor-id=\"666\" class=\"elementor elementor-666\">\n\t\t\t\t\t\t\t\t\t<section class=\"elementor-section elementor-top-section elementor-element elementor-element-21caa43 elementor-section-boxed elementor-section-height-default elementor-section-height-default\" data-id=\"21caa43\" data-element_type=\"section\">\n\t\t\t\t\t\t<div class=\"elementor-container elementor-column-gap-default\">\n\t\t\t\t\t<div class=\"elementor-column elementor-col-100 elementor-top-column elementor-element elementor-element-d6c360f\" data-id=\"d6c360f\" data-element_type=\"column\">\n\t\t\t<div class=\"elementor-widget-wrap\">\n\t\t\t\t\t\t\t\t\t<\/div>\n\t\t<\/div>\n\t\t\t\t\t\t\t<\/div>\n\t\t<\/section>\n\t\t\t\t<section class=\"elementor-section elementor-top-section elementor-element elementor-element-54b4a85 elementor-section-boxed elementor-section-height-default elementor-section-height-default\" data-id=\"54b4a85\" data-element_type=\"section\">\n\t\t\t\t\t\t<div class=\"elementor-container elementor-column-gap-default\">\n\t\t\t\t\t<div class=\"elementor-column elementor-col-100 elementor-top-column elementor-element elementor-element-5cd1e66\" data-id=\"5cd1e66\" data-element_type=\"column\">\n\t\t\t<div class=\"elementor-widget-wrap elementor-element-populated\">\n\t\t\t\t\t\t\t\t<div class=\"elementor-element elementor-element-3c527ed elementor-widget elementor-widget-heading\" data-id=\"3c527ed\" data-element_type=\"widget\" data-widget_type=\"heading.default\">\n\t\t\t\t<div class=\"elementor-widget-container\">\n\t\t\t<style>\/*! elementor - v3.17.0 - 08-11-2023 *\/\n.elementor-heading-title{padding:0;margin:0;line-height:1}.elementor-widget-heading .elementor-heading-title[class*=elementor-size-]>a{color:inherit;font-size:inherit;line-height:inherit}.elementor-widget-heading .elementor-heading-title.elementor-size-small{font-size:15px}.elementor-widget-heading .elementor-heading-title.elementor-size-medium{font-size:19px}.elementor-widget-heading .elementor-heading-title.elementor-size-large{font-size:29px}.elementor-widget-heading .elementor-heading-title.elementor-size-xl{font-size:39px}.elementor-widget-heading .elementor-heading-title.elementor-size-xxl{font-size:59px}<\/style><h1 class=\"elementor-heading-title elementor-size-default\">OBERFL\u00c4CHENVEREDELUNG<\/h1>\t\t<\/div>\n\t\t\t\t<\/div>\n\t\t\t\t\t<\/div>\n\t\t<\/div>\n\t\t\t\t\t\t\t<\/div>\n\t\t<\/section>\n\t\t\t\t<section class=\"elementor-section elementor-top-section elementor-element elementor-element-485bda7d elementor-section-boxed elementor-section-height-default elementor-section-height-default\" data-id=\"485bda7d\" data-element_type=\"section\">\n\t\t\t\t\t\t<div class=\"elementor-container elementor-column-gap-default\">\n\t\t\t\t\t<div class=\"elementor-column elementor-col-100 elementor-top-column elementor-element elementor-element-43fee0c5\" data-id=\"43fee0c5\" data-element_type=\"column\">\n\t\t\t<div class=\"elementor-widget-wrap elementor-element-populated\">\n\t\t\t\t\t\t\t\t<div class=\"elementor-element elementor-element-6f2f808 elementor-widget elementor-widget-spacer\" data-id=\"6f2f808\" data-element_type=\"widget\" data-widget_type=\"spacer.default\">\n\t\t\t\t<div class=\"elementor-widget-container\">\n\t\t\t<style>\/*! elementor - v3.17.0 - 08-11-2023 *\/\n.elementor-column .elementor-spacer-inner{height:var(--spacer-size)}.e-con{--container-widget-width:100%}.e-con-inner>.elementor-widget-spacer,.e-con>.elementor-widget-spacer{width:var(--container-widget-width,var(--spacer-size));--align-self:var(--container-widget-align-self,initial);--flex-shrink:0}.e-con-inner>.elementor-widget-spacer>.elementor-widget-container,.e-con>.elementor-widget-spacer>.elementor-widget-container{height:100%;width:100%}.e-con-inner>.elementor-widget-spacer>.elementor-widget-container>.elementor-spacer,.e-con>.elementor-widget-spacer>.elementor-widget-container>.elementor-spacer{height:100%}.e-con-inner>.elementor-widget-spacer>.elementor-widget-container>.elementor-spacer>.elementor-spacer-inner,.e-con>.elementor-widget-spacer>.elementor-widget-container>.elementor-spacer>.elementor-spacer-inner{height:var(--container-widget-height,var(--spacer-size))}.e-con-inner>.elementor-widget-spacer.elementor-widget-empty,.e-con>.elementor-widget-spacer.elementor-widget-empty{position:relative;min-height:22px;min-width:22px}.e-con-inner>.elementor-widget-spacer.elementor-widget-empty .elementor-widget-empty-icon,.e-con>.elementor-widget-spacer.elementor-widget-empty .elementor-widget-empty-icon{position:absolute;top:0;bottom:0;left:0;right:0;margin:auto;padding:0;width:22px;height:22px}<\/style>\t\t<div class=\"elementor-spacer\">\n\t\t\t<div class=\"elementor-spacer-inner\"><\/div>\n\t\t<\/div>\n\t\t\t\t<\/div>\n\t\t\t\t<\/div>\n\t\t\t\t<div class=\"elementor-element elementor-element-5618eadb elementor-widget elementor-widget-text-editor\" data-id=\"5618eadb\" data-element_type=\"widget\" data-widget_type=\"text-editor.default\">\n\t\t\t\t<div class=\"elementor-widget-container\">\n\t\t\t<style>\/*! elementor - v3.17.0 - 08-11-2023 *\/\n.elementor-widget-text-editor.elementor-drop-cap-view-stacked .elementor-drop-cap{background-color:#69727d;color:#fff}.elementor-widget-text-editor.elementor-drop-cap-view-framed .elementor-drop-cap{color:#69727d;border:3px solid;background-color:transparent}.elementor-widget-text-editor:not(.elementor-drop-cap-view-default) .elementor-drop-cap{margin-top:8px}.elementor-widget-text-editor:not(.elementor-drop-cap-view-default) .elementor-drop-cap-letter{width:1em;height:1em}.elementor-widget-text-editor .elementor-drop-cap{float:left;text-align:center;line-height:1;font-size:50px}.elementor-widget-text-editor .elementor-drop-cap-letter{display:inline-block}<\/style>\t\t\t\t<p style=\"text-align: justify;\"><span style=\"color: #000000;\">Die <strong>Oberfl\u00e4chenveredelung<\/strong> verfolgt das Ziel die Oberfl\u00e4cheneigenschaften der Materialien zu verbessern. Oberfl\u00e4cheneigenschaften k\u00f6nnen in drei Bereiche unterteilt werden:<\/span><\/p><p style=\"text-align: justify;\"><span style=\"color: #000000;\">1. Funktional (z.B. Schutz gegen Korrosion, Schutz gegen Verschlei\u00df,\u00a0Verhinderung von Kontamination, usw.)<\/span><\/p><p style=\"text-align: justify;\"><span style=\"color: #000000;\">2. Dekorativ (z.B. Farbe, Glanzgrad, usw.)<\/span><\/p><p style=\"text-align: justify;\"><span style=\"color: #000000;\">3. Funktional &amp; Dekorativ (z.b. Schutz gegen Korrosion und Farbe XY)<\/span><\/p><p style=\"text-align: justify;\"><span style=\"color: #000000;\"><strong>Wir bieten folgende Oberfl\u00e4chenveredelungen an:<\/strong><\/span><\/p><div class=\"entry-content\"><ul><li><span style=\"color: #003366;\"><a style=\"color: #003366;\" href=\"http:\/\/www.trautweingmbh.de\/cms\/warmbadbruenieren\/\">Br\u00fcnieren<\/a><\/span><\/li><li><span style=\"color: #003366;\"><a style=\"color: #003366;\" href=\"http:\/\/www.trautweingmbh.de\/cms\/sandstrahlen\/\">Sandstrahlen<\/a><\/span><\/li><li><span style=\"color: #003366;\"><a style=\"color: #003366;\" href=\"http:\/\/www.trautweingmbh.de\/cms\/richten\/\">Richten<\/a><\/span><\/li><\/ul><\/div>\t\t\t\t\t\t<\/div>\n\t\t\t\t<\/div>\n\t\t\t\t\t<\/div>\n\t\t<\/div>\n\t\t\t\t\t\t\t<\/div>\n\t\t<\/section>\n\t\t\t\t\t\t\t<\/div>\n\t\t","protected":false},"excerpt":{"rendered":"<p>OBERFL\u00c4CHENVEREDELUNG Die Oberfl\u00e4chenveredelung verfolgt das Ziel die Oberfl\u00e4cheneigenschaften der Materialien zu verbessern. Oberfl\u00e4cheneigenschaften k\u00f6nnen in drei Bereiche unterteilt werden: 1. Funktional (z.B. Schutz gegen Korrosion, Schutz gegen Verschlei\u00df,\u00a0Verhinderung von Kontamination, usw.) 2. Dekorativ (z.B. Farbe, Glanzgrad, usw.) 3. Funktional &amp; Dekorativ (z.b. Schutz gegen Korrosion und Farbe XY) Wir bieten folgende Oberfl\u00e4chenveredelungen an: Br\u00fcnieren Sandstrahlen &hellip; <\/p>\n<p class=\"link-more\"><a href=\"http:\/\/www.trautweingmbh.de\/cms\/oberflaechenveredelung\/\" class=\"more-link\">Mehr <span class=\"screen-reader-text\">\u00fcber &#8222;Oberfl\u00e4chenveredelung&#8220; <\/span>Lesen<\/a><\/p>\n","protected":false},"author":2,"featured_media":0,"parent":0,"menu_order":0,"comment_status":"closed","ping_status":"closed","template":"","meta":{"_mi_skip_tracking":false,"_monsterinsights_sitenote_active":false,"_monsterinsights_sitenote_note":"","_monsterinsights_sitenote_category":0,"footnotes":""},"class_list":["post-666","page","type-page","status-publish","hentry"],"yoast_head":"<!-- This site is optimized with the Yoast SEO plugin v21.5 - https:\/\/yoast.com\/wordpress\/plugins\/seo\/ -->\n<title>Oberfl\u00e4chenveredelung - H\u00e4rterei Trautwein GmbH<\/title>\n<meta name=\"description\" content=\"Die Oberfl\u00e4chenveredelung verfolgt das Ziel die Oberfl\u00e4cheneigenschaften der Materialien zu verbessern. Oberfl\u00e4cheneigenschaften k\u00f6nnen...\" \/>\n<meta name=\"robots\" content=\"index, follow, max-snippet:-1, max-image-preview:large, max-video-preview:-1\" \/>\n<link rel=\"canonical\" href=\"http:\/\/www.trautweingmbh.de\/cms\/oberflaechenveredelung\/\" \/>\n<meta property=\"og:locale\" content=\"de_DE\" \/>\n<meta property=\"og:type\" content=\"article\" \/>\n<meta property=\"og:title\" content=\"Oberfl\u00e4chenveredelung - H\u00e4rterei Trautwein GmbH\" \/>\n<meta property=\"og:description\" content=\"Die Oberfl\u00e4chenveredelung verfolgt das Ziel die Oberfl\u00e4cheneigenschaften der Materialien zu verbessern. Oberfl\u00e4cheneigenschaften k\u00f6nnen...\" \/>\n<meta property=\"og:url\" content=\"http:\/\/www.trautweingmbh.de\/cms\/oberflaechenveredelung\/\" \/>\n<meta property=\"og:site_name\" content=\"H\u00e4rterei Trautwein GmbH\" \/>\n<meta property=\"article:modified_time\" content=\"2021-12-25T04:51:35+00:00\" \/>\n<meta name=\"twitter:card\" content=\"summary_large_image\" \/>\n<meta name=\"twitter:label1\" content=\"Gesch\u00e4tzte Lesezeit\" \/>\n\t<meta name=\"twitter:data1\" content=\"1\u00a0Minute\" \/>\n<script type=\"application\/ld+json\" class=\"yoast-schema-graph\">{\"@context\":\"https:\/\/schema.org\",\"@graph\":[{\"@type\":\"WebPage\",\"@id\":\"http:\/\/www.trautweingmbh.de\/cms\/oberflaechenveredelung\/\",\"url\":\"http:\/\/www.trautweingmbh.de\/cms\/oberflaechenveredelung\/\",\"name\":\"Oberfl\u00e4chenveredelung - H\u00e4rterei Trautwein GmbH\",\"isPartOf\":{\"@id\":\"http:\/\/www.trautweingmbh.de\/cms\/#website\"},\"datePublished\":\"2015-07-05T16:35:28+00:00\",\"dateModified\":\"2021-12-25T04:51:35+00:00\",\"description\":\"Die Oberfl\u00e4chenveredelung verfolgt das Ziel die Oberfl\u00e4cheneigenschaften der Materialien zu verbessern. Oberfl\u00e4cheneigenschaften k\u00f6nnen...\",\"breadcrumb\":{\"@id\":\"http:\/\/www.trautweingmbh.de\/cms\/oberflaechenveredelung\/#breadcrumb\"},\"inLanguage\":\"de\",\"potentialAction\":[{\"@type\":\"ReadAction\",\"target\":[\"http:\/\/www.trautweingmbh.de\/cms\/oberflaechenveredelung\/\"]}]},{\"@type\":\"BreadcrumbList\",\"@id\":\"http:\/\/www.trautweingmbh.de\/cms\/oberflaechenveredelung\/#breadcrumb\",\"itemListElement\":[{\"@type\":\"ListItem\",\"position\":1,\"name\":\"Home\",\"item\":\"http:\/\/www.trautweingmbh.de\/cms\/\"},{\"@type\":\"ListItem\",\"position\":2,\"name\":\"Oberfl\u00e4chenveredelung\"}]},{\"@type\":\"WebSite\",\"@id\":\"http:\/\/www.trautweingmbh.de\/cms\/#website\",\"url\":\"http:\/\/www.trautweingmbh.de\/cms\/\",\"name\":\"H\u00e4rterei Trautwein GmbH\",\"description\":\"W\u00e4rmebehandlung von Metallen | Oberfl\u00e4chenveredelung\",\"publisher\":{\"@id\":\"http:\/\/www.trautweingmbh.de\/cms\/#organization\"},\"potentialAction\":[{\"@type\":\"SearchAction\",\"target\":{\"@type\":\"EntryPoint\",\"urlTemplate\":\"http:\/\/www.trautweingmbh.de\/cms\/?s={search_term_string}\"},\"query-input\":\"required name=search_term_string\"}],\"inLanguage\":\"de\"},{\"@type\":\"Organization\",\"@id\":\"http:\/\/www.trautweingmbh.de\/cms\/#organization\",\"name\":\"Trautwein GmbH\",\"url\":\"http:\/\/www.trautweingmbh.de\/cms\/\",\"logo\":{\"@type\":\"ImageObject\",\"inLanguage\":\"de\",\"@id\":\"http:\/\/www.trautweingmbh.de\/cms\/#\/schema\/logo\/image\/\",\"url\":\"http:\/\/www.trautweingmbh.de\/cms\/wp-content\/uploads\/2013\/08\/Logo_m.gif\",\"contentUrl\":\"http:\/\/www.trautweingmbh.de\/cms\/wp-content\/uploads\/2013\/08\/Logo_m.gif\",\"width\":360,\"height\":55,\"caption\":\"Trautwein GmbH\"},\"image\":{\"@id\":\"http:\/\/www.trautweingmbh.de\/cms\/#\/schema\/logo\/image\/\"}}]}<\/script>\n<!-- \/ Yoast SEO plugin. -->","yoast_head_json":{"title":"Oberfl\u00e4chenveredelung - H\u00e4rterei Trautwein GmbH","description":"Die Oberfl\u00e4chenveredelung verfolgt das Ziel die Oberfl\u00e4cheneigenschaften der Materialien zu verbessern. Oberfl\u00e4cheneigenschaften k\u00f6nnen...","robots":{"index":"index","follow":"follow","max-snippet":"max-snippet:-1","max-image-preview":"max-image-preview:large","max-video-preview":"max-video-preview:-1"},"canonical":"http:\/\/www.trautweingmbh.de\/cms\/oberflaechenveredelung\/","og_locale":"de_DE","og_type":"article","og_title":"Oberfl\u00e4chenveredelung - H\u00e4rterei Trautwein GmbH","og_description":"Die Oberfl\u00e4chenveredelung verfolgt das Ziel die Oberfl\u00e4cheneigenschaften der Materialien zu verbessern. Oberfl\u00e4cheneigenschaften k\u00f6nnen...","og_url":"http:\/\/www.trautweingmbh.de\/cms\/oberflaechenveredelung\/","og_site_name":"H\u00e4rterei Trautwein GmbH","article_modified_time":"2021-12-25T04:51:35+00:00","twitter_card":"summary_large_image","twitter_misc":{"Gesch\u00e4tzte Lesezeit":"1\u00a0Minute"},"schema":{"@context":"https:\/\/schema.org","@graph":[{"@type":"WebPage","@id":"http:\/\/www.trautweingmbh.de\/cms\/oberflaechenveredelung\/","url":"http:\/\/www.trautweingmbh.de\/cms\/oberflaechenveredelung\/","name":"Oberfl\u00e4chenveredelung - H\u00e4rterei Trautwein GmbH","isPartOf":{"@id":"http:\/\/www.trautweingmbh.de\/cms\/#website"},"datePublished":"2015-07-05T16:35:28+00:00","dateModified":"2021-12-25T04:51:35+00:00","description":"Die Oberfl\u00e4chenveredelung verfolgt das Ziel die Oberfl\u00e4cheneigenschaften der Materialien zu verbessern. Oberfl\u00e4cheneigenschaften k\u00f6nnen...","breadcrumb":{"@id":"http:\/\/www.trautweingmbh.de\/cms\/oberflaechenveredelung\/#breadcrumb"},"inLanguage":"de","potentialAction":[{"@type":"ReadAction","target":["http:\/\/www.trautweingmbh.de\/cms\/oberflaechenveredelung\/"]}]},{"@type":"BreadcrumbList","@id":"http:\/\/www.trautweingmbh.de\/cms\/oberflaechenveredelung\/#breadcrumb","itemListElement":[{"@type":"ListItem","position":1,"name":"Home","item":"http:\/\/www.trautweingmbh.de\/cms\/"},{"@type":"ListItem","position":2,"name":"Oberfl\u00e4chenveredelung"}]},{"@type":"WebSite","@id":"http:\/\/www.trautweingmbh.de\/cms\/#website","url":"http:\/\/www.trautweingmbh.de\/cms\/","name":"H\u00e4rterei Trautwein GmbH","description":"W\u00e4rmebehandlung von Metallen | Oberfl\u00e4chenveredelung","publisher":{"@id":"http:\/\/www.trautweingmbh.de\/cms\/#organization"},"potentialAction":[{"@type":"SearchAction","target":{"@type":"EntryPoint","urlTemplate":"http:\/\/www.trautweingmbh.de\/cms\/?s={search_term_string}"},"query-input":"required name=search_term_string"}],"inLanguage":"de"},{"@type":"Organization","@id":"http:\/\/www.trautweingmbh.de\/cms\/#organization","name":"Trautwein GmbH","url":"http:\/\/www.trautweingmbh.de\/cms\/","logo":{"@type":"ImageObject","inLanguage":"de","@id":"http:\/\/www.trautweingmbh.de\/cms\/#\/schema\/logo\/image\/","url":"http:\/\/www.trautweingmbh.de\/cms\/wp-content\/uploads\/2013\/08\/Logo_m.gif","contentUrl":"http:\/\/www.trautweingmbh.de\/cms\/wp-content\/uploads\/2013\/08\/Logo_m.gif","width":360,"height":55,"caption":"Trautwein GmbH"},"image":{"@id":"http:\/\/www.trautweingmbh.de\/cms\/#\/schema\/logo\/image\/"}}]}},"jetpack_sharing_enabled":true,"_links":{"self":[{"href":"http:\/\/www.trautweingmbh.de\/cms\/wp-json\/wp\/v2\/pages\/666","targetHints":{"allow":["GET"]}}],"collection":[{"href":"http:\/\/www.trautweingmbh.de\/cms\/wp-json\/wp\/v2\/pages"}],"about":[{"href":"http:\/\/www.trautweingmbh.de\/cms\/wp-json\/wp\/v2\/types\/page"}],"author":[{"embeddable":true,"href":"http:\/\/www.trautweingmbh.de\/cms\/wp-json\/wp\/v2\/users\/2"}],"replies":[{"embeddable":true,"href":"http:\/\/www.trautweingmbh.de\/cms\/wp-json\/wp\/v2\/comments?post=666"}],"version-history":[{"count":38,"href":"http:\/\/www.trautweingmbh.de\/cms\/wp-json\/wp\/v2\/pages\/666\/revisions"}],"predecessor-version":[{"id":6921,"href":"http:\/\/www.trautweingmbh.de\/cms\/wp-json\/wp\/v2\/pages\/666\/revisions\/6921"}],"wp:attachment":[{"href":"http:\/\/www.trautweingmbh.de\/cms\/wp-json\/wp\/v2\/media?parent=666"}],"curies":[{"name":"wp","href":"https:\/\/api.w.org\/{rel}","templated":true}]}}