{"id":6,"date":"2013-08-26T08:20:45","date_gmt":"2013-08-26T06:20:45","guid":{"rendered":"http:\/\/trautweingmbh.de\/cms\/?page_id=6"},"modified":"2023-11-21T13:31:08","modified_gmt":"2023-11-21T11:31:08","slug":"kontakt","status":"publish","type":"page","link":"http:\/\/www.trautweingmbh.de\/cms\/kontakt\/","title":{"rendered":"Kontakt"},"content":{"rendered":"<h1><strong>KONTAKT<\/strong><\/h1>\n<h3>Wir freuen uns \u00fcber Ihre Nachricht:<\/h3>\n<p>Trautwein GmbH<br \/>\nHaigerlocher Str. 42<br \/>\n72379 Hechingen<br \/>\nE-Mail: <strong><a style=\"color: #003366;\" href=\"mailto:info@trautweingmbh.de\">info@trautweingmbh.de<\/a><br \/>\n<\/strong>Telefon: 07471 \/ 6201 334<br \/>\nFax: 07471 \/ 6201 338<\/p>\n<h3><strong>Kontaktformular<\/strong><\/h3>\n\n<div class=\"wpcf7 no-js\" id=\"wpcf7-f137-o1\" lang=\"de-DE\" dir=\"ltr\">\n<div class=\"screen-reader-response\"><p role=\"status\" aria-live=\"polite\" aria-atomic=\"true\"><\/p> <ul><\/ul><\/div>\n<form action=\"\/cms\/wp-json\/wp\/v2\/pages\/6#wpcf7-f137-o1\" method=\"post\" class=\"wpcf7-form init\" aria-label=\"Kontaktformular\" novalidate=\"novalidate\" data-status=\"init\">\n<div style=\"display: none;\">\n<input type=\"hidden\" name=\"_wpcf7\" value=\"137\" \/>\n<input type=\"hidden\" name=\"_wpcf7_version\" value=\"5.8.3\" \/>\n<input type=\"hidden\" name=\"_wpcf7_locale\" value=\"de_DE\" \/>\n<input type=\"hidden\" name=\"_wpcf7_unit_tag\" value=\"wpcf7-f137-o1\" \/>\n<input type=\"hidden\" name=\"_wpcf7_container_post\" value=\"0\" \/>\n<input type=\"hidden\" name=\"_wpcf7_posted_data_hash\" value=\"\" \/>\n<\/div>\n<p>Ihr Name (Pflichtfeld)\n<\/p>\n<p><span class=\"wpcf7-form-control-wrap\" data-name=\"your-name\"><input size=\"40\" class=\"wpcf7-form-control wpcf7-text wpcf7-validates-as-required\" aria-required=\"true\" aria-invalid=\"false\" value=\"\" type=\"text\" name=\"your-name\" \/><\/span>\n<\/p>\n<p><span id=\"wpcf7-69e7ba3b8b6d9-wrapper\" class=\"wpcf7-form-control-wrap Website-02-wrap\" style=\"display:none !important; visibility:hidden !important;\"><label for=\"wpcf7-69e7ba3b8b6d9-field\" class=\"hp-message\">Bitte lasse dieses Feld leer.<\/label><input id=\"wpcf7-69e7ba3b8b6d9-field\"  class=\"wpcf7-form-control wpcf7-text\" type=\"text\" name=\"Website-02\" value=\"\" size=\"40\" tabindex=\"-1\" autocomplete=\"new-password\" \/><\/span>\n<\/p>\n<p>Ihre E-Mail-Adresse (Pflichtfeld)\n<\/p>\n<p><span class=\"wpcf7-form-control-wrap\" data-name=\"your-email\"><input size=\"40\" class=\"wpcf7-form-control wpcf7-email wpcf7-validates-as-required wpcf7-text wpcf7-validates-as-email\" aria-required=\"true\" aria-invalid=\"false\" value=\"\" type=\"email\" name=\"your-email\" \/><\/span>\n<\/p>\n<p><span id=\"wpcf7-69e7ba3b8b779-wrapper\" class=\"wpcf7-form-control-wrap Websiteprotect-wrap\" style=\"display:none !important; visibility:hidden !important;\"><label for=\"wpcf7-69e7ba3b8b779-field\" class=\"hp-message\">Bitte lasse dieses Feld leer.<\/label><input id=\"wpcf7-69e7ba3b8b779-field\"  class=\"wpcf7-form-control wpcf7-text\" type=\"text\" name=\"Websiteprotect\" value=\"\" size=\"40\" tabindex=\"-1\" autocomplete=\"new-password\" \/><\/span><br \/>\n<span id=\"wpcf7-69e7ba3b8b7b1-wrapper\" class=\"wpcf7-form-control-wrap Website-02-wrap\" style=\"display:none !important; visibility:hidden !important;\"><label for=\"wpcf7-69e7ba3b8b7b1-field\" class=\"hp-message\">Bitte lasse dieses Feld leer.<\/label><input id=\"wpcf7-69e7ba3b8b7b1-field\"  class=\"wpcf7-form-control wpcf7-text\" type=\"text\" name=\"Website-02\" value=\"\" size=\"40\" tabindex=\"-1\" autocomplete=\"new-password\" \/><\/span>\n<\/p>\n<p>Betreff\n<\/p>\n<p><span class=\"wpcf7-form-control-wrap\" data-name=\"your-subject\"><input size=\"40\" class=\"wpcf7-form-control wpcf7-text\" aria-invalid=\"false\" value=\"\" type=\"text\" name=\"your-subject\" \/><\/span>\n<\/p>\n<p>Ihre Nachricht\n<\/p>\n<p><span class=\"wpcf7-form-control-wrap\" data-name=\"your-message\"><textarea cols=\"40\" rows=\"10\" class=\"wpcf7-form-control wpcf7-textarea\" aria-invalid=\"false\" name=\"your-message\"><\/textarea><\/span>\n<\/p>\n<p><input class=\"wpcf7-form-control wpcf7-submit has-spinner\" type=\"submit\" value=\"Senden\" \/>\n<\/p>\n<p>[contact-form-7 id=\"137\" title=\"Kontaktformular 1\"]\n<\/p><div class=\"wpcf7-response-output\" aria-hidden=\"true\"><\/div>\n<\/form>\n<\/div>\n\n","protected":false},"excerpt":{"rendered":"<p>KONTAKT Wir freuen uns \u00fcber Ihre Nachricht: Trautwein GmbH Haigerlocher Str. 42 72379 Hechingen E-Mail: info@trautweingmbh.de Telefon: 07471 \/ 6201 334 Fax: 07471 \/ 6201 338 Kontaktformular<\/p>\n","protected":false},"author":1,"featured_media":0,"parent":0,"menu_order":4,"comment_status":"closed","ping_status":"closed","template":"","meta":{"_mi_skip_tracking":false,"_monsterinsights_sitenote_active":false,"_monsterinsights_sitenote_note":"","_monsterinsights_sitenote_category":0,"footnotes":""},"class_list":["post-6","page","type-page","status-publish","hentry"],"yoast_head":"<!-- This site is optimized with the Yoast SEO plugin v21.5 - https:\/\/yoast.com\/wordpress\/plugins\/seo\/ -->\n<title>Trautwein GmbH - Kontakt<\/title>\n<meta name=\"description\" content=\"Wir freuen uns \u00fcber Ihre Nachricht. Nehmen Sie Kontakt mit uns auf!\" \/>\n<meta name=\"robots\" content=\"index, follow, max-snippet:-1, max-image-preview:large, max-video-preview:-1\" \/>\n<link rel=\"canonical\" href=\"http:\/\/www.trautweingmbh.de\/cms\/kontakt\/\" \/>\n<meta property=\"og:locale\" content=\"de_DE\" \/>\n<meta property=\"og:type\" content=\"article\" \/>\n<meta property=\"og:title\" content=\"Trautwein GmbH - Kontakt\" \/>\n<meta property=\"og:description\" content=\"Wir freuen uns \u00fcber Ihre Nachricht. Nehmen Sie Kontakt mit uns auf!\" \/>\n<meta property=\"og:url\" content=\"http:\/\/www.trautweingmbh.de\/cms\/kontakt\/\" \/>\n<meta property=\"og:site_name\" content=\"H\u00e4rterei Trautwein GmbH\" \/>\n<meta property=\"article:modified_time\" content=\"2023-11-21T11:31:08+00:00\" \/>\n<meta name=\"twitter:card\" content=\"summary_large_image\" \/>\n<meta name=\"twitter:label1\" content=\"Gesch\u00e4tzte Lesezeit\" \/>\n\t<meta name=\"twitter:data1\" content=\"1\u00a0Minute\" \/>\n<script type=\"application\/ld+json\" class=\"yoast-schema-graph\">{\"@context\":\"https:\/\/schema.org\",\"@graph\":[{\"@type\":\"WebPage\",\"@id\":\"http:\/\/www.trautweingmbh.de\/cms\/kontakt\/\",\"url\":\"http:\/\/www.trautweingmbh.de\/cms\/kontakt\/\",\"name\":\"Trautwein GmbH - Kontakt\",\"isPartOf\":{\"@id\":\"http:\/\/www.trautweingmbh.de\/cms\/#website\"},\"datePublished\":\"2013-08-26T06:20:45+00:00\",\"dateModified\":\"2023-11-21T11:31:08+00:00\",\"description\":\"Wir freuen uns \u00fcber Ihre Nachricht. Nehmen Sie Kontakt mit uns auf!\",\"breadcrumb\":{\"@id\":\"http:\/\/www.trautweingmbh.de\/cms\/kontakt\/#breadcrumb\"},\"inLanguage\":\"de\",\"potentialAction\":[{\"@type\":\"ReadAction\",\"target\":[\"http:\/\/www.trautweingmbh.de\/cms\/kontakt\/\"]}]},{\"@type\":\"BreadcrumbList\",\"@id\":\"http:\/\/www.trautweingmbh.de\/cms\/kontakt\/#breadcrumb\",\"itemListElement\":[{\"@type\":\"ListItem\",\"position\":1,\"name\":\"Home\",\"item\":\"http:\/\/www.trautweingmbh.de\/cms\/\"},{\"@type\":\"ListItem\",\"position\":2,\"name\":\"Kontakt\"}]},{\"@type\":\"WebSite\",\"@id\":\"http:\/\/www.trautweingmbh.de\/cms\/#website\",\"url\":\"http:\/\/www.trautweingmbh.de\/cms\/\",\"name\":\"H\u00e4rterei Trautwein GmbH\",\"description\":\"W\u00e4rmebehandlung von Metallen | Oberfl\u00e4chenveredelung\",\"publisher\":{\"@id\":\"http:\/\/www.trautweingmbh.de\/cms\/#organization\"},\"potentialAction\":[{\"@type\":\"SearchAction\",\"target\":{\"@type\":\"EntryPoint\",\"urlTemplate\":\"http:\/\/www.trautweingmbh.de\/cms\/?s={search_term_string}\"},\"query-input\":\"required name=search_term_string\"}],\"inLanguage\":\"de\"},{\"@type\":\"Organization\",\"@id\":\"http:\/\/www.trautweingmbh.de\/cms\/#organization\",\"name\":\"Trautwein GmbH\",\"url\":\"http:\/\/www.trautweingmbh.de\/cms\/\",\"logo\":{\"@type\":\"ImageObject\",\"inLanguage\":\"de\",\"@id\":\"http:\/\/www.trautweingmbh.de\/cms\/#\/schema\/logo\/image\/\",\"url\":\"http:\/\/www.trautweingmbh.de\/cms\/wp-content\/uploads\/2013\/08\/Logo_m.gif\",\"contentUrl\":\"http:\/\/www.trautweingmbh.de\/cms\/wp-content\/uploads\/2013\/08\/Logo_m.gif\",\"width\":360,\"height\":55,\"caption\":\"Trautwein GmbH\"},\"image\":{\"@id\":\"http:\/\/www.trautweingmbh.de\/cms\/#\/schema\/logo\/image\/\"}}]}<\/script>\n<!-- \/ Yoast SEO plugin. -->","yoast_head_json":{"title":"Trautwein GmbH - Kontakt","description":"Wir freuen uns \u00fcber Ihre Nachricht. Nehmen Sie Kontakt mit uns auf!","robots":{"index":"index","follow":"follow","max-snippet":"max-snippet:-1","max-image-preview":"max-image-preview:large","max-video-preview":"max-video-preview:-1"},"canonical":"http:\/\/www.trautweingmbh.de\/cms\/kontakt\/","og_locale":"de_DE","og_type":"article","og_title":"Trautwein GmbH - Kontakt","og_description":"Wir freuen uns \u00fcber Ihre Nachricht. Nehmen Sie Kontakt mit uns auf!","og_url":"http:\/\/www.trautweingmbh.de\/cms\/kontakt\/","og_site_name":"H\u00e4rterei Trautwein GmbH","article_modified_time":"2023-11-21T11:31:08+00:00","twitter_card":"summary_large_image","twitter_misc":{"Gesch\u00e4tzte Lesezeit":"1\u00a0Minute"},"schema":{"@context":"https:\/\/schema.org","@graph":[{"@type":"WebPage","@id":"http:\/\/www.trautweingmbh.de\/cms\/kontakt\/","url":"http:\/\/www.trautweingmbh.de\/cms\/kontakt\/","name":"Trautwein GmbH - Kontakt","isPartOf":{"@id":"http:\/\/www.trautweingmbh.de\/cms\/#website"},"datePublished":"2013-08-26T06:20:45+00:00","dateModified":"2023-11-21T11:31:08+00:00","description":"Wir freuen uns \u00fcber Ihre Nachricht. Nehmen Sie Kontakt mit uns auf!","breadcrumb":{"@id":"http:\/\/www.trautweingmbh.de\/cms\/kontakt\/#breadcrumb"},"inLanguage":"de","potentialAction":[{"@type":"ReadAction","target":["http:\/\/www.trautweingmbh.de\/cms\/kontakt\/"]}]},{"@type":"BreadcrumbList","@id":"http:\/\/www.trautweingmbh.de\/cms\/kontakt\/#breadcrumb","itemListElement":[{"@type":"ListItem","position":1,"name":"Home","item":"http:\/\/www.trautweingmbh.de\/cms\/"},{"@type":"ListItem","position":2,"name":"Kontakt"}]},{"@type":"WebSite","@id":"http:\/\/www.trautweingmbh.de\/cms\/#website","url":"http:\/\/www.trautweingmbh.de\/cms\/","name":"H\u00e4rterei Trautwein GmbH","description":"W\u00e4rmebehandlung von Metallen | Oberfl\u00e4chenveredelung","publisher":{"@id":"http:\/\/www.trautweingmbh.de\/cms\/#organization"},"potentialAction":[{"@type":"SearchAction","target":{"@type":"EntryPoint","urlTemplate":"http:\/\/www.trautweingmbh.de\/cms\/?s={search_term_string}"},"query-input":"required name=search_term_string"}],"inLanguage":"de"},{"@type":"Organization","@id":"http:\/\/www.trautweingmbh.de\/cms\/#organization","name":"Trautwein GmbH","url":"http:\/\/www.trautweingmbh.de\/cms\/","logo":{"@type":"ImageObject","inLanguage":"de","@id":"http:\/\/www.trautweingmbh.de\/cms\/#\/schema\/logo\/image\/","url":"http:\/\/www.trautweingmbh.de\/cms\/wp-content\/uploads\/2013\/08\/Logo_m.gif","contentUrl":"http:\/\/www.trautweingmbh.de\/cms\/wp-content\/uploads\/2013\/08\/Logo_m.gif","width":360,"height":55,"caption":"Trautwein GmbH"},"image":{"@id":"http:\/\/www.trautweingmbh.de\/cms\/#\/schema\/logo\/image\/"}}]}},"jetpack_sharing_enabled":true,"_links":{"self":[{"href":"http:\/\/www.trautweingmbh.de\/cms\/wp-json\/wp\/v2\/pages\/6","targetHints":{"allow":["GET"]}}],"collection":[{"href":"http:\/\/www.trautweingmbh.de\/cms\/wp-json\/wp\/v2\/pages"}],"about":[{"href":"http:\/\/www.trautweingmbh.de\/cms\/wp-json\/wp\/v2\/types\/page"}],"author":[{"embeddable":true,"href":"http:\/\/www.trautweingmbh.de\/cms\/wp-json\/wp\/v2\/users\/1"}],"replies":[{"embeddable":true,"href":"http:\/\/www.trautweingmbh.de\/cms\/wp-json\/wp\/v2\/comments?post=6"}],"version-history":[{"count":38,"href":"http:\/\/www.trautweingmbh.de\/cms\/wp-json\/wp\/v2\/pages\/6\/revisions"}],"predecessor-version":[{"id":7427,"href":"http:\/\/www.trautweingmbh.de\/cms\/wp-json\/wp\/v2\/pages\/6\/revisions\/7427"}],"wp:attachment":[{"href":"http:\/\/www.trautweingmbh.de\/cms\/wp-json\/wp\/v2\/media?parent=6"}],"curies":[{"name":"wp","href":"https:\/\/api.w.org\/{rel}","templated":true}]}}