{"id":585,"date":"2015-07-05T15:29:15","date_gmt":"2015-07-05T13:29:15","guid":{"rendered":"http:\/\/trautweingmbh.de\/cms\/?page_id=585"},"modified":"2021-12-25T16:03:49","modified_gmt":"2021-12-25T14:03:49","slug":"sandstrahlen","status":"publish","type":"page","link":"http:\/\/www.trautweingmbh.de\/cms\/sandstrahlen\/","title":{"rendered":"Sandstrahlen"},"content":{"rendered":"\t\t<div data-elementor-type=\"wp-page\" data-elementor-id=\"585\" class=\"elementor elementor-585\">\n\t\t\t\t\t\t\t\t\t<section class=\"elementor-section elementor-top-section elementor-element elementor-element-4a6e34f elementor-section-boxed elementor-section-height-default elementor-section-height-default\" data-id=\"4a6e34f\" data-element_type=\"section\">\n\t\t\t\t\t\t<div class=\"elementor-container elementor-column-gap-default\">\n\t\t\t\t\t<div class=\"elementor-column elementor-col-100 elementor-top-column elementor-element elementor-element-8ed4c71\" data-id=\"8ed4c71\" data-element_type=\"column\">\n\t\t\t<div class=\"elementor-widget-wrap elementor-element-populated\">\n\t\t\t\t\t\t\t\t<div class=\"elementor-element elementor-element-9625c25 elementor-widget__width-inherit elementor-widget elementor-widget-image\" data-id=\"9625c25\" data-element_type=\"widget\" data-widget_type=\"image.default\">\n\t\t\t\t<div class=\"elementor-widget-container\">\n\t\t\t<style>\/*! elementor - v3.17.0 - 08-11-2023 *\/\n.elementor-widget-image{text-align:center}.elementor-widget-image a{display:inline-block}.elementor-widget-image a img[src$=\".svg\"]{width:48px}.elementor-widget-image img{vertical-align:middle;display:inline-block}<\/style>\t\t\t\t\t\t\t\t\t\t\t\t<img loading=\"lazy\" decoding=\"async\" width=\"950\" height=\"633\" src=\"https:\/\/i0.wp.com\/www.trautweingmbh.de\/cms\/wp-content\/uploads\/2021\/12\/sandblasting-car-engine-part-2021-08-27-12-27-19-utc.jpg?resize=950%2C633\" class=\"attachment-2048x2048 size-2048x2048 wp-image-7364\" alt=\"\" srcset=\"https:\/\/i0.wp.com\/www.trautweingmbh.de\/cms\/wp-content\/uploads\/2021\/12\/sandblasting-car-engine-part-2021-08-27-12-27-19-utc-scaled.jpg?resize=2048%2C1365 2048w, https:\/\/i0.wp.com\/www.trautweingmbh.de\/cms\/wp-content\/uploads\/2021\/12\/sandblasting-car-engine-part-2021-08-27-12-27-19-utc-scaled.jpg?resize=300%2C200 300w, https:\/\/i0.wp.com\/www.trautweingmbh.de\/cms\/wp-content\/uploads\/2021\/12\/sandblasting-car-engine-part-2021-08-27-12-27-19-utc-scaled.jpg?resize=1024%2C683 1024w, https:\/\/i0.wp.com\/www.trautweingmbh.de\/cms\/wp-content\/uploads\/2021\/12\/sandblasting-car-engine-part-2021-08-27-12-27-19-utc-scaled.jpg?resize=768%2C512 768w, https:\/\/i0.wp.com\/www.trautweingmbh.de\/cms\/wp-content\/uploads\/2021\/12\/sandblasting-car-engine-part-2021-08-27-12-27-19-utc-scaled.jpg?resize=1536%2C1024 1536w, https:\/\/i0.wp.com\/www.trautweingmbh.de\/cms\/wp-content\/uploads\/2021\/12\/sandblasting-car-engine-part-2021-08-27-12-27-19-utc-scaled.jpg?resize=2000%2C1333 2000w, https:\/\/i0.wp.com\/www.trautweingmbh.de\/cms\/wp-content\/uploads\/2021\/12\/sandblasting-car-engine-part-2021-08-27-12-27-19-utc-scaled.jpg?resize=272%2C182 272w, https:\/\/i0.wp.com\/www.trautweingmbh.de\/cms\/wp-content\/uploads\/2021\/12\/sandblasting-car-engine-part-2021-08-27-12-27-19-utc-scaled.jpg?w=1900 1900w\" sizes=\"auto, 100vw\" data-recalc-dims=\"1\" \/>\t\t\t\t\t\t\t\t\t\t\t\t\t\t\t<\/div>\n\t\t\t\t<\/div>\n\t\t\t\t\t<\/div>\n\t\t<\/div>\n\t\t\t\t\t\t\t<\/div>\n\t\t<\/section>\n\t\t\t\t\t\t\t<\/div>\n\t\t","protected":false},"excerpt":{"rendered":"","protected":false},"author":2,"featured_media":0,"parent":0,"menu_order":0,"comment_status":"closed","ping_status":"closed","template":"","meta":{"_mi_skip_tracking":false,"_monsterinsights_sitenote_active":false,"_monsterinsights_sitenote_note":"","_monsterinsights_sitenote_category":0,"footnotes":""},"class_list":["post-585","page","type-page","status-publish","hentry"],"yoast_head":"<!-- This site is optimized with the Yoast SEO plugin v21.5 - https:\/\/yoast.com\/wordpress\/plugins\/seo\/ -->\n<title>Sandstrahlen - H\u00e4rterei Trautwein GmbH<\/title>\n<meta name=\"description\" content=\"Das Sandstrahlen, bei uns nach dem Schleuderwellenprinzip, wird zur Behandlung von Oberfl\u00e4chen eingesetzt, um bspw. Verunreinigungen zu entfernen oder die..\" \/>\n<meta name=\"robots\" content=\"index, follow, max-snippet:-1, max-image-preview:large, max-video-preview:-1\" \/>\n<link rel=\"canonical\" href=\"http:\/\/www.trautweingmbh.de\/cms\/sandstrahlen\/\" \/>\n<meta property=\"og:locale\" content=\"de_DE\" \/>\n<meta property=\"og:type\" content=\"article\" \/>\n<meta property=\"og:title\" content=\"Sandstrahlen - H\u00e4rterei Trautwein GmbH\" \/>\n<meta property=\"og:description\" content=\"Das Sandstrahlen, bei uns nach dem Schleuderwellenprinzip, wird zur Behandlung von Oberfl\u00e4chen eingesetzt, um bspw. Verunreinigungen zu entfernen oder die..\" \/>\n<meta property=\"og:url\" content=\"http:\/\/www.trautweingmbh.de\/cms\/sandstrahlen\/\" \/>\n<meta property=\"og:site_name\" content=\"H\u00e4rterei Trautwein GmbH\" \/>\n<meta property=\"article:modified_time\" content=\"2021-12-25T14:03:49+00:00\" \/>\n<meta property=\"og:image\" content=\"http:\/\/www.trautweingmbh.de\/cms\/wp-content\/uploads\/2021\/12\/sandblasting-car-engine-part-2021-08-27-12-27-19-utc-2048x1365.jpg\" \/>\n<meta name=\"twitter:card\" content=\"summary_large_image\" \/>\n<meta name=\"twitter:label1\" content=\"Gesch\u00e4tzte Lesezeit\" \/>\n\t<meta name=\"twitter:data1\" content=\"1\u00a0Minute\" \/>\n<script type=\"application\/ld+json\" class=\"yoast-schema-graph\">{\"@context\":\"https:\/\/schema.org\",\"@graph\":[{\"@type\":\"WebPage\",\"@id\":\"http:\/\/www.trautweingmbh.de\/cms\/sandstrahlen\/\",\"url\":\"http:\/\/www.trautweingmbh.de\/cms\/sandstrahlen\/\",\"name\":\"Sandstrahlen - H\u00e4rterei Trautwein GmbH\",\"isPartOf\":{\"@id\":\"http:\/\/www.trautweingmbh.de\/cms\/#website\"},\"datePublished\":\"2015-07-05T13:29:15+00:00\",\"dateModified\":\"2021-12-25T14:03:49+00:00\",\"description\":\"Das Sandstrahlen, bei uns nach dem Schleuderwellenprinzip, wird zur Behandlung von Oberfl\u00e4chen eingesetzt, um bspw. Verunreinigungen zu entfernen oder die..\",\"breadcrumb\":{\"@id\":\"http:\/\/www.trautweingmbh.de\/cms\/sandstrahlen\/#breadcrumb\"},\"inLanguage\":\"de\",\"potentialAction\":[{\"@type\":\"ReadAction\",\"target\":[\"http:\/\/www.trautweingmbh.de\/cms\/sandstrahlen\/\"]}]},{\"@type\":\"BreadcrumbList\",\"@id\":\"http:\/\/www.trautweingmbh.de\/cms\/sandstrahlen\/#breadcrumb\",\"itemListElement\":[{\"@type\":\"ListItem\",\"position\":1,\"name\":\"Home\",\"item\":\"http:\/\/www.trautweingmbh.de\/cms\/\"},{\"@type\":\"ListItem\",\"position\":2,\"name\":\"Sandstrahlen\"}]},{\"@type\":\"WebSite\",\"@id\":\"http:\/\/www.trautweingmbh.de\/cms\/#website\",\"url\":\"http:\/\/www.trautweingmbh.de\/cms\/\",\"name\":\"H\u00e4rterei Trautwein GmbH\",\"description\":\"W\u00e4rmebehandlung von Metallen | Oberfl\u00e4chenveredelung\",\"publisher\":{\"@id\":\"http:\/\/www.trautweingmbh.de\/cms\/#organization\"},\"potentialAction\":[{\"@type\":\"SearchAction\",\"target\":{\"@type\":\"EntryPoint\",\"urlTemplate\":\"http:\/\/www.trautweingmbh.de\/cms\/?s={search_term_string}\"},\"query-input\":\"required name=search_term_string\"}],\"inLanguage\":\"de\"},{\"@type\":\"Organization\",\"@id\":\"http:\/\/www.trautweingmbh.de\/cms\/#organization\",\"name\":\"Trautwein GmbH\",\"url\":\"http:\/\/www.trautweingmbh.de\/cms\/\",\"logo\":{\"@type\":\"ImageObject\",\"inLanguage\":\"de\",\"@id\":\"http:\/\/www.trautweingmbh.de\/cms\/#\/schema\/logo\/image\/\",\"url\":\"http:\/\/www.trautweingmbh.de\/cms\/wp-content\/uploads\/2013\/08\/Logo_m.gif\",\"contentUrl\":\"http:\/\/www.trautweingmbh.de\/cms\/wp-content\/uploads\/2013\/08\/Logo_m.gif\",\"width\":360,\"height\":55,\"caption\":\"Trautwein GmbH\"},\"image\":{\"@id\":\"http:\/\/www.trautweingmbh.de\/cms\/#\/schema\/logo\/image\/\"}}]}<\/script>\n<!-- \/ Yoast SEO plugin. -->","yoast_head_json":{"title":"Sandstrahlen - H\u00e4rterei Trautwein GmbH","description":"Das Sandstrahlen, bei uns nach dem Schleuderwellenprinzip, wird zur Behandlung von Oberfl\u00e4chen eingesetzt, um bspw. Verunreinigungen zu entfernen oder die..","robots":{"index":"index","follow":"follow","max-snippet":"max-snippet:-1","max-image-preview":"max-image-preview:large","max-video-preview":"max-video-preview:-1"},"canonical":"http:\/\/www.trautweingmbh.de\/cms\/sandstrahlen\/","og_locale":"de_DE","og_type":"article","og_title":"Sandstrahlen - H\u00e4rterei Trautwein GmbH","og_description":"Das Sandstrahlen, bei uns nach dem Schleuderwellenprinzip, wird zur Behandlung von Oberfl\u00e4chen eingesetzt, um bspw. Verunreinigungen zu entfernen oder die..","og_url":"http:\/\/www.trautweingmbh.de\/cms\/sandstrahlen\/","og_site_name":"H\u00e4rterei Trautwein GmbH","article_modified_time":"2021-12-25T14:03:49+00:00","og_image":[{"url":"http:\/\/www.trautweingmbh.de\/cms\/wp-content\/uploads\/2021\/12\/sandblasting-car-engine-part-2021-08-27-12-27-19-utc-2048x1365.jpg"}],"twitter_card":"summary_large_image","twitter_misc":{"Gesch\u00e4tzte Lesezeit":"1\u00a0Minute"},"schema":{"@context":"https:\/\/schema.org","@graph":[{"@type":"WebPage","@id":"http:\/\/www.trautweingmbh.de\/cms\/sandstrahlen\/","url":"http:\/\/www.trautweingmbh.de\/cms\/sandstrahlen\/","name":"Sandstrahlen - H\u00e4rterei Trautwein GmbH","isPartOf":{"@id":"http:\/\/www.trautweingmbh.de\/cms\/#website"},"datePublished":"2015-07-05T13:29:15+00:00","dateModified":"2021-12-25T14:03:49+00:00","description":"Das Sandstrahlen, bei uns nach dem Schleuderwellenprinzip, wird zur Behandlung von Oberfl\u00e4chen eingesetzt, um bspw. Verunreinigungen zu entfernen oder die..","breadcrumb":{"@id":"http:\/\/www.trautweingmbh.de\/cms\/sandstrahlen\/#breadcrumb"},"inLanguage":"de","potentialAction":[{"@type":"ReadAction","target":["http:\/\/www.trautweingmbh.de\/cms\/sandstrahlen\/"]}]},{"@type":"BreadcrumbList","@id":"http:\/\/www.trautweingmbh.de\/cms\/sandstrahlen\/#breadcrumb","itemListElement":[{"@type":"ListItem","position":1,"name":"Home","item":"http:\/\/www.trautweingmbh.de\/cms\/"},{"@type":"ListItem","position":2,"name":"Sandstrahlen"}]},{"@type":"WebSite","@id":"http:\/\/www.trautweingmbh.de\/cms\/#website","url":"http:\/\/www.trautweingmbh.de\/cms\/","name":"H\u00e4rterei Trautwein GmbH","description":"W\u00e4rmebehandlung von Metallen | Oberfl\u00e4chenveredelung","publisher":{"@id":"http:\/\/www.trautweingmbh.de\/cms\/#organization"},"potentialAction":[{"@type":"SearchAction","target":{"@type":"EntryPoint","urlTemplate":"http:\/\/www.trautweingmbh.de\/cms\/?s={search_term_string}"},"query-input":"required name=search_term_string"}],"inLanguage":"de"},{"@type":"Organization","@id":"http:\/\/www.trautweingmbh.de\/cms\/#organization","name":"Trautwein GmbH","url":"http:\/\/www.trautweingmbh.de\/cms\/","logo":{"@type":"ImageObject","inLanguage":"de","@id":"http:\/\/www.trautweingmbh.de\/cms\/#\/schema\/logo\/image\/","url":"http:\/\/www.trautweingmbh.de\/cms\/wp-content\/uploads\/2013\/08\/Logo_m.gif","contentUrl":"http:\/\/www.trautweingmbh.de\/cms\/wp-content\/uploads\/2013\/08\/Logo_m.gif","width":360,"height":55,"caption":"Trautwein GmbH"},"image":{"@id":"http:\/\/www.trautweingmbh.de\/cms\/#\/schema\/logo\/image\/"}}]}},"jetpack_sharing_enabled":true,"_links":{"self":[{"href":"http:\/\/www.trautweingmbh.de\/cms\/wp-json\/wp\/v2\/pages\/585","targetHints":{"allow":["GET"]}}],"collection":[{"href":"http:\/\/www.trautweingmbh.de\/cms\/wp-json\/wp\/v2\/pages"}],"about":[{"href":"http:\/\/www.trautweingmbh.de\/cms\/wp-json\/wp\/v2\/types\/page"}],"author":[{"embeddable":true,"href":"http:\/\/www.trautweingmbh.de\/cms\/wp-json\/wp\/v2\/users\/2"}],"replies":[{"embeddable":true,"href":"http:\/\/www.trautweingmbh.de\/cms\/wp-json\/wp\/v2\/comments?post=585"}],"version-history":[{"count":29,"href":"http:\/\/www.trautweingmbh.de\/cms\/wp-json\/wp\/v2\/pages\/585\/revisions"}],"predecessor-version":[{"id":7367,"href":"http:\/\/www.trautweingmbh.de\/cms\/wp-json\/wp\/v2\/pages\/585\/revisions\/7367"}],"wp:attachment":[{"href":"http:\/\/www.trautweingmbh.de\/cms\/wp-json\/wp\/v2\/media?parent=585"}],"curies":[{"name":"wp","href":"https:\/\/api.w.org\/{rel}","templated":true}]}}