{"id":570,"date":"2015-07-05T14:59:59","date_gmt":"2015-07-05T12:59:59","guid":{"rendered":"http:\/\/trautweingmbh.de\/cms\/?page_id=570"},"modified":"2021-12-25T07:45:37","modified_gmt":"2021-12-25T05:45:37","slug":"normalgluehen","status":"publish","type":"page","link":"http:\/\/www.trautweingmbh.de\/cms\/normalgluehen\/","title":{"rendered":"Normalgl\u00fchen"},"content":{"rendered":"\t\t<div data-elementor-type=\"wp-page\" data-elementor-id=\"570\" class=\"elementor elementor-570\">\n\t\t\t\t\t\t\t\t\t<section class=\"elementor-section elementor-top-section elementor-element elementor-element-533e922a elementor-section-boxed elementor-section-height-default elementor-section-height-default\" data-id=\"533e922a\" data-element_type=\"section\">\n\t\t\t\t\t\t<div class=\"elementor-container elementor-column-gap-default\">\n\t\t\t\t\t<div class=\"elementor-column elementor-col-100 elementor-top-column elementor-element elementor-element-317b53d7\" data-id=\"317b53d7\" data-element_type=\"column\">\n\t\t\t<div class=\"elementor-widget-wrap elementor-element-populated\">\n\t\t\t\t\t\t\t\t<div class=\"elementor-element elementor-element-7ff6d5a5 elementor-widget elementor-widget-text-editor\" data-id=\"7ff6d5a5\" data-element_type=\"widget\" data-widget_type=\"text-editor.default\">\n\t\t\t\t<div class=\"elementor-widget-container\">\n\t\t\t<style>\/*! elementor - v3.17.0 - 08-11-2023 *\/\n.elementor-widget-text-editor.elementor-drop-cap-view-stacked .elementor-drop-cap{background-color:#69727d;color:#fff}.elementor-widget-text-editor.elementor-drop-cap-view-framed .elementor-drop-cap{color:#69727d;border:3px solid;background-color:transparent}.elementor-widget-text-editor:not(.elementor-drop-cap-view-default) .elementor-drop-cap{margin-top:8px}.elementor-widget-text-editor:not(.elementor-drop-cap-view-default) .elementor-drop-cap-letter{width:1em;height:1em}.elementor-widget-text-editor .elementor-drop-cap{float:left;text-align:center;line-height:1;font-size:50px}.elementor-widget-text-editor .elementor-drop-cap-letter{display:inline-block}<\/style>\t\t\t\t<h1><strong>NORMALGL\u00dcHEN<\/strong><\/h1><p style=\"text-align: justify;\">Gegen Ungleichm\u00e4\u00dfigkeiten im Gef\u00fcge kann <strong>Normalgl\u00fchen<\/strong> (Normalisieren oder R\u00fcckfeinen) helfen. Unter Normalgl\u00fchen versteht man nach DIN EN 10052 eine W\u00e4rmebehandlung, welche aus Austenitisieren mit darauffolgenden Abk\u00fchlen besteht. Hierbei wird ein gleichm\u00e4\u00dfiges, d.h. feink\u00f6rniges Gef\u00fcge erstellt, bei dem dadurch ideale Eigenschaften in den Bereichen Festigkeit und Verformbarkeit erreicht werden k\u00f6nnen.<\/p><p style=\"text-align: justify;\">Das Normalgl\u00fchen erfolgt bei einer Temperatur knapp oberhalb des oberen Umwandlungspunkts A<sub>c3. <\/sub>Nach dem Gl\u00fchen wird das Abk\u00fchlen bei ruhender Atmosph\u00e4re eingeleitet. Normalgl\u00fchen wird angewandt um:<\/p><ul><li style=\"text-align: justify;\">Grobkorngef\u00fcge zu beseitigen (z.B. bei W\u00e4rmebehandlungsfehlern)<\/li><li>Prim\u00e4res Gussgef\u00fcge zu beseitigen (z.b. bei Stahlformguss)<\/li><li>Kornr\u00fcckzufeinen nach dem Warmwalzen wegen zu hoher Walzentemperatur<\/li><li>Korngr\u00f6\u00dfenverteilungen nach Schwei\u00dfoperationen zu beseitigen<\/li><li style=\"text-align: justify;\">usw.<\/li><\/ul>\t\t\t\t\t\t<\/div>\n\t\t\t\t<\/div>\n\t\t\t\t\t<\/div>\n\t\t<\/div>\n\t\t\t\t\t\t\t<\/div>\n\t\t<\/section>\n\t\t\t\t\t\t\t<\/div>\n\t\t","protected":false},"excerpt":{"rendered":"<p>NORMALGL\u00dcHEN Gegen Ungleichm\u00e4\u00dfigkeiten im Gef\u00fcge kann Normalgl\u00fchen (Normalisieren oder R\u00fcckfeinen) helfen. Unter Normalgl\u00fchen versteht man nach DIN EN 10052 eine W\u00e4rmebehandlung, welche aus Austenitisieren mit darauffolgenden Abk\u00fchlen besteht. Hierbei wird ein gleichm\u00e4\u00dfiges, d.h. feink\u00f6rniges Gef\u00fcge erstellt, bei dem dadurch ideale Eigenschaften in den Bereichen Festigkeit und Verformbarkeit erreicht werden k\u00f6nnen. Das Normalgl\u00fchen erfolgt bei einer &hellip; <\/p>\n<p class=\"link-more\"><a href=\"http:\/\/www.trautweingmbh.de\/cms\/normalgluehen\/\" class=\"more-link\">Mehr <span class=\"screen-reader-text\">\u00fcber &#8222;Normalgl\u00fchen&#8220; <\/span>Lesen<\/a><\/p>\n","protected":false},"author":2,"featured_media":0,"parent":0,"menu_order":0,"comment_status":"closed","ping_status":"closed","template":"","meta":{"_mi_skip_tracking":false,"_monsterinsights_sitenote_active":false,"_monsterinsights_sitenote_note":"","_monsterinsights_sitenote_category":0,"footnotes":""},"class_list":["post-570","page","type-page","status-publish","hentry"],"yoast_head":"<!-- This site is optimized with the Yoast SEO plugin v21.5 - https:\/\/yoast.com\/wordpress\/plugins\/seo\/ -->\n<title>Normalgl\u00fchen - H\u00e4rterei Trautwein GmbH<\/title>\n<meta name=\"description\" content=\"Gegen Ungleichm\u00e4\u00dfigkeiten im Gef\u00fcge kann Normalgl\u00fchen (Normalisieren oder R\u00fcckfeinen) helfen. Hierbei wird ein gleichm\u00e4\u00dfiges, d.h. feink\u00f6rniges\" \/>\n<meta name=\"robots\" content=\"index, follow, max-snippet:-1, max-image-preview:large, max-video-preview:-1\" \/>\n<link rel=\"canonical\" href=\"http:\/\/www.trautweingmbh.de\/cms\/normalgluehen\/\" \/>\n<meta property=\"og:locale\" content=\"de_DE\" \/>\n<meta property=\"og:type\" content=\"article\" \/>\n<meta property=\"og:title\" content=\"Normalgl\u00fchen - H\u00e4rterei Trautwein GmbH\" \/>\n<meta property=\"og:description\" content=\"Gegen Ungleichm\u00e4\u00dfigkeiten im Gef\u00fcge kann Normalgl\u00fchen (Normalisieren oder R\u00fcckfeinen) helfen. Hierbei wird ein gleichm\u00e4\u00dfiges, d.h. feink\u00f6rniges\" \/>\n<meta property=\"og:url\" content=\"http:\/\/www.trautweingmbh.de\/cms\/normalgluehen\/\" \/>\n<meta property=\"og:site_name\" content=\"H\u00e4rterei Trautwein GmbH\" \/>\n<meta property=\"article:modified_time\" content=\"2021-12-25T05:45:37+00:00\" \/>\n<meta name=\"twitter:card\" content=\"summary_large_image\" \/>\n<meta name=\"twitter:label1\" content=\"Gesch\u00e4tzte Lesezeit\" \/>\n\t<meta name=\"twitter:data1\" content=\"1\u00a0Minute\" \/>\n<script type=\"application\/ld+json\" class=\"yoast-schema-graph\">{\"@context\":\"https:\/\/schema.org\",\"@graph\":[{\"@type\":\"WebPage\",\"@id\":\"http:\/\/www.trautweingmbh.de\/cms\/normalgluehen\/\",\"url\":\"http:\/\/www.trautweingmbh.de\/cms\/normalgluehen\/\",\"name\":\"Normalgl\u00fchen - H\u00e4rterei Trautwein GmbH\",\"isPartOf\":{\"@id\":\"http:\/\/www.trautweingmbh.de\/cms\/#website\"},\"datePublished\":\"2015-07-05T12:59:59+00:00\",\"dateModified\":\"2021-12-25T05:45:37+00:00\",\"description\":\"Gegen Ungleichm\u00e4\u00dfigkeiten im Gef\u00fcge kann Normalgl\u00fchen (Normalisieren oder R\u00fcckfeinen) helfen. Hierbei wird ein gleichm\u00e4\u00dfiges, d.h. feink\u00f6rniges\",\"breadcrumb\":{\"@id\":\"http:\/\/www.trautweingmbh.de\/cms\/normalgluehen\/#breadcrumb\"},\"inLanguage\":\"de\",\"potentialAction\":[{\"@type\":\"ReadAction\",\"target\":[\"http:\/\/www.trautweingmbh.de\/cms\/normalgluehen\/\"]}]},{\"@type\":\"BreadcrumbList\",\"@id\":\"http:\/\/www.trautweingmbh.de\/cms\/normalgluehen\/#breadcrumb\",\"itemListElement\":[{\"@type\":\"ListItem\",\"position\":1,\"name\":\"Home\",\"item\":\"http:\/\/www.trautweingmbh.de\/cms\/\"},{\"@type\":\"ListItem\",\"position\":2,\"name\":\"Normalgl\u00fchen\"}]},{\"@type\":\"WebSite\",\"@id\":\"http:\/\/www.trautweingmbh.de\/cms\/#website\",\"url\":\"http:\/\/www.trautweingmbh.de\/cms\/\",\"name\":\"H\u00e4rterei Trautwein GmbH\",\"description\":\"W\u00e4rmebehandlung von Metallen | Oberfl\u00e4chenveredelung\",\"publisher\":{\"@id\":\"http:\/\/www.trautweingmbh.de\/cms\/#organization\"},\"potentialAction\":[{\"@type\":\"SearchAction\",\"target\":{\"@type\":\"EntryPoint\",\"urlTemplate\":\"http:\/\/www.trautweingmbh.de\/cms\/?s={search_term_string}\"},\"query-input\":\"required name=search_term_string\"}],\"inLanguage\":\"de\"},{\"@type\":\"Organization\",\"@id\":\"http:\/\/www.trautweingmbh.de\/cms\/#organization\",\"name\":\"Trautwein GmbH\",\"url\":\"http:\/\/www.trautweingmbh.de\/cms\/\",\"logo\":{\"@type\":\"ImageObject\",\"inLanguage\":\"de\",\"@id\":\"http:\/\/www.trautweingmbh.de\/cms\/#\/schema\/logo\/image\/\",\"url\":\"http:\/\/www.trautweingmbh.de\/cms\/wp-content\/uploads\/2013\/08\/Logo_m.gif\",\"contentUrl\":\"http:\/\/www.trautweingmbh.de\/cms\/wp-content\/uploads\/2013\/08\/Logo_m.gif\",\"width\":360,\"height\":55,\"caption\":\"Trautwein GmbH\"},\"image\":{\"@id\":\"http:\/\/www.trautweingmbh.de\/cms\/#\/schema\/logo\/image\/\"}}]}<\/script>\n<!-- \/ Yoast SEO plugin. -->","yoast_head_json":{"title":"Normalgl\u00fchen - H\u00e4rterei Trautwein GmbH","description":"Gegen Ungleichm\u00e4\u00dfigkeiten im Gef\u00fcge kann Normalgl\u00fchen (Normalisieren oder R\u00fcckfeinen) helfen. Hierbei wird ein gleichm\u00e4\u00dfiges, d.h. feink\u00f6rniges","robots":{"index":"index","follow":"follow","max-snippet":"max-snippet:-1","max-image-preview":"max-image-preview:large","max-video-preview":"max-video-preview:-1"},"canonical":"http:\/\/www.trautweingmbh.de\/cms\/normalgluehen\/","og_locale":"de_DE","og_type":"article","og_title":"Normalgl\u00fchen - H\u00e4rterei Trautwein GmbH","og_description":"Gegen Ungleichm\u00e4\u00dfigkeiten im Gef\u00fcge kann Normalgl\u00fchen (Normalisieren oder R\u00fcckfeinen) helfen. Hierbei wird ein gleichm\u00e4\u00dfiges, d.h. feink\u00f6rniges","og_url":"http:\/\/www.trautweingmbh.de\/cms\/normalgluehen\/","og_site_name":"H\u00e4rterei Trautwein GmbH","article_modified_time":"2021-12-25T05:45:37+00:00","twitter_card":"summary_large_image","twitter_misc":{"Gesch\u00e4tzte Lesezeit":"1\u00a0Minute"},"schema":{"@context":"https:\/\/schema.org","@graph":[{"@type":"WebPage","@id":"http:\/\/www.trautweingmbh.de\/cms\/normalgluehen\/","url":"http:\/\/www.trautweingmbh.de\/cms\/normalgluehen\/","name":"Normalgl\u00fchen - H\u00e4rterei Trautwein GmbH","isPartOf":{"@id":"http:\/\/www.trautweingmbh.de\/cms\/#website"},"datePublished":"2015-07-05T12:59:59+00:00","dateModified":"2021-12-25T05:45:37+00:00","description":"Gegen Ungleichm\u00e4\u00dfigkeiten im Gef\u00fcge kann Normalgl\u00fchen (Normalisieren oder R\u00fcckfeinen) helfen. Hierbei wird ein gleichm\u00e4\u00dfiges, d.h. feink\u00f6rniges","breadcrumb":{"@id":"http:\/\/www.trautweingmbh.de\/cms\/normalgluehen\/#breadcrumb"},"inLanguage":"de","potentialAction":[{"@type":"ReadAction","target":["http:\/\/www.trautweingmbh.de\/cms\/normalgluehen\/"]}]},{"@type":"BreadcrumbList","@id":"http:\/\/www.trautweingmbh.de\/cms\/normalgluehen\/#breadcrumb","itemListElement":[{"@type":"ListItem","position":1,"name":"Home","item":"http:\/\/www.trautweingmbh.de\/cms\/"},{"@type":"ListItem","position":2,"name":"Normalgl\u00fchen"}]},{"@type":"WebSite","@id":"http:\/\/www.trautweingmbh.de\/cms\/#website","url":"http:\/\/www.trautweingmbh.de\/cms\/","name":"H\u00e4rterei Trautwein GmbH","description":"W\u00e4rmebehandlung von Metallen | Oberfl\u00e4chenveredelung","publisher":{"@id":"http:\/\/www.trautweingmbh.de\/cms\/#organization"},"potentialAction":[{"@type":"SearchAction","target":{"@type":"EntryPoint","urlTemplate":"http:\/\/www.trautweingmbh.de\/cms\/?s={search_term_string}"},"query-input":"required name=search_term_string"}],"inLanguage":"de"},{"@type":"Organization","@id":"http:\/\/www.trautweingmbh.de\/cms\/#organization","name":"Trautwein GmbH","url":"http:\/\/www.trautweingmbh.de\/cms\/","logo":{"@type":"ImageObject","inLanguage":"de","@id":"http:\/\/www.trautweingmbh.de\/cms\/#\/schema\/logo\/image\/","url":"http:\/\/www.trautweingmbh.de\/cms\/wp-content\/uploads\/2013\/08\/Logo_m.gif","contentUrl":"http:\/\/www.trautweingmbh.de\/cms\/wp-content\/uploads\/2013\/08\/Logo_m.gif","width":360,"height":55,"caption":"Trautwein GmbH"},"image":{"@id":"http:\/\/www.trautweingmbh.de\/cms\/#\/schema\/logo\/image\/"}}]}},"jetpack_sharing_enabled":true,"_links":{"self":[{"href":"http:\/\/www.trautweingmbh.de\/cms\/wp-json\/wp\/v2\/pages\/570","targetHints":{"allow":["GET"]}}],"collection":[{"href":"http:\/\/www.trautweingmbh.de\/cms\/wp-json\/wp\/v2\/pages"}],"about":[{"href":"http:\/\/www.trautweingmbh.de\/cms\/wp-json\/wp\/v2\/types\/page"}],"author":[{"embeddable":true,"href":"http:\/\/www.trautweingmbh.de\/cms\/wp-json\/wp\/v2\/users\/2"}],"replies":[{"embeddable":true,"href":"http:\/\/www.trautweingmbh.de\/cms\/wp-json\/wp\/v2\/comments?post=570"}],"version-history":[{"count":11,"href":"http:\/\/www.trautweingmbh.de\/cms\/wp-json\/wp\/v2\/pages\/570\/revisions"}],"predecessor-version":[{"id":7064,"href":"http:\/\/www.trautweingmbh.de\/cms\/wp-json\/wp\/v2\/pages\/570\/revisions\/7064"}],"wp:attachment":[{"href":"http:\/\/www.trautweingmbh.de\/cms\/wp-json\/wp\/v2\/media?parent=570"}],"curies":[{"name":"wp","href":"https:\/\/api.w.org\/{rel}","templated":true}]}}