{"id":566,"date":"2015-07-05T14:49:20","date_gmt":"2015-07-05T12:49:20","guid":{"rendered":"http:\/\/trautweingmbh.de\/cms\/?page_id=566"},"modified":"2021-12-25T07:47:23","modified_gmt":"2021-12-25T05:47:23","slug":"rekristallisationsgluehen","status":"publish","type":"page","link":"http:\/\/www.trautweingmbh.de\/cms\/rekristallisationsgluehen\/","title":{"rendered":"Rekristallisationsgl\u00fchen"},"content":{"rendered":"\t\t<div data-elementor-type=\"wp-page\" data-elementor-id=\"566\" class=\"elementor elementor-566\">\n\t\t\t\t\t\t\t\t\t<section class=\"elementor-section elementor-top-section elementor-element elementor-element-2adc11e3 elementor-section-boxed elementor-section-height-default elementor-section-height-default\" data-id=\"2adc11e3\" data-element_type=\"section\">\n\t\t\t\t\t\t<div class=\"elementor-container elementor-column-gap-default\">\n\t\t\t\t\t<div class=\"elementor-column elementor-col-100 elementor-top-column elementor-element elementor-element-557c6c5b\" data-id=\"557c6c5b\" data-element_type=\"column\">\n\t\t\t<div class=\"elementor-widget-wrap elementor-element-populated\">\n\t\t\t\t\t\t\t\t<div class=\"elementor-element elementor-element-249d9ea7 elementor-widget elementor-widget-text-editor\" data-id=\"249d9ea7\" data-element_type=\"widget\" data-widget_type=\"text-editor.default\">\n\t\t\t\t<div class=\"elementor-widget-container\">\n\t\t\t<style>\/*! elementor - v3.17.0 - 08-11-2023 *\/\n.elementor-widget-text-editor.elementor-drop-cap-view-stacked .elementor-drop-cap{background-color:#69727d;color:#fff}.elementor-widget-text-editor.elementor-drop-cap-view-framed .elementor-drop-cap{color:#69727d;border:3px solid;background-color:transparent}.elementor-widget-text-editor:not(.elementor-drop-cap-view-default) .elementor-drop-cap{margin-top:8px}.elementor-widget-text-editor:not(.elementor-drop-cap-view-default) .elementor-drop-cap-letter{width:1em;height:1em}.elementor-widget-text-editor .elementor-drop-cap{float:left;text-align:center;line-height:1;font-size:50px}.elementor-widget-text-editor .elementor-drop-cap-letter{display:inline-block}<\/style>\t\t\t\t<h1><strong>REKRISTALLISATIONSGL\u00dcHEN<\/strong><\/h1><p>Nach einer Kaltumformung (z.B. durch Flie\u00dfpresen, Kaltwalzen usw.) wird oft das Rekristallisationsgl\u00fchen n\u00f6tig, damit die Verfestigungen im Werkstoff abgebaut werden k\u00f6nnen. Bei diesem Verfahren wird der Werkstoff auf eine Temperatur im Rekristallisationsbereich erhitzt und im Anschluss kontrolliert abgek\u00fchlt.<\/p><p>Bei metallischen Werkstoffen hilft das Rekristallisationsgl\u00fchen, um das verformte Gef\u00fcge und damit auch seine mechanischen Eigenschaften wieder in den Ursprungszustand zur\u00fcck zu setzen. Beim Rekristallisationsgl\u00fchen ist es wie bei allen diffusionsgesteuerten Prozessen. Die Temperatur ist elementar und abh\u00e4ngig von der Stahlzusammensetzung und dem Verformungsgrad der irgendwo bei Temperaturen von ca. 400 bis 700 \u00b0C liegt.<\/p><p>Durch das Rekristallisationsgl\u00fchen wird eine stark abnehmende Festigkeit bei gleichzeitiger Zunahme der Dehnung erreicht. Hierdurch w\u00e4re in einem weiteren Arbeitsschritt das Weiterverformen des Materials, bspw. zu Dr\u00e4hten und B\u00e4ndern o.\u00e4. m\u00f6glich.<\/p>\t\t\t\t\t\t<\/div>\n\t\t\t\t<\/div>\n\t\t\t\t\t<\/div>\n\t\t<\/div>\n\t\t\t\t\t\t\t<\/div>\n\t\t<\/section>\n\t\t\t\t\t\t\t<\/div>\n\t\t","protected":false},"excerpt":{"rendered":"<p>REKRISTALLISATIONSGL\u00dcHEN Nach einer Kaltumformung (z.B. durch Flie\u00dfpresen, Kaltwalzen usw.) wird oft das Rekristallisationsgl\u00fchen n\u00f6tig, damit die Verfestigungen im Werkstoff abgebaut werden k\u00f6nnen. Bei diesem Verfahren wird der Werkstoff auf eine Temperatur im Rekristallisationsbereich erhitzt und im Anschluss kontrolliert abgek\u00fchlt. Bei metallischen Werkstoffen hilft das Rekristallisationsgl\u00fchen, um das verformte Gef\u00fcge und damit auch seine mechanischen Eigenschaften &hellip; <\/p>\n<p class=\"link-more\"><a href=\"http:\/\/www.trautweingmbh.de\/cms\/rekristallisationsgluehen\/\" class=\"more-link\">Mehr <span class=\"screen-reader-text\">\u00fcber &#8222;Rekristallisationsgl\u00fchen&#8220; <\/span>Lesen<\/a><\/p>\n","protected":false},"author":2,"featured_media":0,"parent":0,"menu_order":0,"comment_status":"closed","ping_status":"closed","template":"","meta":{"_mi_skip_tracking":false,"_monsterinsights_sitenote_active":false,"_monsterinsights_sitenote_note":"","_monsterinsights_sitenote_category":0,"footnotes":""},"class_list":["post-566","page","type-page","status-publish","hentry"],"yoast_head":"<!-- This site is optimized with the Yoast SEO plugin v21.5 - https:\/\/yoast.com\/wordpress\/plugins\/seo\/ -->\n<title>Rekristallisationsgl\u00fchen - H\u00e4rterei Trautwein GmbH<\/title>\n<meta name=\"description\" content=\"Nach einer Kaltumformung wird oft das Rekristallisationsgl\u00fchen n\u00f6tig, damit die Verfestigungen im Werkstoff abgebaut werden k\u00f6nnen.\" \/>\n<meta name=\"robots\" content=\"index, follow, max-snippet:-1, max-image-preview:large, max-video-preview:-1\" \/>\n<link rel=\"canonical\" href=\"http:\/\/www.trautweingmbh.de\/cms\/rekristallisationsgluehen\/\" \/>\n<meta property=\"og:locale\" content=\"de_DE\" \/>\n<meta property=\"og:type\" content=\"article\" \/>\n<meta property=\"og:title\" content=\"Rekristallisationsgl\u00fchen - H\u00e4rterei Trautwein GmbH\" \/>\n<meta property=\"og:description\" content=\"Nach einer Kaltumformung wird oft das Rekristallisationsgl\u00fchen n\u00f6tig, damit die Verfestigungen im Werkstoff abgebaut werden k\u00f6nnen.\" \/>\n<meta property=\"og:url\" content=\"http:\/\/www.trautweingmbh.de\/cms\/rekristallisationsgluehen\/\" \/>\n<meta property=\"og:site_name\" content=\"H\u00e4rterei Trautwein GmbH\" \/>\n<meta property=\"article:modified_time\" content=\"2021-12-25T05:47:23+00:00\" \/>\n<meta name=\"twitter:card\" content=\"summary_large_image\" \/>\n<meta name=\"twitter:label1\" content=\"Gesch\u00e4tzte Lesezeit\" \/>\n\t<meta name=\"twitter:data1\" content=\"1\u00a0Minute\" \/>\n<script type=\"application\/ld+json\" class=\"yoast-schema-graph\">{\"@context\":\"https:\/\/schema.org\",\"@graph\":[{\"@type\":\"WebPage\",\"@id\":\"http:\/\/www.trautweingmbh.de\/cms\/rekristallisationsgluehen\/\",\"url\":\"http:\/\/www.trautweingmbh.de\/cms\/rekristallisationsgluehen\/\",\"name\":\"Rekristallisationsgl\u00fchen - H\u00e4rterei Trautwein GmbH\",\"isPartOf\":{\"@id\":\"http:\/\/www.trautweingmbh.de\/cms\/#website\"},\"datePublished\":\"2015-07-05T12:49:20+00:00\",\"dateModified\":\"2021-12-25T05:47:23+00:00\",\"description\":\"Nach einer Kaltumformung wird oft das Rekristallisationsgl\u00fchen n\u00f6tig, damit die Verfestigungen im Werkstoff abgebaut werden k\u00f6nnen.\",\"breadcrumb\":{\"@id\":\"http:\/\/www.trautweingmbh.de\/cms\/rekristallisationsgluehen\/#breadcrumb\"},\"inLanguage\":\"de\",\"potentialAction\":[{\"@type\":\"ReadAction\",\"target\":[\"http:\/\/www.trautweingmbh.de\/cms\/rekristallisationsgluehen\/\"]}]},{\"@type\":\"BreadcrumbList\",\"@id\":\"http:\/\/www.trautweingmbh.de\/cms\/rekristallisationsgluehen\/#breadcrumb\",\"itemListElement\":[{\"@type\":\"ListItem\",\"position\":1,\"name\":\"Home\",\"item\":\"http:\/\/www.trautweingmbh.de\/cms\/\"},{\"@type\":\"ListItem\",\"position\":2,\"name\":\"Rekristallisationsgl\u00fchen\"}]},{\"@type\":\"WebSite\",\"@id\":\"http:\/\/www.trautweingmbh.de\/cms\/#website\",\"url\":\"http:\/\/www.trautweingmbh.de\/cms\/\",\"name\":\"H\u00e4rterei Trautwein GmbH\",\"description\":\"W\u00e4rmebehandlung von Metallen | Oberfl\u00e4chenveredelung\",\"publisher\":{\"@id\":\"http:\/\/www.trautweingmbh.de\/cms\/#organization\"},\"potentialAction\":[{\"@type\":\"SearchAction\",\"target\":{\"@type\":\"EntryPoint\",\"urlTemplate\":\"http:\/\/www.trautweingmbh.de\/cms\/?s={search_term_string}\"},\"query-input\":\"required name=search_term_string\"}],\"inLanguage\":\"de\"},{\"@type\":\"Organization\",\"@id\":\"http:\/\/www.trautweingmbh.de\/cms\/#organization\",\"name\":\"Trautwein GmbH\",\"url\":\"http:\/\/www.trautweingmbh.de\/cms\/\",\"logo\":{\"@type\":\"ImageObject\",\"inLanguage\":\"de\",\"@id\":\"http:\/\/www.trautweingmbh.de\/cms\/#\/schema\/logo\/image\/\",\"url\":\"http:\/\/www.trautweingmbh.de\/cms\/wp-content\/uploads\/2013\/08\/Logo_m.gif\",\"contentUrl\":\"http:\/\/www.trautweingmbh.de\/cms\/wp-content\/uploads\/2013\/08\/Logo_m.gif\",\"width\":360,\"height\":55,\"caption\":\"Trautwein GmbH\"},\"image\":{\"@id\":\"http:\/\/www.trautweingmbh.de\/cms\/#\/schema\/logo\/image\/\"}}]}<\/script>\n<!-- \/ Yoast SEO plugin. -->","yoast_head_json":{"title":"Rekristallisationsgl\u00fchen - H\u00e4rterei Trautwein GmbH","description":"Nach einer Kaltumformung wird oft das Rekristallisationsgl\u00fchen n\u00f6tig, damit die Verfestigungen im Werkstoff abgebaut werden k\u00f6nnen.","robots":{"index":"index","follow":"follow","max-snippet":"max-snippet:-1","max-image-preview":"max-image-preview:large","max-video-preview":"max-video-preview:-1"},"canonical":"http:\/\/www.trautweingmbh.de\/cms\/rekristallisationsgluehen\/","og_locale":"de_DE","og_type":"article","og_title":"Rekristallisationsgl\u00fchen - H\u00e4rterei Trautwein GmbH","og_description":"Nach einer Kaltumformung wird oft das Rekristallisationsgl\u00fchen n\u00f6tig, damit die Verfestigungen im Werkstoff abgebaut werden k\u00f6nnen.","og_url":"http:\/\/www.trautweingmbh.de\/cms\/rekristallisationsgluehen\/","og_site_name":"H\u00e4rterei Trautwein GmbH","article_modified_time":"2021-12-25T05:47:23+00:00","twitter_card":"summary_large_image","twitter_misc":{"Gesch\u00e4tzte Lesezeit":"1\u00a0Minute"},"schema":{"@context":"https:\/\/schema.org","@graph":[{"@type":"WebPage","@id":"http:\/\/www.trautweingmbh.de\/cms\/rekristallisationsgluehen\/","url":"http:\/\/www.trautweingmbh.de\/cms\/rekristallisationsgluehen\/","name":"Rekristallisationsgl\u00fchen - H\u00e4rterei Trautwein GmbH","isPartOf":{"@id":"http:\/\/www.trautweingmbh.de\/cms\/#website"},"datePublished":"2015-07-05T12:49:20+00:00","dateModified":"2021-12-25T05:47:23+00:00","description":"Nach einer Kaltumformung wird oft das Rekristallisationsgl\u00fchen n\u00f6tig, damit die Verfestigungen im Werkstoff abgebaut werden k\u00f6nnen.","breadcrumb":{"@id":"http:\/\/www.trautweingmbh.de\/cms\/rekristallisationsgluehen\/#breadcrumb"},"inLanguage":"de","potentialAction":[{"@type":"ReadAction","target":["http:\/\/www.trautweingmbh.de\/cms\/rekristallisationsgluehen\/"]}]},{"@type":"BreadcrumbList","@id":"http:\/\/www.trautweingmbh.de\/cms\/rekristallisationsgluehen\/#breadcrumb","itemListElement":[{"@type":"ListItem","position":1,"name":"Home","item":"http:\/\/www.trautweingmbh.de\/cms\/"},{"@type":"ListItem","position":2,"name":"Rekristallisationsgl\u00fchen"}]},{"@type":"WebSite","@id":"http:\/\/www.trautweingmbh.de\/cms\/#website","url":"http:\/\/www.trautweingmbh.de\/cms\/","name":"H\u00e4rterei Trautwein GmbH","description":"W\u00e4rmebehandlung von Metallen | Oberfl\u00e4chenveredelung","publisher":{"@id":"http:\/\/www.trautweingmbh.de\/cms\/#organization"},"potentialAction":[{"@type":"SearchAction","target":{"@type":"EntryPoint","urlTemplate":"http:\/\/www.trautweingmbh.de\/cms\/?s={search_term_string}"},"query-input":"required name=search_term_string"}],"inLanguage":"de"},{"@type":"Organization","@id":"http:\/\/www.trautweingmbh.de\/cms\/#organization","name":"Trautwein GmbH","url":"http:\/\/www.trautweingmbh.de\/cms\/","logo":{"@type":"ImageObject","inLanguage":"de","@id":"http:\/\/www.trautweingmbh.de\/cms\/#\/schema\/logo\/image\/","url":"http:\/\/www.trautweingmbh.de\/cms\/wp-content\/uploads\/2013\/08\/Logo_m.gif","contentUrl":"http:\/\/www.trautweingmbh.de\/cms\/wp-content\/uploads\/2013\/08\/Logo_m.gif","width":360,"height":55,"caption":"Trautwein GmbH"},"image":{"@id":"http:\/\/www.trautweingmbh.de\/cms\/#\/schema\/logo\/image\/"}}]}},"jetpack_sharing_enabled":true,"_links":{"self":[{"href":"http:\/\/www.trautweingmbh.de\/cms\/wp-json\/wp\/v2\/pages\/566","targetHints":{"allow":["GET"]}}],"collection":[{"href":"http:\/\/www.trautweingmbh.de\/cms\/wp-json\/wp\/v2\/pages"}],"about":[{"href":"http:\/\/www.trautweingmbh.de\/cms\/wp-json\/wp\/v2\/types\/page"}],"author":[{"embeddable":true,"href":"http:\/\/www.trautweingmbh.de\/cms\/wp-json\/wp\/v2\/users\/2"}],"replies":[{"embeddable":true,"href":"http:\/\/www.trautweingmbh.de\/cms\/wp-json\/wp\/v2\/comments?post=566"}],"version-history":[{"count":13,"href":"http:\/\/www.trautweingmbh.de\/cms\/wp-json\/wp\/v2\/pages\/566\/revisions"}],"predecessor-version":[{"id":7073,"href":"http:\/\/www.trautweingmbh.de\/cms\/wp-json\/wp\/v2\/pages\/566\/revisions\/7073"}],"wp:attachment":[{"href":"http:\/\/www.trautweingmbh.de\/cms\/wp-json\/wp\/v2\/media?parent=566"}],"curies":[{"name":"wp","href":"https:\/\/api.w.org\/{rel}","templated":true}]}}