{"id":557,"date":"2015-07-05T14:30:40","date_gmt":"2015-07-05T12:30:40","guid":{"rendered":"http:\/\/trautweingmbh.de\/cms\/?page_id=557"},"modified":"2021-12-25T07:46:41","modified_gmt":"2021-12-25T05:46:41","slug":"spannungsarmgluehen","status":"publish","type":"page","link":"http:\/\/www.trautweingmbh.de\/cms\/spannungsarmgluehen\/","title":{"rendered":"Spannungsarmgl\u00fchen"},"content":{"rendered":"\t\t<div data-elementor-type=\"wp-page\" data-elementor-id=\"557\" class=\"elementor elementor-557\">\n\t\t\t\t\t\t\t\t\t<section class=\"elementor-section elementor-top-section elementor-element elementor-element-4e64ff70 elementor-section-boxed elementor-section-height-default elementor-section-height-default\" data-id=\"4e64ff70\" data-element_type=\"section\">\n\t\t\t\t\t\t<div class=\"elementor-container elementor-column-gap-default\">\n\t\t\t\t\t<div class=\"elementor-column elementor-col-100 elementor-top-column elementor-element elementor-element-7eb78678\" data-id=\"7eb78678\" data-element_type=\"column\">\n\t\t\t<div class=\"elementor-widget-wrap elementor-element-populated\">\n\t\t\t\t\t\t\t\t<div class=\"elementor-element elementor-element-14c84520 elementor-widget elementor-widget-text-editor\" data-id=\"14c84520\" data-element_type=\"widget\" data-widget_type=\"text-editor.default\">\n\t\t\t\t<div class=\"elementor-widget-container\">\n\t\t\t<style>\/*! elementor - v3.17.0 - 08-11-2023 *\/\n.elementor-widget-text-editor.elementor-drop-cap-view-stacked .elementor-drop-cap{background-color:#69727d;color:#fff}.elementor-widget-text-editor.elementor-drop-cap-view-framed .elementor-drop-cap{color:#69727d;border:3px solid;background-color:transparent}.elementor-widget-text-editor:not(.elementor-drop-cap-view-default) .elementor-drop-cap{margin-top:8px}.elementor-widget-text-editor:not(.elementor-drop-cap-view-default) .elementor-drop-cap-letter{width:1em;height:1em}.elementor-widget-text-editor .elementor-drop-cap{float:left;text-align:center;line-height:1;font-size:50px}.elementor-widget-text-editor .elementor-drop-cap-letter{display:inline-block}<\/style>\t\t\t\t<h1><strong>SPANNUNGSARMGL\u00dcHEN<\/strong><\/h1><p style=\"text-align: justify;\">Unter <strong>Spannungsarmgl\u00fchen<\/strong> versteht man ein Erw\u00e4rmen auf eine Temperatur unter A<em>C1,<\/em> z.B. bei verg\u00fctetem Stahl. Werkst\u00fccke bauen durch ein ungleichm\u00e4\u00dfiges Abk\u00fchlen eine innere Spannung auf. Dies geschieht bspw. beim Schmieden, Schwei\u00dfen, Gie\u00dfen, Fr\u00e4sen, Drehen, Hobeln, Kaltumformen usw. Diese Spannungen k\u00f6nnen zu Verzug oder zu Rissbildung f\u00fchren und sind daher unerw\u00fcnscht.<\/p><p style=\"text-align: justify;\">Beim Spannungsarmgl\u00fchen werden diese inneren Spannungen im Werkst\u00fcck bis zur Gr\u00f6\u00dfe der Streckgrenze wieder abgebaut. Die typischen Temperaturen liegen dabei meistens unter 650 \u00b0C und die Werkstoffeigenschaften bleiben weitgehend erhalten.<\/p>\t\t\t\t\t\t<\/div>\n\t\t\t\t<\/div>\n\t\t\t\t\t<\/div>\n\t\t<\/div>\n\t\t\t\t\t\t\t<\/div>\n\t\t<\/section>\n\t\t\t\t\t\t\t<\/div>\n\t\t","protected":false},"excerpt":{"rendered":"<p>SPANNUNGSARMGL\u00dcHEN Unter Spannungsarmgl\u00fchen versteht man ein Erw\u00e4rmen auf eine Temperatur unter AC1, z.B. bei verg\u00fctetem Stahl. Werkst\u00fccke bauen durch ein ungleichm\u00e4\u00dfiges Abk\u00fchlen eine innere Spannung auf. Dies geschieht bspw. beim Schmieden, Schwei\u00dfen, Gie\u00dfen, Fr\u00e4sen, Drehen, Hobeln, Kaltumformen usw. Diese Spannungen k\u00f6nnen zu Verzug oder zu Rissbildung f\u00fchren und sind daher unerw\u00fcnscht. Beim Spannungsarmgl\u00fchen werden diese &hellip; <\/p>\n<p class=\"link-more\"><a href=\"http:\/\/www.trautweingmbh.de\/cms\/spannungsarmgluehen\/\" class=\"more-link\">Mehr <span class=\"screen-reader-text\">\u00fcber &#8222;Spannungsarmgl\u00fchen&#8220; <\/span>Lesen<\/a><\/p>\n","protected":false},"author":2,"featured_media":0,"parent":0,"menu_order":0,"comment_status":"closed","ping_status":"closed","template":"","meta":{"_mi_skip_tracking":false,"_monsterinsights_sitenote_active":false,"_monsterinsights_sitenote_note":"","_monsterinsights_sitenote_category":0,"footnotes":""},"class_list":["post-557","page","type-page","status-publish","hentry"],"yoast_head":"<!-- This site is optimized with the Yoast SEO plugin v21.5 - https:\/\/yoast.com\/wordpress\/plugins\/seo\/ -->\n<title>Spannungsarmgl\u00fchen - H\u00e4rterei Trautwein GmbH<\/title>\n<meta name=\"description\" content=\"Spannungsarmgl\u00fchen - Werkst\u00fccke bauen durch ein ungleichm\u00e4\u00dfiges Abk\u00fchlen eine innere Spannung auf. Dies geschieht bspw. beim Schmieden, Schwei\u00dfen, Gie\u00dfen,..\" \/>\n<meta name=\"robots\" content=\"index, follow, max-snippet:-1, max-image-preview:large, max-video-preview:-1\" \/>\n<link rel=\"canonical\" href=\"http:\/\/www.trautweingmbh.de\/cms\/spannungsarmgluehen\/\" \/>\n<meta property=\"og:locale\" content=\"de_DE\" \/>\n<meta property=\"og:type\" content=\"article\" \/>\n<meta property=\"og:title\" content=\"Spannungsarmgl\u00fchen - H\u00e4rterei Trautwein GmbH\" \/>\n<meta property=\"og:description\" content=\"Spannungsarmgl\u00fchen - Werkst\u00fccke bauen durch ein ungleichm\u00e4\u00dfiges Abk\u00fchlen eine innere Spannung auf. Dies geschieht bspw. beim Schmieden, Schwei\u00dfen, Gie\u00dfen,..\" \/>\n<meta property=\"og:url\" content=\"http:\/\/www.trautweingmbh.de\/cms\/spannungsarmgluehen\/\" \/>\n<meta property=\"og:site_name\" content=\"H\u00e4rterei Trautwein GmbH\" \/>\n<meta property=\"article:modified_time\" content=\"2021-12-25T05:46:41+00:00\" \/>\n<meta name=\"twitter:card\" content=\"summary_large_image\" \/>\n<meta name=\"twitter:label1\" content=\"Gesch\u00e4tzte Lesezeit\" \/>\n\t<meta name=\"twitter:data1\" content=\"1\u00a0Minute\" \/>\n<script type=\"application\/ld+json\" class=\"yoast-schema-graph\">{\"@context\":\"https:\/\/schema.org\",\"@graph\":[{\"@type\":\"WebPage\",\"@id\":\"http:\/\/www.trautweingmbh.de\/cms\/spannungsarmgluehen\/\",\"url\":\"http:\/\/www.trautweingmbh.de\/cms\/spannungsarmgluehen\/\",\"name\":\"Spannungsarmgl\u00fchen - H\u00e4rterei Trautwein GmbH\",\"isPartOf\":{\"@id\":\"http:\/\/www.trautweingmbh.de\/cms\/#website\"},\"datePublished\":\"2015-07-05T12:30:40+00:00\",\"dateModified\":\"2021-12-25T05:46:41+00:00\",\"description\":\"Spannungsarmgl\u00fchen - Werkst\u00fccke bauen durch ein ungleichm\u00e4\u00dfiges Abk\u00fchlen eine innere Spannung auf. Dies geschieht bspw. beim Schmieden, Schwei\u00dfen, Gie\u00dfen,..\",\"breadcrumb\":{\"@id\":\"http:\/\/www.trautweingmbh.de\/cms\/spannungsarmgluehen\/#breadcrumb\"},\"inLanguage\":\"de\",\"potentialAction\":[{\"@type\":\"ReadAction\",\"target\":[\"http:\/\/www.trautweingmbh.de\/cms\/spannungsarmgluehen\/\"]}]},{\"@type\":\"BreadcrumbList\",\"@id\":\"http:\/\/www.trautweingmbh.de\/cms\/spannungsarmgluehen\/#breadcrumb\",\"itemListElement\":[{\"@type\":\"ListItem\",\"position\":1,\"name\":\"Home\",\"item\":\"http:\/\/www.trautweingmbh.de\/cms\/\"},{\"@type\":\"ListItem\",\"position\":2,\"name\":\"Spannungsarmgl\u00fchen\"}]},{\"@type\":\"WebSite\",\"@id\":\"http:\/\/www.trautweingmbh.de\/cms\/#website\",\"url\":\"http:\/\/www.trautweingmbh.de\/cms\/\",\"name\":\"H\u00e4rterei Trautwein GmbH\",\"description\":\"W\u00e4rmebehandlung von Metallen | Oberfl\u00e4chenveredelung\",\"publisher\":{\"@id\":\"http:\/\/www.trautweingmbh.de\/cms\/#organization\"},\"potentialAction\":[{\"@type\":\"SearchAction\",\"target\":{\"@type\":\"EntryPoint\",\"urlTemplate\":\"http:\/\/www.trautweingmbh.de\/cms\/?s={search_term_string}\"},\"query-input\":\"required name=search_term_string\"}],\"inLanguage\":\"de\"},{\"@type\":\"Organization\",\"@id\":\"http:\/\/www.trautweingmbh.de\/cms\/#organization\",\"name\":\"Trautwein GmbH\",\"url\":\"http:\/\/www.trautweingmbh.de\/cms\/\",\"logo\":{\"@type\":\"ImageObject\",\"inLanguage\":\"de\",\"@id\":\"http:\/\/www.trautweingmbh.de\/cms\/#\/schema\/logo\/image\/\",\"url\":\"http:\/\/www.trautweingmbh.de\/cms\/wp-content\/uploads\/2013\/08\/Logo_m.gif\",\"contentUrl\":\"http:\/\/www.trautweingmbh.de\/cms\/wp-content\/uploads\/2013\/08\/Logo_m.gif\",\"width\":360,\"height\":55,\"caption\":\"Trautwein GmbH\"},\"image\":{\"@id\":\"http:\/\/www.trautweingmbh.de\/cms\/#\/schema\/logo\/image\/\"}}]}<\/script>\n<!-- \/ Yoast SEO plugin. -->","yoast_head_json":{"title":"Spannungsarmgl\u00fchen - H\u00e4rterei Trautwein GmbH","description":"Spannungsarmgl\u00fchen - Werkst\u00fccke bauen durch ein ungleichm\u00e4\u00dfiges Abk\u00fchlen eine innere Spannung auf. Dies geschieht bspw. beim Schmieden, Schwei\u00dfen, Gie\u00dfen,..","robots":{"index":"index","follow":"follow","max-snippet":"max-snippet:-1","max-image-preview":"max-image-preview:large","max-video-preview":"max-video-preview:-1"},"canonical":"http:\/\/www.trautweingmbh.de\/cms\/spannungsarmgluehen\/","og_locale":"de_DE","og_type":"article","og_title":"Spannungsarmgl\u00fchen - H\u00e4rterei Trautwein GmbH","og_description":"Spannungsarmgl\u00fchen - Werkst\u00fccke bauen durch ein ungleichm\u00e4\u00dfiges Abk\u00fchlen eine innere Spannung auf. Dies geschieht bspw. beim Schmieden, Schwei\u00dfen, Gie\u00dfen,..","og_url":"http:\/\/www.trautweingmbh.de\/cms\/spannungsarmgluehen\/","og_site_name":"H\u00e4rterei Trautwein GmbH","article_modified_time":"2021-12-25T05:46:41+00:00","twitter_card":"summary_large_image","twitter_misc":{"Gesch\u00e4tzte Lesezeit":"1\u00a0Minute"},"schema":{"@context":"https:\/\/schema.org","@graph":[{"@type":"WebPage","@id":"http:\/\/www.trautweingmbh.de\/cms\/spannungsarmgluehen\/","url":"http:\/\/www.trautweingmbh.de\/cms\/spannungsarmgluehen\/","name":"Spannungsarmgl\u00fchen - H\u00e4rterei Trautwein GmbH","isPartOf":{"@id":"http:\/\/www.trautweingmbh.de\/cms\/#website"},"datePublished":"2015-07-05T12:30:40+00:00","dateModified":"2021-12-25T05:46:41+00:00","description":"Spannungsarmgl\u00fchen - Werkst\u00fccke bauen durch ein ungleichm\u00e4\u00dfiges Abk\u00fchlen eine innere Spannung auf. Dies geschieht bspw. beim Schmieden, Schwei\u00dfen, Gie\u00dfen,..","breadcrumb":{"@id":"http:\/\/www.trautweingmbh.de\/cms\/spannungsarmgluehen\/#breadcrumb"},"inLanguage":"de","potentialAction":[{"@type":"ReadAction","target":["http:\/\/www.trautweingmbh.de\/cms\/spannungsarmgluehen\/"]}]},{"@type":"BreadcrumbList","@id":"http:\/\/www.trautweingmbh.de\/cms\/spannungsarmgluehen\/#breadcrumb","itemListElement":[{"@type":"ListItem","position":1,"name":"Home","item":"http:\/\/www.trautweingmbh.de\/cms\/"},{"@type":"ListItem","position":2,"name":"Spannungsarmgl\u00fchen"}]},{"@type":"WebSite","@id":"http:\/\/www.trautweingmbh.de\/cms\/#website","url":"http:\/\/www.trautweingmbh.de\/cms\/","name":"H\u00e4rterei Trautwein GmbH","description":"W\u00e4rmebehandlung von Metallen | Oberfl\u00e4chenveredelung","publisher":{"@id":"http:\/\/www.trautweingmbh.de\/cms\/#organization"},"potentialAction":[{"@type":"SearchAction","target":{"@type":"EntryPoint","urlTemplate":"http:\/\/www.trautweingmbh.de\/cms\/?s={search_term_string}"},"query-input":"required name=search_term_string"}],"inLanguage":"de"},{"@type":"Organization","@id":"http:\/\/www.trautweingmbh.de\/cms\/#organization","name":"Trautwein GmbH","url":"http:\/\/www.trautweingmbh.de\/cms\/","logo":{"@type":"ImageObject","inLanguage":"de","@id":"http:\/\/www.trautweingmbh.de\/cms\/#\/schema\/logo\/image\/","url":"http:\/\/www.trautweingmbh.de\/cms\/wp-content\/uploads\/2013\/08\/Logo_m.gif","contentUrl":"http:\/\/www.trautweingmbh.de\/cms\/wp-content\/uploads\/2013\/08\/Logo_m.gif","width":360,"height":55,"caption":"Trautwein GmbH"},"image":{"@id":"http:\/\/www.trautweingmbh.de\/cms\/#\/schema\/logo\/image\/"}}]}},"jetpack_sharing_enabled":true,"_links":{"self":[{"href":"http:\/\/www.trautweingmbh.de\/cms\/wp-json\/wp\/v2\/pages\/557","targetHints":{"allow":["GET"]}}],"collection":[{"href":"http:\/\/www.trautweingmbh.de\/cms\/wp-json\/wp\/v2\/pages"}],"about":[{"href":"http:\/\/www.trautweingmbh.de\/cms\/wp-json\/wp\/v2\/types\/page"}],"author":[{"embeddable":true,"href":"http:\/\/www.trautweingmbh.de\/cms\/wp-json\/wp\/v2\/users\/2"}],"replies":[{"embeddable":true,"href":"http:\/\/www.trautweingmbh.de\/cms\/wp-json\/wp\/v2\/comments?post=557"}],"version-history":[{"count":17,"href":"http:\/\/www.trautweingmbh.de\/cms\/wp-json\/wp\/v2\/pages\/557\/revisions"}],"predecessor-version":[{"id":7070,"href":"http:\/\/www.trautweingmbh.de\/cms\/wp-json\/wp\/v2\/pages\/557\/revisions\/7070"}],"wp:attachment":[{"href":"http:\/\/www.trautweingmbh.de\/cms\/wp-json\/wp\/v2\/media?parent=557"}],"curies":[{"name":"wp","href":"https:\/\/api.w.org\/{rel}","templated":true}]}}