{"id":262,"date":"2015-07-04T01:07:04","date_gmt":"2015-07-03T23:07:04","guid":{"rendered":"http:\/\/trautweingmbh.de\/cms\/?page_id=262"},"modified":"2021-12-25T08:29:03","modified_gmt":"2021-12-25T06:29:03","slug":"referenzen","status":"publish","type":"page","link":"http:\/\/www.trautweingmbh.de\/cms\/referenzen\/","title":{"rendered":"Referenzen"},"content":{"rendered":"\t\t<div data-elementor-type=\"wp-page\" data-elementor-id=\"262\" class=\"elementor elementor-262\">\n\t\t\t\t\t\t\t\t\t<section class=\"elementor-section elementor-top-section elementor-element elementor-element-e46c7a8 elementor-section-boxed elementor-section-height-default elementor-section-height-default\" data-id=\"e46c7a8\" data-element_type=\"section\">\n\t\t\t\t\t\t<div class=\"elementor-container elementor-column-gap-default\">\n\t\t\t\t\t<div class=\"elementor-column elementor-col-100 elementor-top-column elementor-element elementor-element-c2589f1\" data-id=\"c2589f1\" data-element_type=\"column\">\n\t\t\t<div class=\"elementor-widget-wrap elementor-element-populated\">\n\t\t\t\t\t\t\t\t<div class=\"elementor-element elementor-element-6d787dc elementor-widget elementor-widget-heading\" data-id=\"6d787dc\" data-element_type=\"widget\" data-widget_type=\"heading.default\">\n\t\t\t\t<div class=\"elementor-widget-container\">\n\t\t\t<style>\/*! elementor - v3.17.0 - 08-11-2023 *\/\n.elementor-heading-title{padding:0;margin:0;line-height:1}.elementor-widget-heading .elementor-heading-title[class*=elementor-size-]>a{color:inherit;font-size:inherit;line-height:inherit}.elementor-widget-heading .elementor-heading-title.elementor-size-small{font-size:15px}.elementor-widget-heading .elementor-heading-title.elementor-size-medium{font-size:19px}.elementor-widget-heading .elementor-heading-title.elementor-size-large{font-size:29px}.elementor-widget-heading .elementor-heading-title.elementor-size-xl{font-size:39px}.elementor-widget-heading .elementor-heading-title.elementor-size-xxl{font-size:59px}<\/style><h1 class=\"elementor-heading-title elementor-size-default\">REFERENZEN<\/h1>\t\t<\/div>\n\t\t\t\t<\/div>\n\t\t\t\t\t<\/div>\n\t\t<\/div>\n\t\t\t\t\t\t\t<\/div>\n\t\t<\/section>\n\t\t\t\t<section class=\"elementor-section elementor-top-section elementor-element elementor-element-7c52434 elementor-section-boxed elementor-section-height-default elementor-section-height-default\" data-id=\"7c52434\" data-element_type=\"section\">\n\t\t\t\t\t\t<div class=\"elementor-container elementor-column-gap-default\">\n\t\t\t\t\t<div class=\"elementor-column elementor-col-100 elementor-top-column elementor-element elementor-element-2f82a50\" data-id=\"2f82a50\" data-element_type=\"column\">\n\t\t\t<div class=\"elementor-widget-wrap elementor-element-populated\">\n\t\t\t\t\t\t\t\t<div class=\"elementor-element elementor-element-e447871 elementor-widget elementor-widget-text-editor\" data-id=\"e447871\" data-element_type=\"widget\" data-widget_type=\"text-editor.default\">\n\t\t\t\t<div class=\"elementor-widget-container\">\n\t\t\t<style>\/*! elementor - v3.17.0 - 08-11-2023 *\/\n.elementor-widget-text-editor.elementor-drop-cap-view-stacked .elementor-drop-cap{background-color:#69727d;color:#fff}.elementor-widget-text-editor.elementor-drop-cap-view-framed .elementor-drop-cap{color:#69727d;border:3px solid;background-color:transparent}.elementor-widget-text-editor:not(.elementor-drop-cap-view-default) .elementor-drop-cap{margin-top:8px}.elementor-widget-text-editor:not(.elementor-drop-cap-view-default) .elementor-drop-cap-letter{width:1em;height:1em}.elementor-widget-text-editor .elementor-drop-cap{float:left;text-align:center;line-height:1;font-size:50px}.elementor-widget-text-editor .elementor-drop-cap-letter{display:inline-block}<\/style>\t\t\t\t<p><span style=\"text-align: justify; font-size: 16px;\">Als kompetenter Dienstleister stehen wir unseren Kunden schon seit Jahrzehnten f\u00fcr die unterschiedlichsten Arten der&nbsp;<\/span><span style=\"font-size: 16px; text-align: justify;\">W\u00e4rmebehandlung &amp; Oberfl\u00e4chenverendlung von Metallen zur Seite.&nbsp;<\/span><span style=\"font-size: 16px; text-align: justify;\">Einen kleinen Auszug aus unseren langj\u00e4hrigen, erfolgreichen Partnerschaften finden Sie hier:<\/span><\/p><p><span style=\"font-size: 16px; text-align: justify;\"><br><\/span><\/p>\t\t\t\t\t\t<\/div>\n\t\t\t\t<\/div>\n\t\t\t\t\t<\/div>\n\t\t<\/div>\n\t\t\t\t\t\t\t<\/div>\n\t\t<\/section>\n\t\t\t\t<section class=\"elementor-section elementor-top-section elementor-element elementor-element-19afeb6 elementor-section-boxed elementor-section-height-default elementor-section-height-default\" data-id=\"19afeb6\" data-element_type=\"section\">\n\t\t\t\t\t\t<div class=\"elementor-container elementor-column-gap-default\">\n\t\t\t\t\t<div class=\"elementor-column elementor-col-25 elementor-top-column elementor-element elementor-element-4b4bf2f\" data-id=\"4b4bf2f\" data-element_type=\"column\">\n\t\t\t<div class=\"elementor-widget-wrap elementor-element-populated\">\n\t\t\t\t\t\t\t\t<div class=\"elementor-element elementor-element-7a888b7 elementor-widget elementor-widget-image\" data-id=\"7a888b7\" data-element_type=\"widget\" data-widget_type=\"image.default\">\n\t\t\t\t<div class=\"elementor-widget-container\">\n\t\t\t<style>\/*! elementor - v3.17.0 - 08-11-2023 *\/\n.elementor-widget-image{text-align:center}.elementor-widget-image a{display:inline-block}.elementor-widget-image a img[src$=\".svg\"]{width:48px}.elementor-widget-image img{vertical-align:middle;display:inline-block}<\/style>\t\t\t\t\t\t\t\t\t\t\t\t<img loading=\"lazy\" decoding=\"async\" width=\"357\" height=\"103\" src=\"https:\/\/i0.wp.com\/www.trautweingmbh.de\/cms\/wp-content\/uploads\/2015\/07\/WAFIOS.png?resize=357%2C103\" class=\"attachment-large size-large wp-image-300\" alt=\"\" srcset=\"https:\/\/i0.wp.com\/www.trautweingmbh.de\/cms\/wp-content\/uploads\/2015\/07\/WAFIOS.png?w=357 357w, https:\/\/i0.wp.com\/www.trautweingmbh.de\/cms\/wp-content\/uploads\/2015\/07\/WAFIOS.png?resize=300%2C87 300w\" sizes=\"auto, 100vw\" data-recalc-dims=\"1\" \/>\t\t\t\t\t\t\t\t\t\t\t\t\t\t\t<\/div>\n\t\t\t\t<\/div>\n\t\t\t\t\t<\/div>\n\t\t<\/div>\n\t\t\t\t<div class=\"elementor-column elementor-col-25 elementor-top-column elementor-element elementor-element-0acdfcb\" data-id=\"0acdfcb\" data-element_type=\"column\">\n\t\t\t<div class=\"elementor-widget-wrap elementor-element-populated\">\n\t\t\t\t\t\t\t\t<div class=\"elementor-element elementor-element-50831e5 elementor-widget elementor-widget-image\" data-id=\"50831e5\" data-element_type=\"widget\" data-widget_type=\"image.default\">\n\t\t\t\t<div class=\"elementor-widget-container\">\n\t\t\t\t\t\t\t\t\t\t\t\t\t\t\t<img loading=\"lazy\" decoding=\"async\" width=\"307\" height=\"95\" src=\"https:\/\/i0.wp.com\/www.trautweingmbh.de\/cms\/wp-content\/uploads\/2015\/07\/phorn.png?resize=307%2C95\" class=\"attachment-large size-large wp-image-289\" alt=\"\" srcset=\"https:\/\/i0.wp.com\/www.trautweingmbh.de\/cms\/wp-content\/uploads\/2015\/07\/phorn.png?w=307 307w, https:\/\/i0.wp.com\/www.trautweingmbh.de\/cms\/wp-content\/uploads\/2015\/07\/phorn.png?resize=300%2C93 300w\" sizes=\"auto, 100vw\" data-recalc-dims=\"1\" \/>\t\t\t\t\t\t\t\t\t\t\t\t\t\t\t<\/div>\n\t\t\t\t<\/div>\n\t\t\t\t\t<\/div>\n\t\t<\/div>\n\t\t\t\t<div class=\"elementor-column elementor-col-25 elementor-top-column elementor-element elementor-element-0a76a09\" data-id=\"0a76a09\" data-element_type=\"column\">\n\t\t\t<div class=\"elementor-widget-wrap elementor-element-populated\">\n\t\t\t\t\t\t\t\t<div class=\"elementor-element elementor-element-26d95a7 elementor-widget elementor-widget-image\" data-id=\"26d95a7\" data-element_type=\"widget\" data-widget_type=\"image.default\">\n\t\t\t\t<div class=\"elementor-widget-container\">\n\t\t\t\t\t\t\t\t\t\t\t\t\t\t\t<img loading=\"lazy\" decoding=\"async\" width=\"273\" height=\"120\" src=\"https:\/\/i0.wp.com\/www.trautweingmbh.de\/cms\/wp-content\/uploads\/2015\/07\/burkhardt.png?resize=273%2C120\" class=\"attachment-large size-large wp-image-318\" alt=\"\" srcset=\"https:\/\/i0.wp.com\/www.trautweingmbh.de\/cms\/wp-content\/uploads\/2015\/07\/burkhardt.png?w=273 273w, https:\/\/i0.wp.com\/www.trautweingmbh.de\/cms\/wp-content\/uploads\/2015\/07\/burkhardt.png?resize=272%2C120 272w\" sizes=\"auto, 100vw\" data-recalc-dims=\"1\" \/>\t\t\t\t\t\t\t\t\t\t\t\t\t\t\t<\/div>\n\t\t\t\t<\/div>\n\t\t\t\t\t<\/div>\n\t\t<\/div>\n\t\t\t\t<div class=\"elementor-column elementor-col-25 elementor-top-column elementor-element elementor-element-0dfb941\" data-id=\"0dfb941\" data-element_type=\"column\">\n\t\t\t<div class=\"elementor-widget-wrap elementor-element-populated\">\n\t\t\t\t\t\t\t\t<div class=\"elementor-element elementor-element-37fc2dc elementor-widget elementor-widget-image\" data-id=\"37fc2dc\" data-element_type=\"widget\" data-widget_type=\"image.default\">\n\t\t\t\t<div class=\"elementor-widget-container\">\n\t\t\t\t\t\t\t\t\t\t\t\t\t\t\t<img loading=\"lazy\" decoding=\"async\" width=\"294\" height=\"116\" src=\"https:\/\/i0.wp.com\/www.trautweingmbh.de\/cms\/wp-content\/uploads\/2015\/07\/Interstuhl.png?resize=294%2C116\" class=\"attachment-large size-large wp-image-1324\" alt=\"\" sizes=\"auto, 100vw\" data-recalc-dims=\"1\" \/>\t\t\t\t\t\t\t\t\t\t\t\t\t\t\t<\/div>\n\t\t\t\t<\/div>\n\t\t\t\t\t<\/div>\n\t\t<\/div>\n\t\t\t\t\t\t\t<\/div>\n\t\t<\/section>\n\t\t\t\t<section class=\"elementor-section elementor-top-section elementor-element elementor-element-0c0a842 elementor-section-boxed elementor-section-height-default elementor-section-height-default\" data-id=\"0c0a842\" data-element_type=\"section\">\n\t\t\t\t\t\t<div class=\"elementor-container elementor-column-gap-default\">\n\t\t\t\t\t<div class=\"elementor-column elementor-col-25 elementor-top-column elementor-element elementor-element-9170e0b\" data-id=\"9170e0b\" data-element_type=\"column\">\n\t\t\t<div class=\"elementor-widget-wrap elementor-element-populated\">\n\t\t\t\t\t\t\t\t<div class=\"elementor-element elementor-element-609201f elementor-widget elementor-widget-image\" data-id=\"609201f\" data-element_type=\"widget\" data-widget_type=\"image.default\">\n\t\t\t\t<div class=\"elementor-widget-container\">\n\t\t\t\t\t\t\t\t\t\t\t\t\t\t\t<img loading=\"lazy\" decoding=\"async\" width=\"427\" height=\"181\" src=\"https:\/\/i0.wp.com\/www.trautweingmbh.de\/cms\/wp-content\/uploads\/2015\/07\/Haug-Maschinenbau.png?resize=427%2C181\" class=\"attachment-large size-large wp-image-277\" alt=\"\" srcset=\"https:\/\/i0.wp.com\/www.trautweingmbh.de\/cms\/wp-content\/uploads\/2015\/07\/Haug-Maschinenbau.png?w=427 427w, https:\/\/i0.wp.com\/www.trautweingmbh.de\/cms\/wp-content\/uploads\/2015\/07\/Haug-Maschinenbau.png?resize=300%2C127 300w\" sizes=\"auto, 100vw\" data-recalc-dims=\"1\" \/>\t\t\t\t\t\t\t\t\t\t\t\t\t\t\t<\/div>\n\t\t\t\t<\/div>\n\t\t\t\t\t<\/div>\n\t\t<\/div>\n\t\t\t\t<div class=\"elementor-column elementor-col-25 elementor-top-column elementor-element elementor-element-c4ee76b\" data-id=\"c4ee76b\" data-element_type=\"column\">\n\t\t\t<div class=\"elementor-widget-wrap elementor-element-populated\">\n\t\t\t\t\t\t\t\t<div class=\"elementor-element elementor-element-eaab66d elementor-widget elementor-widget-image\" data-id=\"eaab66d\" data-element_type=\"widget\" data-widget_type=\"image.default\">\n\t\t\t\t<div class=\"elementor-widget-container\">\n\t\t\t\t\t\t\t\t\t\t\t\t\t\t\t<img loading=\"lazy\" decoding=\"async\" width=\"341\" height=\"136\" src=\"https:\/\/i0.wp.com\/www.trautweingmbh.de\/cms\/wp-content\/uploads\/2015\/07\/SCHMID-Maschinenbau.png?resize=341%2C136\" class=\"attachment-large size-large wp-image-298\" alt=\"\" srcset=\"https:\/\/i0.wp.com\/www.trautweingmbh.de\/cms\/wp-content\/uploads\/2015\/07\/SCHMID-Maschinenbau.png?w=341 341w, https:\/\/i0.wp.com\/www.trautweingmbh.de\/cms\/wp-content\/uploads\/2015\/07\/SCHMID-Maschinenbau.png?resize=300%2C120 300w\" sizes=\"auto, 100vw\" data-recalc-dims=\"1\" \/>\t\t\t\t\t\t\t\t\t\t\t\t\t\t\t<\/div>\n\t\t\t\t<\/div>\n\t\t\t\t\t<\/div>\n\t\t<\/div>\n\t\t\t\t<div class=\"elementor-column elementor-col-25 elementor-top-column elementor-element elementor-element-e979f97\" data-id=\"e979f97\" data-element_type=\"column\">\n\t\t\t<div class=\"elementor-widget-wrap elementor-element-populated\">\n\t\t\t\t\t\t\t\t<div class=\"elementor-element elementor-element-c66bd5c elementor-widget elementor-widget-image\" data-id=\"c66bd5c\" data-element_type=\"widget\" data-widget_type=\"image.default\">\n\t\t\t\t<div class=\"elementor-widget-container\">\n\t\t\t\t\t\t\t\t\t\t\t\t\t\t\t<img loading=\"lazy\" decoding=\"async\" width=\"377\" height=\"99\" src=\"https:\/\/i0.wp.com\/www.trautweingmbh.de\/cms\/wp-content\/uploads\/2015\/07\/Gewefa.png?resize=377%2C99\" class=\"attachment-large size-large wp-image-284\" alt=\"\" srcset=\"https:\/\/i0.wp.com\/www.trautweingmbh.de\/cms\/wp-content\/uploads\/2015\/07\/Gewefa.png?w=377 377w, https:\/\/i0.wp.com\/www.trautweingmbh.de\/cms\/wp-content\/uploads\/2015\/07\/Gewefa.png?resize=300%2C79 300w\" sizes=\"auto, 100vw\" data-recalc-dims=\"1\" \/>\t\t\t\t\t\t\t\t\t\t\t\t\t\t\t<\/div>\n\t\t\t\t<\/div>\n\t\t\t\t\t<\/div>\n\t\t<\/div>\n\t\t\t\t<div class=\"elementor-column elementor-col-25 elementor-top-column elementor-element elementor-element-d71c71f\" data-id=\"d71c71f\" data-element_type=\"column\">\n\t\t\t<div class=\"elementor-widget-wrap elementor-element-populated\">\n\t\t\t\t\t\t\t\t<div class=\"elementor-element elementor-element-4f2fd60 elementor-widget elementor-widget-image\" data-id=\"4f2fd60\" data-element_type=\"widget\" data-widget_type=\"image.default\">\n\t\t\t\t<div class=\"elementor-widget-container\">\n\t\t\t\t\t\t\t\t\t\t\t\t\t\t\t<img loading=\"lazy\" decoding=\"async\" width=\"314\" height=\"101\" src=\"https:\/\/i0.wp.com\/www.trautweingmbh.de\/cms\/wp-content\/uploads\/2015\/07\/Walter-Tools.png?resize=314%2C101\" class=\"attachment-large size-large wp-image-286\" alt=\"\" srcset=\"https:\/\/i0.wp.com\/www.trautweingmbh.de\/cms\/wp-content\/uploads\/2015\/07\/Walter-Tools.png?w=314 314w, https:\/\/i0.wp.com\/www.trautweingmbh.de\/cms\/wp-content\/uploads\/2015\/07\/Walter-Tools.png?resize=300%2C96 300w\" sizes=\"auto, 100vw\" data-recalc-dims=\"1\" \/>\t\t\t\t\t\t\t\t\t\t\t\t\t\t\t<\/div>\n\t\t\t\t<\/div>\n\t\t\t\t\t<\/div>\n\t\t<\/div>\n\t\t\t\t\t\t\t<\/div>\n\t\t<\/section>\n\t\t\t\t<section class=\"elementor-section elementor-top-section elementor-element elementor-element-3b0117c elementor-section-boxed elementor-section-height-default elementor-section-height-default\" data-id=\"3b0117c\" data-element_type=\"section\">\n\t\t\t\t\t\t<div class=\"elementor-container elementor-column-gap-default\">\n\t\t\t\t\t<div class=\"elementor-column elementor-col-100 elementor-top-column elementor-element elementor-element-90011d0\" data-id=\"90011d0\" data-element_type=\"column\">\n\t\t\t<div class=\"elementor-widget-wrap elementor-element-populated\">\n\t\t\t\t\t\t\t\t<div class=\"elementor-element elementor-element-609a5b6 elementor-widget elementor-widget-spacer\" data-id=\"609a5b6\" data-element_type=\"widget\" data-widget_type=\"spacer.default\">\n\t\t\t\t<div class=\"elementor-widget-container\">\n\t\t\t<style>\/*! elementor - v3.17.0 - 08-11-2023 *\/\n.elementor-column .elementor-spacer-inner{height:var(--spacer-size)}.e-con{--container-widget-width:100%}.e-con-inner>.elementor-widget-spacer,.e-con>.elementor-widget-spacer{width:var(--container-widget-width,var(--spacer-size));--align-self:var(--container-widget-align-self,initial);--flex-shrink:0}.e-con-inner>.elementor-widget-spacer>.elementor-widget-container,.e-con>.elementor-widget-spacer>.elementor-widget-container{height:100%;width:100%}.e-con-inner>.elementor-widget-spacer>.elementor-widget-container>.elementor-spacer,.e-con>.elementor-widget-spacer>.elementor-widget-container>.elementor-spacer{height:100%}.e-con-inner>.elementor-widget-spacer>.elementor-widget-container>.elementor-spacer>.elementor-spacer-inner,.e-con>.elementor-widget-spacer>.elementor-widget-container>.elementor-spacer>.elementor-spacer-inner{height:var(--container-widget-height,var(--spacer-size))}.e-con-inner>.elementor-widget-spacer.elementor-widget-empty,.e-con>.elementor-widget-spacer.elementor-widget-empty{position:relative;min-height:22px;min-width:22px}.e-con-inner>.elementor-widget-spacer.elementor-widget-empty .elementor-widget-empty-icon,.e-con>.elementor-widget-spacer.elementor-widget-empty .elementor-widget-empty-icon{position:absolute;top:0;bottom:0;left:0;right:0;margin:auto;padding:0;width:22px;height:22px}<\/style>\t\t<div class=\"elementor-spacer\">\n\t\t\t<div class=\"elementor-spacer-inner\"><\/div>\n\t\t<\/div>\n\t\t\t\t<\/div>\n\t\t\t\t<\/div>\n\t\t\t\t\t<\/div>\n\t\t<\/div>\n\t\t\t\t\t\t\t<\/div>\n\t\t<\/section>\n\t\t\t\t\t\t\t<\/div>\n\t\t","protected":false},"excerpt":{"rendered":"<p>REFERENZEN Als kompetenter Dienstleister stehen wir unseren Kunden schon seit Jahrzehnten f\u00fcr die unterschiedlichsten Arten der&nbsp;W\u00e4rmebehandlung &amp; Oberfl\u00e4chenverendlung von Metallen zur Seite.&nbsp;Einen kleinen Auszug aus unseren langj\u00e4hrigen, erfolgreichen Partnerschaften finden Sie hier:<\/p>\n","protected":false},"author":2,"featured_media":0,"parent":0,"menu_order":0,"comment_status":"closed","ping_status":"closed","template":"","meta":{"_mi_skip_tracking":false,"_monsterinsights_sitenote_active":false,"_monsterinsights_sitenote_note":"","_monsterinsights_sitenote_category":0,"footnotes":""},"class_list":["post-262","page","type-page","status-publish","hentry"],"yoast_head":"<!-- This site is optimized with the Yoast SEO plugin v21.5 - https:\/\/yoast.com\/wordpress\/plugins\/seo\/ -->\n<title>Referenzen - H\u00e4rterei Trautwein GmbH<\/title>\n<meta name=\"description\" content=\"Diese Referenzen zeichnen uns als kompetenten Dienstleister aus.\" \/>\n<meta name=\"robots\" content=\"index, follow, max-snippet:-1, max-image-preview:large, max-video-preview:-1\" \/>\n<link rel=\"canonical\" href=\"http:\/\/www.trautweingmbh.de\/cms\/referenzen\/\" \/>\n<meta property=\"og:locale\" content=\"de_DE\" \/>\n<meta property=\"og:type\" content=\"article\" \/>\n<meta property=\"og:title\" content=\"Referenzen - H\u00e4rterei Trautwein GmbH\" \/>\n<meta property=\"og:description\" content=\"Diese Referenzen zeichnen uns als kompetenten Dienstleister aus.\" \/>\n<meta property=\"og:url\" content=\"http:\/\/www.trautweingmbh.de\/cms\/referenzen\/\" \/>\n<meta property=\"og:site_name\" content=\"H\u00e4rterei Trautwein GmbH\" \/>\n<meta property=\"article:modified_time\" content=\"2021-12-25T06:29:03+00:00\" \/>\n<meta property=\"og:image\" content=\"http:\/\/www.trautweingmbh.de\/cms\/wp-content\/uploads\/2015\/07\/WAFIOS.png\" \/>\n<meta name=\"twitter:card\" content=\"summary_large_image\" \/>\n<meta name=\"twitter:label1\" content=\"Gesch\u00e4tzte Lesezeit\" \/>\n\t<meta name=\"twitter:data1\" content=\"2\u00a0Minuten\" \/>\n<script type=\"application\/ld+json\" class=\"yoast-schema-graph\">{\"@context\":\"https:\/\/schema.org\",\"@graph\":[{\"@type\":\"WebPage\",\"@id\":\"http:\/\/www.trautweingmbh.de\/cms\/referenzen\/\",\"url\":\"http:\/\/www.trautweingmbh.de\/cms\/referenzen\/\",\"name\":\"Referenzen - H\u00e4rterei Trautwein GmbH\",\"isPartOf\":{\"@id\":\"http:\/\/www.trautweingmbh.de\/cms\/#website\"},\"datePublished\":\"2015-07-03T23:07:04+00:00\",\"dateModified\":\"2021-12-25T06:29:03+00:00\",\"description\":\"Diese Referenzen zeichnen uns als kompetenten Dienstleister aus.\",\"breadcrumb\":{\"@id\":\"http:\/\/www.trautweingmbh.de\/cms\/referenzen\/#breadcrumb\"},\"inLanguage\":\"de\",\"potentialAction\":[{\"@type\":\"ReadAction\",\"target\":[\"http:\/\/www.trautweingmbh.de\/cms\/referenzen\/\"]}]},{\"@type\":\"BreadcrumbList\",\"@id\":\"http:\/\/www.trautweingmbh.de\/cms\/referenzen\/#breadcrumb\",\"itemListElement\":[{\"@type\":\"ListItem\",\"position\":1,\"name\":\"Home\",\"item\":\"http:\/\/www.trautweingmbh.de\/cms\/\"},{\"@type\":\"ListItem\",\"position\":2,\"name\":\"Referenzen\"}]},{\"@type\":\"WebSite\",\"@id\":\"http:\/\/www.trautweingmbh.de\/cms\/#website\",\"url\":\"http:\/\/www.trautweingmbh.de\/cms\/\",\"name\":\"H\u00e4rterei Trautwein GmbH\",\"description\":\"W\u00e4rmebehandlung von Metallen | Oberfl\u00e4chenveredelung\",\"publisher\":{\"@id\":\"http:\/\/www.trautweingmbh.de\/cms\/#organization\"},\"potentialAction\":[{\"@type\":\"SearchAction\",\"target\":{\"@type\":\"EntryPoint\",\"urlTemplate\":\"http:\/\/www.trautweingmbh.de\/cms\/?s={search_term_string}\"},\"query-input\":\"required name=search_term_string\"}],\"inLanguage\":\"de\"},{\"@type\":\"Organization\",\"@id\":\"http:\/\/www.trautweingmbh.de\/cms\/#organization\",\"name\":\"Trautwein GmbH\",\"url\":\"http:\/\/www.trautweingmbh.de\/cms\/\",\"logo\":{\"@type\":\"ImageObject\",\"inLanguage\":\"de\",\"@id\":\"http:\/\/www.trautweingmbh.de\/cms\/#\/schema\/logo\/image\/\",\"url\":\"http:\/\/www.trautweingmbh.de\/cms\/wp-content\/uploads\/2013\/08\/Logo_m.gif\",\"contentUrl\":\"http:\/\/www.trautweingmbh.de\/cms\/wp-content\/uploads\/2013\/08\/Logo_m.gif\",\"width\":360,\"height\":55,\"caption\":\"Trautwein GmbH\"},\"image\":{\"@id\":\"http:\/\/www.trautweingmbh.de\/cms\/#\/schema\/logo\/image\/\"}}]}<\/script>\n<!-- \/ Yoast SEO plugin. -->","yoast_head_json":{"title":"Referenzen - H\u00e4rterei Trautwein GmbH","description":"Diese Referenzen zeichnen uns als kompetenten Dienstleister aus.","robots":{"index":"index","follow":"follow","max-snippet":"max-snippet:-1","max-image-preview":"max-image-preview:large","max-video-preview":"max-video-preview:-1"},"canonical":"http:\/\/www.trautweingmbh.de\/cms\/referenzen\/","og_locale":"de_DE","og_type":"article","og_title":"Referenzen - H\u00e4rterei Trautwein GmbH","og_description":"Diese Referenzen zeichnen uns als kompetenten Dienstleister aus.","og_url":"http:\/\/www.trautweingmbh.de\/cms\/referenzen\/","og_site_name":"H\u00e4rterei Trautwein GmbH","article_modified_time":"2021-12-25T06:29:03+00:00","og_image":[{"url":"http:\/\/www.trautweingmbh.de\/cms\/wp-content\/uploads\/2015\/07\/WAFIOS.png"}],"twitter_card":"summary_large_image","twitter_misc":{"Gesch\u00e4tzte Lesezeit":"2\u00a0Minuten"},"schema":{"@context":"https:\/\/schema.org","@graph":[{"@type":"WebPage","@id":"http:\/\/www.trautweingmbh.de\/cms\/referenzen\/","url":"http:\/\/www.trautweingmbh.de\/cms\/referenzen\/","name":"Referenzen - H\u00e4rterei Trautwein GmbH","isPartOf":{"@id":"http:\/\/www.trautweingmbh.de\/cms\/#website"},"datePublished":"2015-07-03T23:07:04+00:00","dateModified":"2021-12-25T06:29:03+00:00","description":"Diese Referenzen zeichnen uns als kompetenten Dienstleister aus.","breadcrumb":{"@id":"http:\/\/www.trautweingmbh.de\/cms\/referenzen\/#breadcrumb"},"inLanguage":"de","potentialAction":[{"@type":"ReadAction","target":["http:\/\/www.trautweingmbh.de\/cms\/referenzen\/"]}]},{"@type":"BreadcrumbList","@id":"http:\/\/www.trautweingmbh.de\/cms\/referenzen\/#breadcrumb","itemListElement":[{"@type":"ListItem","position":1,"name":"Home","item":"http:\/\/www.trautweingmbh.de\/cms\/"},{"@type":"ListItem","position":2,"name":"Referenzen"}]},{"@type":"WebSite","@id":"http:\/\/www.trautweingmbh.de\/cms\/#website","url":"http:\/\/www.trautweingmbh.de\/cms\/","name":"H\u00e4rterei Trautwein GmbH","description":"W\u00e4rmebehandlung von Metallen | Oberfl\u00e4chenveredelung","publisher":{"@id":"http:\/\/www.trautweingmbh.de\/cms\/#organization"},"potentialAction":[{"@type":"SearchAction","target":{"@type":"EntryPoint","urlTemplate":"http:\/\/www.trautweingmbh.de\/cms\/?s={search_term_string}"},"query-input":"required name=search_term_string"}],"inLanguage":"de"},{"@type":"Organization","@id":"http:\/\/www.trautweingmbh.de\/cms\/#organization","name":"Trautwein GmbH","url":"http:\/\/www.trautweingmbh.de\/cms\/","logo":{"@type":"ImageObject","inLanguage":"de","@id":"http:\/\/www.trautweingmbh.de\/cms\/#\/schema\/logo\/image\/","url":"http:\/\/www.trautweingmbh.de\/cms\/wp-content\/uploads\/2013\/08\/Logo_m.gif","contentUrl":"http:\/\/www.trautweingmbh.de\/cms\/wp-content\/uploads\/2013\/08\/Logo_m.gif","width":360,"height":55,"caption":"Trautwein GmbH"},"image":{"@id":"http:\/\/www.trautweingmbh.de\/cms\/#\/schema\/logo\/image\/"}}]}},"jetpack_sharing_enabled":true,"_links":{"self":[{"href":"http:\/\/www.trautweingmbh.de\/cms\/wp-json\/wp\/v2\/pages\/262","targetHints":{"allow":["GET"]}}],"collection":[{"href":"http:\/\/www.trautweingmbh.de\/cms\/wp-json\/wp\/v2\/pages"}],"about":[{"href":"http:\/\/www.trautweingmbh.de\/cms\/wp-json\/wp\/v2\/types\/page"}],"author":[{"embeddable":true,"href":"http:\/\/www.trautweingmbh.de\/cms\/wp-json\/wp\/v2\/users\/2"}],"replies":[{"embeddable":true,"href":"http:\/\/www.trautweingmbh.de\/cms\/wp-json\/wp\/v2\/comments?post=262"}],"version-history":[{"count":97,"href":"http:\/\/www.trautweingmbh.de\/cms\/wp-json\/wp\/v2\/pages\/262\/revisions"}],"predecessor-version":[{"id":7179,"href":"http:\/\/www.trautweingmbh.de\/cms\/wp-json\/wp\/v2\/pages\/262\/revisions\/7179"}],"wp:attachment":[{"href":"http:\/\/www.trautweingmbh.de\/cms\/wp-json\/wp\/v2\/media?parent=262"}],"curies":[{"name":"wp","href":"https:\/\/api.w.org\/{rel}","templated":true}]}}