{"id":179,"date":"2015-07-03T21:45:34","date_gmt":"2015-07-03T19:45:34","guid":{"rendered":"http:\/\/trautweingmbh.de\/cms\/?page_id=179"},"modified":"2021-12-25T07:44:46","modified_gmt":"2021-12-25T05:44:46","slug":"gluehen","status":"publish","type":"page","link":"http:\/\/www.trautweingmbh.de\/cms\/gluehen\/","title":{"rendered":"Gl\u00fchen"},"content":{"rendered":"\t\t<div data-elementor-type=\"wp-page\" data-elementor-id=\"179\" class=\"elementor elementor-179\">\n\t\t\t\t\t\t\t\t\t<section class=\"elementor-section elementor-top-section elementor-element elementor-element-67ec8ea6 elementor-section-boxed elementor-section-height-default elementor-section-height-default\" data-id=\"67ec8ea6\" data-element_type=\"section\">\n\t\t\t\t\t\t<div class=\"elementor-container elementor-column-gap-default\">\n\t\t\t\t\t<div class=\"elementor-column elementor-col-100 elementor-top-column elementor-element elementor-element-4ef9224a\" data-id=\"4ef9224a\" data-element_type=\"column\">\n\t\t\t<div class=\"elementor-widget-wrap elementor-element-populated\">\n\t\t\t\t\t\t\t\t<div class=\"elementor-element elementor-element-b3cb72e elementor-widget elementor-widget-text-editor\" data-id=\"b3cb72e\" data-element_type=\"widget\" data-widget_type=\"text-editor.default\">\n\t\t\t\t<div class=\"elementor-widget-container\">\n\t\t\t<style>\/*! elementor - v3.17.0 - 08-11-2023 *\/\n.elementor-widget-text-editor.elementor-drop-cap-view-stacked .elementor-drop-cap{background-color:#69727d;color:#fff}.elementor-widget-text-editor.elementor-drop-cap-view-framed .elementor-drop-cap{color:#69727d;border:3px solid;background-color:transparent}.elementor-widget-text-editor:not(.elementor-drop-cap-view-default) .elementor-drop-cap{margin-top:8px}.elementor-widget-text-editor:not(.elementor-drop-cap-view-default) .elementor-drop-cap-letter{width:1em;height:1em}.elementor-widget-text-editor .elementor-drop-cap{float:left;text-align:center;line-height:1;font-size:50px}.elementor-widget-text-editor .elementor-drop-cap-letter{display:inline-block}<\/style>\t\t\t\t<h1><strong>GL\u00dcHEN&nbsp;&nbsp;<\/strong><\/h1>\n<p style=\"text-align: justify;\">Das <strong>Gl\u00fchen<\/strong> umfasst alle W\u00e4rmebehandlungsverfahren, welche das Erw\u00e4rmen auf eine bestimmte Temperatur beinhalten. Dabei werden bestimmte Verweilzeiten bei dieser Temperatur eingehalten und &#8211; je nach Werkstoff &#8211; meistens ein langsames Abk\u00fchlen arrangiert.<\/p>\n<p style=\"text-align: justify;\">Wir f\u00fchren verschiedene Gl\u00fchverfahren f\u00fcr Sie durch. Dabei bearbeiten wir f\u00fcr Sie alle Eisenwerkstoffe, als auch Aluminium, Kuper, Messing, Bronze usw.:<\/p>\n<p style=\"text-align: justify;\"><span style=\"color: #003366;\"><a style=\"color: #003366;\" href=\"http:\/\/www.trautweingmbh.de\/cms\/normalgluehen\/\"><strong>1. Normalgl\u00fchen<\/strong>: <\/a><\/span>Stellt ein gleichm\u00e4\u00dfiges und feink\u00f6rniges Gef\u00fcge her.<\/p>\n<p style=\"text-align: justify;\"><strong><span style=\"color: #003366;\"><a style=\"color: #003366;\" href=\"http:\/\/www.trautweingmbh.de\/cms\/weichgluehen\/\">2. Weichgl\u00fchen<\/a>:<\/span><\/strong> Stellt eine geringe H\u00e4rte und Festigkeit ein, was eine g\u00fcnstigere Zerspanbarkeit und&nbsp; bessere Oberfl\u00e4cheng\u00fcte zur Folge hat.<\/p>\n<p style=\"text-align: justify;\"><span style=\"color: #003366;\"><a style=\"color: #003366;\" href=\"http:\/\/www.trautweingmbh.de\/cms\/spannungsarmgluehen\/\"><strong>3. Spannungsarmgl\u00fchen<\/strong>:<\/a><\/span> Baut die Eigenspannungen im Werkstoff ab.<\/p>\n<p style=\"text-align: justify;\"><span style=\"color: #003366;\"><a style=\"color: #003366;\" href=\"http:\/\/www.trautweingmbh.de\/cms\/rekristallisationsgluehen\/\"><strong>4. Rekristallisationsgl\u00fchen<\/strong>:<\/a><\/span> Stellt die plastische Verformbarkeit nach einer Kaltverfestigung wieder her.<\/p>\n<p style=\"text-align: justify;\">Fordern Sie uns! Wir freuen uns \u00fcber Ihre Anfrage.<\/p>\n<p style=\"text-align: justify;\">\n<\/p>\t\t\t\t\t\t<\/div>\n\t\t\t\t<\/div>\n\t\t\t\t\t<\/div>\n\t\t<\/div>\n\t\t\t\t\t\t\t<\/div>\n\t\t<\/section>\n\t\t\t\t<section class=\"elementor-section elementor-top-section elementor-element elementor-element-369e57d elementor-section-boxed elementor-section-height-default elementor-section-height-default\" data-id=\"369e57d\" data-element_type=\"section\">\n\t\t\t\t\t\t<div class=\"elementor-container elementor-column-gap-default\">\n\t\t\t\t\t<div class=\"elementor-column elementor-col-100 elementor-top-column elementor-element elementor-element-2525f61\" data-id=\"2525f61\" data-element_type=\"column\">\n\t\t\t<div class=\"elementor-widget-wrap elementor-element-populated\">\n\t\t\t\t\t\t\t\t<div class=\"elementor-element elementor-element-312043e elementor-widget elementor-widget-image\" data-id=\"312043e\" data-element_type=\"widget\" data-widget_type=\"image.default\">\n\t\t\t\t<div class=\"elementor-widget-container\">\n\t\t\t<style>\/*! elementor - v3.17.0 - 08-11-2023 *\/\n.elementor-widget-image{text-align:center}.elementor-widget-image a{display:inline-block}.elementor-widget-image a img[src$=\".svg\"]{width:48px}.elementor-widget-image img{vertical-align:middle;display:inline-block}<\/style>\t\t\t\t\t\t\t\t\t\t\t\t<img loading=\"lazy\" decoding=\"async\" width=\"768\" height=\"1024\" src=\"https:\/\/i0.wp.com\/www.trautweingmbh.de\/cms\/wp-content\/uploads\/2015\/07\/ofen-neu-3.png?resize=768%2C1024\" class=\"attachment-2048x2048 size-2048x2048 wp-image-1234\" alt=\"\" srcset=\"https:\/\/i0.wp.com\/www.trautweingmbh.de\/cms\/wp-content\/uploads\/2015\/07\/ofen-neu-3.png?w=768 768w, https:\/\/i0.wp.com\/www.trautweingmbh.de\/cms\/wp-content\/uploads\/2015\/07\/ofen-neu-3.png?resize=225%2C300 225w\" sizes=\"auto, 100vw\" data-recalc-dims=\"1\" \/>\t\t\t\t\t\t\t\t\t\t\t\t\t\t\t<\/div>\n\t\t\t\t<\/div>\n\t\t\t\t\t<\/div>\n\t\t<\/div>\n\t\t\t\t\t\t\t<\/div>\n\t\t<\/section>\n\t\t\t\t\t\t\t<\/div>\n\t\t","protected":false},"excerpt":{"rendered":"<p>GL\u00dcHEN&nbsp;&nbsp; Das Gl\u00fchen umfasst alle W\u00e4rmebehandlungsverfahren, welche das Erw\u00e4rmen auf eine bestimmte Temperatur beinhalten. Dabei werden bestimmte Verweilzeiten bei dieser Temperatur eingehalten und &#8211; je nach Werkstoff &#8211; meistens ein langsames Abk\u00fchlen arrangiert. Wir f\u00fchren verschiedene Gl\u00fchverfahren f\u00fcr Sie durch. Dabei bearbeiten wir f\u00fcr Sie alle Eisenwerkstoffe, als auch Aluminium, Kuper, Messing, Bronze usw.: 1. &hellip; <\/p>\n<p class=\"link-more\"><a href=\"http:\/\/www.trautweingmbh.de\/cms\/gluehen\/\" class=\"more-link\">Mehr <span class=\"screen-reader-text\">\u00fcber &#8222;Gl\u00fchen&#8220; <\/span>Lesen<\/a><\/p>\n","protected":false},"author":2,"featured_media":0,"parent":0,"menu_order":0,"comment_status":"closed","ping_status":"closed","template":"","meta":{"_mi_skip_tracking":false,"_monsterinsights_sitenote_active":false,"_monsterinsights_sitenote_note":"","_monsterinsights_sitenote_category":0,"footnotes":""},"class_list":["post-179","page","type-page","status-publish","hentry"],"yoast_head":"<!-- This site is optimized with the Yoast SEO plugin v21.5 - https:\/\/yoast.com\/wordpress\/plugins\/seo\/ -->\n<title>Gl\u00fchen - H\u00e4rterei Trautwein GmbH<\/title>\n<meta name=\"description\" content=\"Das Gl\u00fchen umfasst alle W\u00e4rmebehandlungsverfahren, welche das Erw\u00e4rmen auf eine bestimmte Temperatur beinhalten. Dabei werden bestimmte Verweilzeiten\" \/>\n<meta name=\"robots\" content=\"index, follow, max-snippet:-1, max-image-preview:large, max-video-preview:-1\" \/>\n<link rel=\"canonical\" href=\"http:\/\/www.trautweingmbh.de\/cms\/gluehen\/\" \/>\n<meta property=\"og:locale\" content=\"de_DE\" \/>\n<meta property=\"og:type\" content=\"article\" \/>\n<meta property=\"og:title\" content=\"Gl\u00fchen - H\u00e4rterei Trautwein GmbH\" \/>\n<meta property=\"og:description\" content=\"Das Gl\u00fchen umfasst alle W\u00e4rmebehandlungsverfahren, welche das Erw\u00e4rmen auf eine bestimmte Temperatur beinhalten. Dabei werden bestimmte Verweilzeiten\" \/>\n<meta property=\"og:url\" content=\"http:\/\/www.trautweingmbh.de\/cms\/gluehen\/\" \/>\n<meta property=\"og:site_name\" content=\"H\u00e4rterei Trautwein GmbH\" \/>\n<meta property=\"article:modified_time\" content=\"2021-12-25T05:44:46+00:00\" \/>\n<meta property=\"og:image\" content=\"http:\/\/www.trautweingmbh.de\/cms\/wp-content\/uploads\/2015\/07\/ofen-neu-3.png\" \/>\n<meta name=\"twitter:card\" content=\"summary_large_image\" \/>\n<meta name=\"twitter:label1\" content=\"Gesch\u00e4tzte Lesezeit\" \/>\n\t<meta name=\"twitter:data1\" content=\"1\u00a0Minute\" \/>\n<script type=\"application\/ld+json\" class=\"yoast-schema-graph\">{\"@context\":\"https:\/\/schema.org\",\"@graph\":[{\"@type\":\"WebPage\",\"@id\":\"http:\/\/www.trautweingmbh.de\/cms\/gluehen\/\",\"url\":\"http:\/\/www.trautweingmbh.de\/cms\/gluehen\/\",\"name\":\"Gl\u00fchen - H\u00e4rterei Trautwein GmbH\",\"isPartOf\":{\"@id\":\"http:\/\/www.trautweingmbh.de\/cms\/#website\"},\"datePublished\":\"2015-07-03T19:45:34+00:00\",\"dateModified\":\"2021-12-25T05:44:46+00:00\",\"description\":\"Das Gl\u00fchen umfasst alle W\u00e4rmebehandlungsverfahren, welche das Erw\u00e4rmen auf eine bestimmte Temperatur beinhalten. Dabei werden bestimmte Verweilzeiten\",\"breadcrumb\":{\"@id\":\"http:\/\/www.trautweingmbh.de\/cms\/gluehen\/#breadcrumb\"},\"inLanguage\":\"de\",\"potentialAction\":[{\"@type\":\"ReadAction\",\"target\":[\"http:\/\/www.trautweingmbh.de\/cms\/gluehen\/\"]}]},{\"@type\":\"BreadcrumbList\",\"@id\":\"http:\/\/www.trautweingmbh.de\/cms\/gluehen\/#breadcrumb\",\"itemListElement\":[{\"@type\":\"ListItem\",\"position\":1,\"name\":\"Home\",\"item\":\"http:\/\/www.trautweingmbh.de\/cms\/\"},{\"@type\":\"ListItem\",\"position\":2,\"name\":\"Gl\u00fchen\"}]},{\"@type\":\"WebSite\",\"@id\":\"http:\/\/www.trautweingmbh.de\/cms\/#website\",\"url\":\"http:\/\/www.trautweingmbh.de\/cms\/\",\"name\":\"H\u00e4rterei Trautwein GmbH\",\"description\":\"W\u00e4rmebehandlung von Metallen | Oberfl\u00e4chenveredelung\",\"publisher\":{\"@id\":\"http:\/\/www.trautweingmbh.de\/cms\/#organization\"},\"potentialAction\":[{\"@type\":\"SearchAction\",\"target\":{\"@type\":\"EntryPoint\",\"urlTemplate\":\"http:\/\/www.trautweingmbh.de\/cms\/?s={search_term_string}\"},\"query-input\":\"required name=search_term_string\"}],\"inLanguage\":\"de\"},{\"@type\":\"Organization\",\"@id\":\"http:\/\/www.trautweingmbh.de\/cms\/#organization\",\"name\":\"Trautwein GmbH\",\"url\":\"http:\/\/www.trautweingmbh.de\/cms\/\",\"logo\":{\"@type\":\"ImageObject\",\"inLanguage\":\"de\",\"@id\":\"http:\/\/www.trautweingmbh.de\/cms\/#\/schema\/logo\/image\/\",\"url\":\"http:\/\/www.trautweingmbh.de\/cms\/wp-content\/uploads\/2013\/08\/Logo_m.gif\",\"contentUrl\":\"http:\/\/www.trautweingmbh.de\/cms\/wp-content\/uploads\/2013\/08\/Logo_m.gif\",\"width\":360,\"height\":55,\"caption\":\"Trautwein GmbH\"},\"image\":{\"@id\":\"http:\/\/www.trautweingmbh.de\/cms\/#\/schema\/logo\/image\/\"}}]}<\/script>\n<!-- \/ Yoast SEO plugin. -->","yoast_head_json":{"title":"Gl\u00fchen - H\u00e4rterei Trautwein GmbH","description":"Das Gl\u00fchen umfasst alle W\u00e4rmebehandlungsverfahren, welche das Erw\u00e4rmen auf eine bestimmte Temperatur beinhalten. Dabei werden bestimmte Verweilzeiten","robots":{"index":"index","follow":"follow","max-snippet":"max-snippet:-1","max-image-preview":"max-image-preview:large","max-video-preview":"max-video-preview:-1"},"canonical":"http:\/\/www.trautweingmbh.de\/cms\/gluehen\/","og_locale":"de_DE","og_type":"article","og_title":"Gl\u00fchen - H\u00e4rterei Trautwein GmbH","og_description":"Das Gl\u00fchen umfasst alle W\u00e4rmebehandlungsverfahren, welche das Erw\u00e4rmen auf eine bestimmte Temperatur beinhalten. Dabei werden bestimmte Verweilzeiten","og_url":"http:\/\/www.trautweingmbh.de\/cms\/gluehen\/","og_site_name":"H\u00e4rterei Trautwein GmbH","article_modified_time":"2021-12-25T05:44:46+00:00","og_image":[{"url":"http:\/\/www.trautweingmbh.de\/cms\/wp-content\/uploads\/2015\/07\/ofen-neu-3.png"}],"twitter_card":"summary_large_image","twitter_misc":{"Gesch\u00e4tzte Lesezeit":"1\u00a0Minute"},"schema":{"@context":"https:\/\/schema.org","@graph":[{"@type":"WebPage","@id":"http:\/\/www.trautweingmbh.de\/cms\/gluehen\/","url":"http:\/\/www.trautweingmbh.de\/cms\/gluehen\/","name":"Gl\u00fchen - H\u00e4rterei Trautwein GmbH","isPartOf":{"@id":"http:\/\/www.trautweingmbh.de\/cms\/#website"},"datePublished":"2015-07-03T19:45:34+00:00","dateModified":"2021-12-25T05:44:46+00:00","description":"Das Gl\u00fchen umfasst alle W\u00e4rmebehandlungsverfahren, welche das Erw\u00e4rmen auf eine bestimmte Temperatur beinhalten. Dabei werden bestimmte Verweilzeiten","breadcrumb":{"@id":"http:\/\/www.trautweingmbh.de\/cms\/gluehen\/#breadcrumb"},"inLanguage":"de","potentialAction":[{"@type":"ReadAction","target":["http:\/\/www.trautweingmbh.de\/cms\/gluehen\/"]}]},{"@type":"BreadcrumbList","@id":"http:\/\/www.trautweingmbh.de\/cms\/gluehen\/#breadcrumb","itemListElement":[{"@type":"ListItem","position":1,"name":"Home","item":"http:\/\/www.trautweingmbh.de\/cms\/"},{"@type":"ListItem","position":2,"name":"Gl\u00fchen"}]},{"@type":"WebSite","@id":"http:\/\/www.trautweingmbh.de\/cms\/#website","url":"http:\/\/www.trautweingmbh.de\/cms\/","name":"H\u00e4rterei Trautwein GmbH","description":"W\u00e4rmebehandlung von Metallen | Oberfl\u00e4chenveredelung","publisher":{"@id":"http:\/\/www.trautweingmbh.de\/cms\/#organization"},"potentialAction":[{"@type":"SearchAction","target":{"@type":"EntryPoint","urlTemplate":"http:\/\/www.trautweingmbh.de\/cms\/?s={search_term_string}"},"query-input":"required name=search_term_string"}],"inLanguage":"de"},{"@type":"Organization","@id":"http:\/\/www.trautweingmbh.de\/cms\/#organization","name":"Trautwein GmbH","url":"http:\/\/www.trautweingmbh.de\/cms\/","logo":{"@type":"ImageObject","inLanguage":"de","@id":"http:\/\/www.trautweingmbh.de\/cms\/#\/schema\/logo\/image\/","url":"http:\/\/www.trautweingmbh.de\/cms\/wp-content\/uploads\/2013\/08\/Logo_m.gif","contentUrl":"http:\/\/www.trautweingmbh.de\/cms\/wp-content\/uploads\/2013\/08\/Logo_m.gif","width":360,"height":55,"caption":"Trautwein GmbH"},"image":{"@id":"http:\/\/www.trautweingmbh.de\/cms\/#\/schema\/logo\/image\/"}}]}},"jetpack_sharing_enabled":true,"_links":{"self":[{"href":"http:\/\/www.trautweingmbh.de\/cms\/wp-json\/wp\/v2\/pages\/179","targetHints":{"allow":["GET"]}}],"collection":[{"href":"http:\/\/www.trautweingmbh.de\/cms\/wp-json\/wp\/v2\/pages"}],"about":[{"href":"http:\/\/www.trautweingmbh.de\/cms\/wp-json\/wp\/v2\/types\/page"}],"author":[{"embeddable":true,"href":"http:\/\/www.trautweingmbh.de\/cms\/wp-json\/wp\/v2\/users\/2"}],"replies":[{"embeddable":true,"href":"http:\/\/www.trautweingmbh.de\/cms\/wp-json\/wp\/v2\/comments?post=179"}],"version-history":[{"count":37,"href":"http:\/\/www.trautweingmbh.de\/cms\/wp-json\/wp\/v2\/pages\/179\/revisions"}],"predecessor-version":[{"id":7061,"href":"http:\/\/www.trautweingmbh.de\/cms\/wp-json\/wp\/v2\/pages\/179\/revisions\/7061"}],"wp:attachment":[{"href":"http:\/\/www.trautweingmbh.de\/cms\/wp-json\/wp\/v2\/media?parent=179"}],"curies":[{"name":"wp","href":"https:\/\/api.w.org\/{rel}","templated":true}]}}