{"id":128,"date":"2015-07-03T21:45:21","date_gmt":"2015-07-03T19:45:21","guid":{"rendered":"http:\/\/trautweingmbh.de\/cms\/?page_id=128"},"modified":"2021-12-25T15:47:05","modified_gmt":"2021-12-25T13:47:05","slug":"einsatzhaerten-und-vergueten","status":"publish","type":"page","link":"http:\/\/www.trautweingmbh.de\/cms\/einsatzhaerten-und-vergueten\/","title":{"rendered":"Einsatzh\u00e4rten"},"content":{"rendered":"\t\t<div data-elementor-type=\"wp-page\" data-elementor-id=\"128\" class=\"elementor elementor-128\">\n\t\t\t\t\t\t\t\t\t<section class=\"elementor-section elementor-top-section elementor-element elementor-element-8b2814e elementor-section-boxed elementor-section-height-default elementor-section-height-default\" data-id=\"8b2814e\" data-element_type=\"section\">\n\t\t\t\t\t\t<div class=\"elementor-container elementor-column-gap-default\">\n\t\t\t\t\t<div class=\"elementor-column elementor-col-100 elementor-top-column elementor-element elementor-element-18b218c\" data-id=\"18b218c\" data-element_type=\"column\">\n\t\t\t<div class=\"elementor-widget-wrap elementor-element-populated\">\n\t\t\t\t\t\t\t\t<div class=\"elementor-element elementor-element-351b833 elementor-widget elementor-widget-heading\" data-id=\"351b833\" data-element_type=\"widget\" data-widget_type=\"heading.default\">\n\t\t\t\t<div class=\"elementor-widget-container\">\n\t\t\t<style>\/*! elementor - v3.17.0 - 08-11-2023 *\/\n.elementor-heading-title{padding:0;margin:0;line-height:1}.elementor-widget-heading .elementor-heading-title[class*=elementor-size-]>a{color:inherit;font-size:inherit;line-height:inherit}.elementor-widget-heading .elementor-heading-title.elementor-size-small{font-size:15px}.elementor-widget-heading .elementor-heading-title.elementor-size-medium{font-size:19px}.elementor-widget-heading .elementor-heading-title.elementor-size-large{font-size:29px}.elementor-widget-heading .elementor-heading-title.elementor-size-xl{font-size:39px}.elementor-widget-heading .elementor-heading-title.elementor-size-xxl{font-size:59px}<\/style><h1 class=\"elementor-heading-title elementor-size-default\">EINSATZH\u00c4RTEN  <\/h1>\t\t<\/div>\n\t\t\t\t<\/div>\n\t\t\t\t\t<\/div>\n\t\t<\/div>\n\t\t\t\t\t\t\t<\/div>\n\t\t<\/section>\n\t\t\t\t<section class=\"elementor-section elementor-top-section elementor-element elementor-element-7954037 elementor-section-boxed elementor-section-height-default elementor-section-height-default\" data-id=\"7954037\" data-element_type=\"section\">\n\t\t\t\t\t\t<div class=\"elementor-container elementor-column-gap-default\">\n\t\t\t\t\t<div class=\"elementor-column elementor-col-100 elementor-top-column elementor-element elementor-element-4502349\" data-id=\"4502349\" data-element_type=\"column\">\n\t\t\t<div class=\"elementor-widget-wrap elementor-element-populated\">\n\t\t\t\t\t\t\t\t<div class=\"elementor-element elementor-element-e24383c elementor-widget elementor-widget-text-editor\" data-id=\"e24383c\" data-element_type=\"widget\" data-widget_type=\"text-editor.default\">\n\t\t\t\t<div class=\"elementor-widget-container\">\n\t\t\t<style>\/*! elementor - v3.17.0 - 08-11-2023 *\/\n.elementor-widget-text-editor.elementor-drop-cap-view-stacked .elementor-drop-cap{background-color:#69727d;color:#fff}.elementor-widget-text-editor.elementor-drop-cap-view-framed .elementor-drop-cap{color:#69727d;border:3px solid;background-color:transparent}.elementor-widget-text-editor:not(.elementor-drop-cap-view-default) .elementor-drop-cap{margin-top:8px}.elementor-widget-text-editor:not(.elementor-drop-cap-view-default) .elementor-drop-cap-letter{width:1em;height:1em}.elementor-widget-text-editor .elementor-drop-cap{float:left;text-align:center;line-height:1;font-size:50px}.elementor-widget-text-editor .elementor-drop-cap-letter{display:inline-block}<\/style>\t\t\t\t<p>Ziel und Zweck beim Einsatzh\u00e4rten ist es kohlenstoffarmen St\u00e4hlen (die Aufgrund des geringen Kohlenstoffanteils von \u2264 0,25% nicht h\u00e4rtbar sind), eine verschlei\u00dfbest\u00e4ndige Oberfl\u00e4che zu verleihen. Diese Materialien finden wegen ihrer guten plastischen Verformbarkeit, Zerspanbarkeit und Schwei\u00dfbarkeit h\u00e4ufig Verwendung. Zus\u00e4tzlich zu diesen Eigenschaften wird eine hohe Randfestigkeit gefordert die eigentlich im Widerspruch zu den anderen Merkmalen steht. Der Forderung nach harter Oberfl\u00e4che und z\u00e4hem Kern kann durch Einsatzh\u00e4rten nachgekommen werden. Des Weiteren wird dem Kernwerkstoff eine h\u00f6here Z\u00e4higkeit bzw. Duktilit\u00e4t verliehen und die Dehngrenze\/Festigkeit deutlich verbessert.<\/p>\t\t\t\t\t\t<\/div>\n\t\t\t\t<\/div>\n\t\t\t\t\t<\/div>\n\t\t<\/div>\n\t\t\t\t\t\t\t<\/div>\n\t\t<\/section>\n\t\t\t\t<section class=\"elementor-section elementor-top-section elementor-element elementor-element-27e90f6 elementor-section-boxed elementor-section-height-default elementor-section-height-default\" data-id=\"27e90f6\" data-element_type=\"section\">\n\t\t\t\t\t\t<div class=\"elementor-container elementor-column-gap-default\">\n\t\t\t\t\t<div class=\"elementor-column elementor-col-100 elementor-top-column elementor-element elementor-element-64d66b3\" data-id=\"64d66b3\" data-element_type=\"column\">\n\t\t\t<div class=\"elementor-widget-wrap elementor-element-populated\">\n\t\t\t\t\t\t\t\t<div class=\"elementor-element elementor-element-ec9735e elementor-widget__width-inherit elementor-widget elementor-widget-image\" data-id=\"ec9735e\" data-element_type=\"widget\" data-widget_type=\"image.default\">\n\t\t\t\t<div class=\"elementor-widget-container\">\n\t\t\t<style>\/*! elementor - v3.17.0 - 08-11-2023 *\/\n.elementor-widget-image{text-align:center}.elementor-widget-image a{display:inline-block}.elementor-widget-image a img[src$=\".svg\"]{width:48px}.elementor-widget-image img{vertical-align:middle;display:inline-block}<\/style>\t\t\t\t\t\t\t\t\t\t\t\t<img loading=\"lazy\" decoding=\"async\" width=\"950\" height=\"534\" src=\"https:\/\/i0.wp.com\/www.trautweingmbh.de\/cms\/wp-content\/uploads\/2021\/12\/Design-ohne-Titel-9.jpg?resize=950%2C534\" class=\"attachment-inspiro-featured-image size-inspiro-featured-image wp-image-7346\" alt=\"\" srcset=\"https:\/\/i0.wp.com\/www.trautweingmbh.de\/cms\/wp-content\/uploads\/2021\/12\/Design-ohne-Titel-9.jpg?w=1920 1920w, https:\/\/i0.wp.com\/www.trautweingmbh.de\/cms\/wp-content\/uploads\/2021\/12\/Design-ohne-Titel-9.jpg?resize=300%2C169 300w, https:\/\/i0.wp.com\/www.trautweingmbh.de\/cms\/wp-content\/uploads\/2021\/12\/Design-ohne-Titel-9.jpg?resize=1024%2C576 1024w, https:\/\/i0.wp.com\/www.trautweingmbh.de\/cms\/wp-content\/uploads\/2021\/12\/Design-ohne-Titel-9.jpg?resize=768%2C432 768w, https:\/\/i0.wp.com\/www.trautweingmbh.de\/cms\/wp-content\/uploads\/2021\/12\/Design-ohne-Titel-9.jpg?resize=1536%2C864 1536w\" sizes=\"auto, 100vw\" data-recalc-dims=\"1\" \/>\t\t\t\t\t\t\t\t\t\t\t\t\t\t\t<\/div>\n\t\t\t\t<\/div>\n\t\t\t\t<div class=\"elementor-element elementor-element-20d9bf7 elementor-widget elementor-widget-text-editor\" data-id=\"20d9bf7\" data-element_type=\"widget\" data-widget_type=\"text-editor.default\">\n\t\t\t\t<div class=\"elementor-widget-container\">\n\t\t\t\t\t\t\t<p style=\"text-align: justify;\">Ebenfalls wird die Schwingfestigkeit, wie bei allen Randschichth\u00e4rteverfahren, durch die Druckeigenspannungen in der Oberfl\u00e4che erh\u00f6ht die dann den Betriebsspannungen entgegenwirkt und die Gefahr der Rissbildung durch Spannungsspitzen senkt. Da nicht alle Eigenschaften gleichzeitig oder in optimaler Weise erreicht werden k\u00f6nnen, steht je nach Anwendungsfall, die eine oder andere Eigenschaft im Vordergrund. Durch das Einsatzh\u00e4rten werden Werkst\u00fcckeigenschaften generiert die mit keinem anderen Verfahren erreicht werden k\u00f6nnen. Somit ist die Einsatzh\u00e4rtung f\u00fcr hochbeanspruchte Teile wie z.B. Antriebswellen oder Zahnr\u00e4der bestens geeignet und verleiht den Bauteilen herausragende Gebrauchseigenschaften.<\/p><p style=\"text-align: justify;\">Das Einsatzh\u00e4rten, in DIN 17022-3 beschrieben, gibt es schon sehr lange und findet auch heute noch h\u00e4ufig Anwendung als W\u00e4rmebehandlungsverfahren. Wurden fr\u00fcher noch die zu behandelnden Teile in K\u00e4sten eingelegt und mit einem Kohlenstoffabgebenden Material (z.B. Kohle) bedeckt, werden die Bauteile\/Werkzeuge heute in Anlagen bearbeitet, die den Kohlenstoff in einer gasf\u00f6rmigen Atmosph\u00e4re oder Fl\u00fcssigkeiten bereit stellen k\u00f6nnen. Dies hat den Vorteil dass der Prozess erheblich besser gesteuert, geregelt, \u00fcberwacht und reproduziert werden kann.<\/p><p style=\"text-align: justify;\">Der thermochemisch wirkende Prozess des Einsatzh\u00e4rtens ist eine Kombination aus drei verschiedenen Arbeitsschritten:<\/p><p style=\"text-align: justify;\">1.\u00a0<a href=\"http:\/\/web.archive.org\/web\/20160801003725\/http:\/\/www.trautweingmbh.de\/cms\/aufkohlen\/\"><strong><span style=\"color: #000080;\">Aufkohlen<\/span><\/strong><\/a>\/Carbonitrieren: Hier wird die kohlenstoffarme Randschicht des Werkstoffs mit Kohlenstoff (beim Aufkohlen) oder mit Kohlenstoff und Stickstoff (beim Carbonitrieren) angereichert, um eine H\u00e4rtung \u00fcberhaupt erst zu erm\u00f6glichen. Dies geschieht bei Temperaturen oberhalb der Ac<sub>3<\/sub>\u00a0Kennlinie (ca. 850\u00b0C \u2013 1050\u00b0C bzw. 650\u00b0C \u2013 1050\u00b0C beim Carbonitrieren) und dauert 1-200 Stunden.<\/p><p style=\"text-align: justify;\">2.\u00a0<a href=\"http:\/\/web.archive.org\/web\/20160801003725\/http:\/\/www.trautweingmbh.de\/cms\/haerten\/\"><span style=\"color: #003366;\"><strong>H\u00e4rten<\/strong><\/span><\/a>: Der Werkstoff wird auf seine spezifische H\u00e4rtetemperatur erw\u00e4rmt und bis zur vollst\u00e4ndigen Durchw\u00e4rmung der Werkst\u00fccke\/Werkzeuge auf dieser Temperatur gehalten. Anschlie\u00dfend werden die Werkst\u00fccke\/Werkzeuge in einem geeigneten Abschreckmedium sehr schnell abgek\u00fchlt. Dies verleiht den Bauteilen ihre gew\u00fcnschten Gebrauchseigenschaften.<\/p><p style=\"text-align: justify;\">3.\u00a0<strong><span style=\"color: #003366;\"><a style=\"color: #003366;\" href=\"http:\/\/web.archive.org\/web\/20160801003725\/http:\/\/www.trautweingmbh.de\/cms\/anlassen-und-tempern\/\">Anlassen<\/a><\/span><\/strong>: Das Werkst\u00fcck wird erneut erw\u00e4rmt, um H\u00e4rterissen durch Spannungen im Gef\u00fcge vorzubeugen und die Anforderungen an die Oberfl\u00e4chenh\u00e4rte einzustellen. Das Anlassen findet bei Temperaturen von 100\u00b0C \u2013 200\u00b0C statt und soll in erster Linie die h\u00f6chsten Spannungen im Gef\u00fcge abbauen und die Schleifrissempfindlichkeit senken.<\/p><p style=\"text-align: justify;\">Die einsatzgeh\u00e4rtete oder aufgekohlte Randschicht ist oft an der Bruchfl\u00e4che der Materialien zu erkennen. Bei dem nachfolgenden Bild ist die einsatzgeh\u00e4rtete Randschicht an einer feink\u00f6rnigen Bruchfl\u00e4che erkennbar.<\/p>\t\t\t\t\t\t<\/div>\n\t\t\t\t<\/div>\n\t\t\t\t\t<\/div>\n\t\t<\/div>\n\t\t\t\t\t\t\t<\/div>\n\t\t<\/section>\n\t\t\t\t<section class=\"elementor-section elementor-top-section elementor-element elementor-element-db5684b elementor-section-boxed elementor-section-height-default elementor-section-height-default\" data-id=\"db5684b\" data-element_type=\"section\">\n\t\t\t\t\t\t<div class=\"elementor-container elementor-column-gap-default\">\n\t\t\t\t\t<div class=\"elementor-column elementor-col-100 elementor-top-column elementor-element elementor-element-77d597f\" data-id=\"77d597f\" data-element_type=\"column\">\n\t\t\t<div class=\"elementor-widget-wrap elementor-element-populated\">\n\t\t\t\t\t\t\t\t<div class=\"elementor-element elementor-element-991d381 elementor-widget elementor-widget-image\" data-id=\"991d381\" data-element_type=\"widget\" data-widget_type=\"image.default\">\n\t\t\t\t<div class=\"elementor-widget-container\">\n\t\t\t\t\t\t\t\t\t\t\t\t\t\t\t<img loading=\"lazy\" decoding=\"async\" width=\"950\" height=\"713\" src=\"https:\/\/i0.wp.com\/www.trautweingmbh.de\/cms\/wp-content\/uploads\/2021\/12\/ofen21.jpg?resize=950%2C713\" class=\"attachment-inspiro-featured-image size-inspiro-featured-image wp-image-6965\" alt=\"\" srcset=\"https:\/\/i0.wp.com\/www.trautweingmbh.de\/cms\/wp-content\/uploads\/2021\/12\/ofen21.jpg?w=1899 1899w, https:\/\/i0.wp.com\/www.trautweingmbh.de\/cms\/wp-content\/uploads\/2021\/12\/ofen21.jpg?resize=300%2C225 300w, https:\/\/i0.wp.com\/www.trautweingmbh.de\/cms\/wp-content\/uploads\/2021\/12\/ofen21.jpg?resize=1024%2C768 1024w, https:\/\/i0.wp.com\/www.trautweingmbh.de\/cms\/wp-content\/uploads\/2021\/12\/ofen21.jpg?resize=768%2C576 768w, https:\/\/i0.wp.com\/www.trautweingmbh.de\/cms\/wp-content\/uploads\/2021\/12\/ofen21.jpg?resize=1536%2C1153 1536w\" sizes=\"auto, 100vw\" data-recalc-dims=\"1\" \/>\t\t\t\t\t\t\t\t\t\t\t\t\t\t\t<\/div>\n\t\t\t\t<\/div>\n\t\t\t\t\t<\/div>\n\t\t<\/div>\n\t\t\t\t\t\t\t<\/div>\n\t\t<\/section>\n\t\t\t\t\t\t\t<\/div>\n\t\t","protected":false},"excerpt":{"rendered":"<p>EINSATZH\u00c4RTEN Ziel und Zweck beim Einsatzh\u00e4rten ist es kohlenstoffarmen St\u00e4hlen (die Aufgrund des geringen Kohlenstoffanteils von \u2264 0,25% nicht h\u00e4rtbar sind), eine verschlei\u00dfbest\u00e4ndige Oberfl\u00e4che zu verleihen. Diese Materialien finden wegen ihrer guten plastischen Verformbarkeit, Zerspanbarkeit und Schwei\u00dfbarkeit h\u00e4ufig Verwendung. Zus\u00e4tzlich zu diesen Eigenschaften wird eine hohe Randfestigkeit gefordert die eigentlich im Widerspruch zu den anderen &hellip; <\/p>\n<p class=\"link-more\"><a href=\"http:\/\/www.trautweingmbh.de\/cms\/einsatzhaerten-und-vergueten\/\" class=\"more-link\">Mehr <span class=\"screen-reader-text\">\u00fcber &#8222;Einsatzh\u00e4rten&#8220; <\/span>Lesen<\/a><\/p>\n","protected":false},"author":2,"featured_media":0,"parent":0,"menu_order":0,"comment_status":"closed","ping_status":"closed","template":"","meta":{"_mi_skip_tracking":false,"_monsterinsights_sitenote_active":false,"_monsterinsights_sitenote_note":"","_monsterinsights_sitenote_category":0,"footnotes":""},"class_list":["post-128","page","type-page","status-publish","hentry"],"yoast_head":"<!-- This site is optimized with the Yoast SEO plugin v21.5 - https:\/\/yoast.com\/wordpress\/plugins\/seo\/ -->\n<title>Einsatzh\u00e4rten - hier bei uns bei der H\u00e4rterei Trautwein GmbH<\/title>\n<meta name=\"description\" content=\"Ziel und Zweck beim Einsatzh\u00e4rten ist es kohlenstoffarmen St\u00e4hlen eine verschlei\u00dfbest\u00e4ndige Oberfl\u00e4che zu verleihen. Diese Materialien finden wegen ihrer...\" \/>\n<meta name=\"robots\" content=\"index, follow, max-snippet:-1, max-image-preview:large, max-video-preview:-1\" \/>\n<link rel=\"canonical\" href=\"http:\/\/www.trautweingmbh.de\/cms\/einsatzhaerten-und-vergueten\/\" \/>\n<meta property=\"og:locale\" content=\"de_DE\" \/>\n<meta property=\"og:type\" content=\"article\" \/>\n<meta property=\"og:title\" content=\"Einsatzh\u00e4rten - hier bei uns bei der H\u00e4rterei Trautwein GmbH\" \/>\n<meta property=\"og:description\" content=\"Ziel und Zweck beim Einsatzh\u00e4rten ist es kohlenstoffarmen St\u00e4hlen eine verschlei\u00dfbest\u00e4ndige Oberfl\u00e4che zu verleihen. Diese Materialien finden wegen ihrer...\" \/>\n<meta property=\"og:url\" content=\"http:\/\/www.trautweingmbh.de\/cms\/einsatzhaerten-und-vergueten\/\" \/>\n<meta property=\"og:site_name\" content=\"H\u00e4rterei Trautwein GmbH\" \/>\n<meta property=\"article:modified_time\" content=\"2021-12-25T13:47:05+00:00\" \/>\n<meta property=\"og:image\" content=\"http:\/\/www.trautweingmbh.de\/cms\/wp-content\/uploads\/2021\/12\/Design-ohne-Titel-9.jpg\" \/>\n<meta name=\"twitter:card\" content=\"summary_large_image\" \/>\n<meta name=\"twitter:label1\" content=\"Gesch\u00e4tzte Lesezeit\" \/>\n\t<meta name=\"twitter:data1\" content=\"3\u00a0Minuten\" \/>\n<script type=\"application\/ld+json\" class=\"yoast-schema-graph\">{\"@context\":\"https:\/\/schema.org\",\"@graph\":[{\"@type\":\"WebPage\",\"@id\":\"http:\/\/www.trautweingmbh.de\/cms\/einsatzhaerten-und-vergueten\/\",\"url\":\"http:\/\/www.trautweingmbh.de\/cms\/einsatzhaerten-und-vergueten\/\",\"name\":\"Einsatzh\u00e4rten - hier bei uns bei der H\u00e4rterei Trautwein GmbH\",\"isPartOf\":{\"@id\":\"http:\/\/www.trautweingmbh.de\/cms\/#website\"},\"datePublished\":\"2015-07-03T19:45:21+00:00\",\"dateModified\":\"2021-12-25T13:47:05+00:00\",\"description\":\"Ziel und Zweck beim Einsatzh\u00e4rten ist es kohlenstoffarmen St\u00e4hlen eine verschlei\u00dfbest\u00e4ndige Oberfl\u00e4che zu verleihen. Diese Materialien finden wegen ihrer...\",\"breadcrumb\":{\"@id\":\"http:\/\/www.trautweingmbh.de\/cms\/einsatzhaerten-und-vergueten\/#breadcrumb\"},\"inLanguage\":\"de\",\"potentialAction\":[{\"@type\":\"ReadAction\",\"target\":[\"http:\/\/www.trautweingmbh.de\/cms\/einsatzhaerten-und-vergueten\/\"]}]},{\"@type\":\"BreadcrumbList\",\"@id\":\"http:\/\/www.trautweingmbh.de\/cms\/einsatzhaerten-und-vergueten\/#breadcrumb\",\"itemListElement\":[{\"@type\":\"ListItem\",\"position\":1,\"name\":\"Home\",\"item\":\"http:\/\/www.trautweingmbh.de\/cms\/\"},{\"@type\":\"ListItem\",\"position\":2,\"name\":\"Einsatzh\u00e4rten\"}]},{\"@type\":\"WebSite\",\"@id\":\"http:\/\/www.trautweingmbh.de\/cms\/#website\",\"url\":\"http:\/\/www.trautweingmbh.de\/cms\/\",\"name\":\"H\u00e4rterei Trautwein GmbH\",\"description\":\"W\u00e4rmebehandlung von Metallen | Oberfl\u00e4chenveredelung\",\"publisher\":{\"@id\":\"http:\/\/www.trautweingmbh.de\/cms\/#organization\"},\"potentialAction\":[{\"@type\":\"SearchAction\",\"target\":{\"@type\":\"EntryPoint\",\"urlTemplate\":\"http:\/\/www.trautweingmbh.de\/cms\/?s={search_term_string}\"},\"query-input\":\"required name=search_term_string\"}],\"inLanguage\":\"de\"},{\"@type\":\"Organization\",\"@id\":\"http:\/\/www.trautweingmbh.de\/cms\/#organization\",\"name\":\"Trautwein GmbH\",\"url\":\"http:\/\/www.trautweingmbh.de\/cms\/\",\"logo\":{\"@type\":\"ImageObject\",\"inLanguage\":\"de\",\"@id\":\"http:\/\/www.trautweingmbh.de\/cms\/#\/schema\/logo\/image\/\",\"url\":\"http:\/\/www.trautweingmbh.de\/cms\/wp-content\/uploads\/2013\/08\/Logo_m.gif\",\"contentUrl\":\"http:\/\/www.trautweingmbh.de\/cms\/wp-content\/uploads\/2013\/08\/Logo_m.gif\",\"width\":360,\"height\":55,\"caption\":\"Trautwein GmbH\"},\"image\":{\"@id\":\"http:\/\/www.trautweingmbh.de\/cms\/#\/schema\/logo\/image\/\"}}]}<\/script>\n<!-- \/ Yoast SEO plugin. -->","yoast_head_json":{"title":"Einsatzh\u00e4rten - hier bei uns bei der H\u00e4rterei Trautwein GmbH","description":"Ziel und Zweck beim Einsatzh\u00e4rten ist es kohlenstoffarmen St\u00e4hlen eine verschlei\u00dfbest\u00e4ndige Oberfl\u00e4che zu verleihen. Diese Materialien finden wegen ihrer...","robots":{"index":"index","follow":"follow","max-snippet":"max-snippet:-1","max-image-preview":"max-image-preview:large","max-video-preview":"max-video-preview:-1"},"canonical":"http:\/\/www.trautweingmbh.de\/cms\/einsatzhaerten-und-vergueten\/","og_locale":"de_DE","og_type":"article","og_title":"Einsatzh\u00e4rten - hier bei uns bei der H\u00e4rterei Trautwein GmbH","og_description":"Ziel und Zweck beim Einsatzh\u00e4rten ist es kohlenstoffarmen St\u00e4hlen eine verschlei\u00dfbest\u00e4ndige Oberfl\u00e4che zu verleihen. Diese Materialien finden wegen ihrer...","og_url":"http:\/\/www.trautweingmbh.de\/cms\/einsatzhaerten-und-vergueten\/","og_site_name":"H\u00e4rterei Trautwein GmbH","article_modified_time":"2021-12-25T13:47:05+00:00","og_image":[{"url":"http:\/\/www.trautweingmbh.de\/cms\/wp-content\/uploads\/2021\/12\/Design-ohne-Titel-9.jpg"}],"twitter_card":"summary_large_image","twitter_misc":{"Gesch\u00e4tzte Lesezeit":"3\u00a0Minuten"},"schema":{"@context":"https:\/\/schema.org","@graph":[{"@type":"WebPage","@id":"http:\/\/www.trautweingmbh.de\/cms\/einsatzhaerten-und-vergueten\/","url":"http:\/\/www.trautweingmbh.de\/cms\/einsatzhaerten-und-vergueten\/","name":"Einsatzh\u00e4rten - hier bei uns bei der H\u00e4rterei Trautwein GmbH","isPartOf":{"@id":"http:\/\/www.trautweingmbh.de\/cms\/#website"},"datePublished":"2015-07-03T19:45:21+00:00","dateModified":"2021-12-25T13:47:05+00:00","description":"Ziel und Zweck beim Einsatzh\u00e4rten ist es kohlenstoffarmen St\u00e4hlen eine verschlei\u00dfbest\u00e4ndige Oberfl\u00e4che zu verleihen. Diese Materialien finden wegen ihrer...","breadcrumb":{"@id":"http:\/\/www.trautweingmbh.de\/cms\/einsatzhaerten-und-vergueten\/#breadcrumb"},"inLanguage":"de","potentialAction":[{"@type":"ReadAction","target":["http:\/\/www.trautweingmbh.de\/cms\/einsatzhaerten-und-vergueten\/"]}]},{"@type":"BreadcrumbList","@id":"http:\/\/www.trautweingmbh.de\/cms\/einsatzhaerten-und-vergueten\/#breadcrumb","itemListElement":[{"@type":"ListItem","position":1,"name":"Home","item":"http:\/\/www.trautweingmbh.de\/cms\/"},{"@type":"ListItem","position":2,"name":"Einsatzh\u00e4rten"}]},{"@type":"WebSite","@id":"http:\/\/www.trautweingmbh.de\/cms\/#website","url":"http:\/\/www.trautweingmbh.de\/cms\/","name":"H\u00e4rterei Trautwein GmbH","description":"W\u00e4rmebehandlung von Metallen | Oberfl\u00e4chenveredelung","publisher":{"@id":"http:\/\/www.trautweingmbh.de\/cms\/#organization"},"potentialAction":[{"@type":"SearchAction","target":{"@type":"EntryPoint","urlTemplate":"http:\/\/www.trautweingmbh.de\/cms\/?s={search_term_string}"},"query-input":"required name=search_term_string"}],"inLanguage":"de"},{"@type":"Organization","@id":"http:\/\/www.trautweingmbh.de\/cms\/#organization","name":"Trautwein GmbH","url":"http:\/\/www.trautweingmbh.de\/cms\/","logo":{"@type":"ImageObject","inLanguage":"de","@id":"http:\/\/www.trautweingmbh.de\/cms\/#\/schema\/logo\/image\/","url":"http:\/\/www.trautweingmbh.de\/cms\/wp-content\/uploads\/2013\/08\/Logo_m.gif","contentUrl":"http:\/\/www.trautweingmbh.de\/cms\/wp-content\/uploads\/2013\/08\/Logo_m.gif","width":360,"height":55,"caption":"Trautwein GmbH"},"image":{"@id":"http:\/\/www.trautweingmbh.de\/cms\/#\/schema\/logo\/image\/"}}]}},"jetpack_sharing_enabled":true,"_links":{"self":[{"href":"http:\/\/www.trautweingmbh.de\/cms\/wp-json\/wp\/v2\/pages\/128","targetHints":{"allow":["GET"]}}],"collection":[{"href":"http:\/\/www.trautweingmbh.de\/cms\/wp-json\/wp\/v2\/pages"}],"about":[{"href":"http:\/\/www.trautweingmbh.de\/cms\/wp-json\/wp\/v2\/types\/page"}],"author":[{"embeddable":true,"href":"http:\/\/www.trautweingmbh.de\/cms\/wp-json\/wp\/v2\/users\/2"}],"replies":[{"embeddable":true,"href":"http:\/\/www.trautweingmbh.de\/cms\/wp-json\/wp\/v2\/comments?post=128"}],"version-history":[{"count":115,"href":"http:\/\/www.trautweingmbh.de\/cms\/wp-json\/wp\/v2\/pages\/128\/revisions"}],"predecessor-version":[{"id":7359,"href":"http:\/\/www.trautweingmbh.de\/cms\/wp-json\/wp\/v2\/pages\/128\/revisions\/7359"}],"wp:attachment":[{"href":"http:\/\/www.trautweingmbh.de\/cms\/wp-json\/wp\/v2\/media?parent=128"}],"curies":[{"name":"wp","href":"https:\/\/api.w.org\/{rel}","templated":true}]}}